{"id":3597,"date":"2024-11-15T08:20:17","date_gmt":"2024-11-15T08:20:17","guid":{"rendered":"https:\/\/aliena.ch\/?page_id=3597"},"modified":"2025-09-09T13:27:18","modified_gmt":"2025-09-09T13:27:18","slug":"servicii-oferite","status":"publish","type":"page","link":"https:\/\/aliena.ch\/ro\/servicii-oferite\/","title":{"rendered":"Servicii oferite"},"content":{"rendered":"\n<div class=\"custom-css-block\"><style>.aagb_accordion_f8d0bf57-41ed-43fd-baa0-bfc3aa8debb8 {   }<\/style><\/div><style>\n        .aagb_accordion_f8d0bf57-41ed-43fd-baa0-bfc3aa8debb8 .aagb__accordion_active .aagb__accordion_body {\n            \n        }\n        .aagb_accordion_f8d0bf57-41ed-43fd-baa0-bfc3aa8debb8 .aagb__accordion_container.wp-block-aab-accordion-item .aagb__accordion_head {\n          background-color: #bcb6b638;\n          \n          border-top: none; border-right: none; border-bottom: none; border-left: none;\n          \n        }\n        .aagb_accordion_f8d0bf57-41ed-43fd-baa0-bfc3aa8debb8 .aagb__accordion_container.wp-block-aab-accordion-item .aagb__accordion_body {\n          \n          \n          \n          border-top: 1px solid #bcb6b638; border-right: none; border-bottom: none; border-left: none;\n          \n        }\n        \n        .aagb_accordion_f8d0bf57-41ed-43fd-baa0-bfc3aa8debb8 .wp-block-aab-accordion-item .aagb__accordion_subheading {\n          margin: 5px 0 0 0;\n          \n        }\n        .aagb_accordion_f8d0bf57-41ed-43fd-baa0-bfc3aa8debb8 .wp-block-aab-accordion-item .aagb__accordion_icon {\n          \n          \n        }\n        .aagb_accordion_f8d0bf57-41ed-43fd-baa0-bfc3aa8debb8 .wp-block-aab-accordion-item .aagb__icon {\n          font-size: 23px;\n        }\n        .aagb_accordion_f8d0bf57-41ed-43fd-baa0-bfc3aa8debb8 .aagb__accordion_title {\n          margin: 0;\n          \n        }\n        .aagb_accordion_f8d0bf57-41ed-43fd-baa0-bfc3aa8debb8 .aagb__accordion_container {\n          border: 1px solid #bcb6b638;\n          margin-top: 0px;\n          margin-bottom: 15px;\n          \n        }\n          .aagb_accordion_f8d0bf57-41ed-43fd-baa0-bfc3aa8debb8 .aagb__accordion_number{\n            \n        }\n        .aagb_accordion_f8d0bf57-41ed-43fd-baa0-bfc3aa8debb8 .wp-block-aab-accordion-item .aagb__accordion_subheading{\n           false\n        }\n\n        .aagb_accordion_f8d0bf57-41ed-43fd-baa0-bfc3aa8debb8 .aab-step-progress{\n          background-color: #dfd2d2;\n        }\n            \n        .aagb_accordion_f8d0bf57-41ed-43fd-baa0-bfc3aa8debb8 .aab-step-progress-bar {\n          background-color: #1570ec;\n        }\n\n        .aagb_accordion_f8d0bf57-41ed-43fd-baa0-bfc3aa8debb8 .aagb__accordion_number{\n          \n        }\n        .aagb_accordion_f8d0bf57-41ed-43fd-baa0-bfc3aa8debb8 .aab-progress-bar-container{\n          background-color: #f0f0f0;\n        }\n        .aagb_accordion_f8d0bf57-41ed-43fd-baa0-bfc3aa8debb8 .aab-progress-bar {\n            background-color: #0866ff;\n        }\n        \n       .aagb__group_accordion_container.has_img {\n            \n            flex-direction: row;\n        }\n      \n          .aagb_accordion_f8d0bf57-41ed-43fd-baa0-bfc3aa8debb8 .aagb__accordion_container {\n            transition-duration: 0ms !important;\n            outline: 2px solid #00000000;\n          }\n          .aagb_accordion_f8d0bf57-41ed-43fd-baa0-bfc3aa8debb8 .aagb__accordion_container:focus-visible {\n            outline: 2px solid #C2DBFE;\n          }\n        <\/style><div class=\"wp-block-aab-group-accordion searchable aagb_accordion_f8d0bf57-41ed-43fd-baa0-bfc3aa8debb8 click false\" id=\"group-accordion-f8d0bf57-41ed-43fd-baa0-bfc3aa8debb8\">\n<div class=\"wp-block-aab-accordion-item aagb__accordion_container panel\" data-autoplay=\"false\" data-duration=\"3000\" data-progress-bar-direction=\"horizontal\" data-feature-image-url=\"\" data-auto-numbering=\"false\" data-progress-bar-on=\"false\" tabindex=\"0\"><div class=\"aagb__accordion_head aagb_right_icon  \" data-active=\"false\"><div class=\"aagb__accordion_heading aagb_right_icon aagb_right_link\"><div class=\"head_content_wrapper\"><div class=\"title_wrapper\"><h5 class=\"aagb__accordion_title\">Ai \u00eentreb\u0103ri \u2013 indiferent care \u2013 sau e\u0219ti \u00een c\u0103utare de informa\u021bii sau sprijin?<\/h5><\/div><\/div><\/div><div class=\"aagb__accordion_icon\"><div class=\"aagb__icon_dashicons_box\"><span class=\"aagb__icon dashicons dashicons-plus-alt2\"><\/span><\/div><\/div><\/div><div class=\"aagb__accordion_body   \" role=\"region\"><div class=\"aagb__accordion_component \">\n<p>Suntem bucuroase s\u0103 te consiliem personal, prin telefon sau \u00een scris. Consilierea noastr\u0103 este gratuit\u0103, anonim\u0103 \u0219i confiden\u021bial\u0103. Oferim consiliere \u00een limbile german\u0103, englez\u0103, francez\u0103, italian\u0103, spaniol\u0103 \u0219i polonez\u0103 \u0219i \u00een caz de nevoie lucr\u0103m cu traduc\u0103toare. Dac\u0103 este necesar, te putem \u00eendruma \u0219i \u00eenso\u021bi la alte centre \u0219i speciali\u0219ti.<br>Indiferent de \u00eentrebarea pe care o ai, nu ezita s\u0103 ne contactezi.<\/p>\n<\/div><\/div><\/div>\n\n\n\n<div class=\"wp-block-aab-accordion-item aagb__accordion_container panel\" data-autoplay=\"false\" data-duration=\"3000\" data-progress-bar-direction=\"horizontal\" data-feature-image-url=\"\" data-auto-numbering=\"false\" data-progress-bar-on=\"false\" tabindex=\"0\"><div class=\"aagb__accordion_head aab_right_icon  \" data-active=\"false\"><div class=\"aagb__accordion_heading aab_right_icon aagb_right_link\"><div class=\"head_content_wrapper\"><div class=\"title_wrapper\"><h5 class=\"aagb__accordion_title\">DVrei s\u0103 \u00eenve\u021bi limba german\u0103?<\/h5><\/div><\/div><\/div><div class=\"aagb__accordion_icon\"><div class=\"aagb__icon_dashicons_box\"><span class=\"aagb__icon dashicons dashicons-plus-alt2\"><\/span><\/div><\/div><\/div><div class=\"aagb__accordion_body   \" role=\"region\"><div class=\"aagb__accordion_component \">\n<p>Oferim cursuri gratuite de limba german\u0103. Aici po\u021bi \u00eenv\u0103\u021ba cuvinte \u0219i expresii utile pentru via\u021ba de zi cu zi \u00een Basel \u0219i pentru contactul cu clien\u021bii sau operatorii salonului.<br>Te po\u021bi \u00eenscrie oric\u00e2nd.<\/p>\n<\/div><\/div><\/div>\n\n\n\n<div class=\"wp-block-aab-accordion-item aagb__accordion_container panel\" data-autoplay=\"false\" data-duration=\"3000\" data-progress-bar-direction=\"horizontal\" data-feature-image-url=\"\" data-auto-numbering=\"false\" data-progress-bar-on=\"false\" tabindex=\"0\"><div class=\"aagb__accordion_head aab_right_icon  \" data-active=\"false\"><div class=\"aagb__accordion_heading aab_right_icon aagb_right_link\"><div class=\"head_content_wrapper\"><div class=\"title_wrapper\"><h5 class=\"aagb__accordion_title\">Te sim\u021bi bolnav\u0103?<\/h5><\/div><\/div><\/div><div class=\"aagb__accordion_icon\"><div class=\"aagb__icon_dashicons_box\"><span class=\"aagb__icon dashicons dashicons-plus-alt2\"><\/span><\/div><\/div><\/div><div class=\"aagb__accordion_body   \" role=\"region\"><div class=\"aagb__accordion_component \">\n<p>Ai dureri? E\u0219ti \u00eens\u0103rcinat\u0103 sau nu e\u0219ti sigur\u0103 dac\u0103 e\u0219ti \u00eens\u0103rcinat\u0103? Dore\u0219ti s\u0103 fi testat\u0103 pentru infec\u021biile cu transmitere sexual\u0103 sau HIV? Trebuie s\u0103 iei medicamente eliberate pe baz\u0103 de re\u021bet\u0103, dar nu ai suficiente la tine pentru \u0219ederea \u00een Basel? Te sim\u021bi deprimat\u0103 sau suferi de nervozitate, anxietate sau tensiune psihic\u0103?<br>Noi te putem \u00eendruma sau \u00eenso\u021bi cu u\u0219urin\u021b\u0103 c\u0103tre un medic. Acolo po\u021bi fi examinat\u0103 \u0219i, dac\u0103 este necesar, po\u021bi primi o re\u021bet\u0103 pentru medicamente.<br>Dac\u0103 nu ai asigurare de s\u0103n\u0103tate \u00een Elve\u021bia, vom g\u0103si o solu\u021bie.<\/p>\n<\/div><\/div><\/div>\n\n\n\n<div class=\"wp-block-aab-accordion-item aagb__accordion_container panel\" data-autoplay=\"false\" data-duration=\"3000\" data-progress-bar-direction=\"horizontal\" data-feature-image-url=\"\" data-auto-numbering=\"false\" data-progress-bar-on=\"false\" tabindex=\"0\"><div class=\"aagb__accordion_head aab_right_icon  \" data-active=\"false\"><div class=\"aagb__accordion_heading aab_right_icon aagb_right_link\"><div class=\"head_content_wrapper\"><div class=\"title_wrapper\"><h5 class=\"aagb__accordion_title\">Dore\u0219ti s\u0103 \u00eenve\u021bi strategii de siguran\u021b\u0103 \u0219i ap\u0103rare?<\/h5><\/div><\/div><\/div><div class=\"aagb__accordion_icon\"><div class=\"aagb__icon_dashicons_box\"><span class=\"aagb__icon dashicons dashicons-plus-alt2\"><\/span><\/div><\/div><\/div><div class=\"aagb__accordion_body   \" role=\"region\"><div class=\"aagb__accordion_component \">\n<ol class=\"wp-block-list\">\n<li>Dore\u0219ti s\u0103 \u00eenve\u021bi cum s\u0103 stabile\u0219ti limite cu fermitate \u0219i s\u0103 te aperi fizic \u00een situa\u021bii violente?<br>Atunci vino la Workshop-ul de autoap\u0103rare: 29 octombrie 2025, orele 13:00 &#8211; 14:00.<\/li>\n\n\n\n<li>E\u0219ti interesat\u0103 s\u0103 \u00eenve\u021bi diferite strategii de siguran\u021b\u0103 \u0219i ap\u0103rare pentru munca ta? Dore\u0219ti ca o lucr\u0103toare sexual\u0103 cu experien\u021b\u0103 s\u0103 \u00ee\u021bi arate cum te po\u021bi ap\u0103ra \u00een situa\u021bii critice?<br>Atunci vino la Workshop: 2025, orele 13:00 &#8211; 14:00.<\/li>\n\n\n\n<li>Dore\u0219ti s\u0103 afli cum s\u0103 efectuezi un apel de urgen\u021b\u0103 \u0219i care este procedura de denun\u021bare? Dore\u0219ti s\u0103 afli mai multe despre drepturile tale ca victim\u0103 a unei infrac\u021biuni cu violen\u021b\u0103?<br>Atunci vino la Workshop-ul cu Poli\u021bia Cantonal\u0103 din Basel-Stadt: 9 aprilie 2025, orele 13:00 &#8211; 14:00.<br>Dac\u0103 este necesar, vom traduce cu pl\u0103cere sau organiz\u0103m o traducere.<\/li>\n<\/ol>\n<\/div><\/div><\/div>\n\n\n\n<div class=\"wp-block-aab-accordion-item aagb__accordion_container panel\" data-autoplay=\"false\" data-duration=\"3000\" data-progress-bar-direction=\"horizontal\" data-feature-image-url=\"\" data-auto-numbering=\"false\" data-progress-bar-on=\"false\" tabindex=\"0\"><div class=\"aagb__accordion_head aab_right_icon  \" data-active=\"false\"><div class=\"aagb__accordion_heading aab_right_icon aagb_right_link\"><div class=\"head_content_wrapper\"><div class=\"title_wrapper\"><h5 class=\"aagb__accordion_title\">Ai chef de o pauz\u0103 cu o mas\u0103 \u0219i o discu\u021bie?<\/h5><\/div><\/div><\/div><div class=\"aagb__accordion_icon\"><div class=\"aagb__icon_dashicons_box\"><span class=\"aagb__icon dashicons dashicons-plus-alt2\"><\/span><\/div><\/div><\/div><div class=\"aagb__accordion_body   \" role=\"region\"><div class=\"aagb__accordion_component \">\n<p><strong>Locul de \u00eent\u00e2lnire la pr\u00e2nz<\/strong><br>Dore\u0219ti s\u0103 \u00ee\u021bi faci cuno\u0219tin\u021be noi? S\u0103 o cuno\u0219ti mai bine pe Aliena? Sau s\u0103 te r\u0103sf\u0103\u021be\u0219ti cu o mic\u0103 pauz\u0103? \u00cen fiecare miercuri oferim gratuit un pr\u00e2nz proasp\u0103t g\u0103tit.<br>\u00cen acela\u0219i timp, exist\u0103 posibilitatea de a profita de un masaj corporal profesional la fiecare dou\u0103 s\u0103pt\u0103m\u00e2ni.<br>O dat\u0103 pe lun\u0103, personalul de la Rahab (Armata Salv\u0103rii) \u0219i de la \u201eSiTa Consiliere pastoral\u0103 \u00een subiectele tabu\u201c (Biserica Romano-Catolic\u0103) ofer\u0103 consiliere pastoral\u0103. Cu ele po\u021bi s\u0103 vorbe\u0219ti, s\u0103 te rogi \u0219i\/sau s\u0103 faci ceva creativ.<\/p>\n\n\n\n<p><strong>Open House<\/strong><br>Ai nevoie de o scurt\u0103 pauz\u0103?<br>Treci pe la noi \u00een timpul programului de lucru \u0219i relaxeaz\u0103-te \u00eentr-o atmosfer\u0103 lini\u0219tit\u0103 cu ceai, cafea sau o b\u0103utur\u0103 rece. Dac\u0103 ai o \u00eentrebare, discut\u0103m cu pl\u0103cere cu tine sau stabilim o dat\u0103 pentru \u00eent\u00e2lnire.<\/p>\n<\/div><\/div><\/div>\n\n\n\n<div class=\"wp-block-aab-accordion-item aagb__accordion_container panel\" data-autoplay=\"false\" data-duration=\"3000\" data-progress-bar-direction=\"horizontal\" data-feature-image-url=\"\" data-auto-numbering=\"false\" data-progress-bar-on=\"false\" tabindex=\"0\"><div class=\"aagb__accordion_head aab_right_icon  \" data-active=\"false\"><div class=\"aagb__accordion_heading aab_right_icon aagb_right_link\"><div class=\"head_content_wrapper\"><div class=\"title_wrapper\"><h5 class=\"aagb__accordion_title\">Trebuie s\u0103 ridici confirmarea de \u00eenregistrare de la Aliena?<\/h5><\/div><\/div><\/div><div class=\"aagb__accordion_icon\"><div class=\"aagb__icon_dashicons_box\"><span class=\"aagb__icon dashicons dashicons-plus-alt2\"><\/span><\/div><\/div><\/div><div class=\"aagb__accordion_body   \" role=\"region\"><div class=\"aagb__accordion_component \">\n<p>Confirmarea de \u00eenregistrare<br>Programul de lucru al Oficiului pentru Afaceri Economice \u0219i Ocuparea For\u021bei de Munc\u0103 (Amt f\u00fcr Wirtschaft und Arbeit, AWA) la Aliena: luni, miercuri \u0219i vineri \u00eentre orele 9.00 \u0219i 12.00.<\/p>\n\n\n\n<p>Suntem bucuroase s\u0103 fim al\u0103turi de tine \u00een timpul acesta. Te inform\u0103m cu privire la drepturile \u0219i obliga\u021biile tale, \u00ee\u021bi prezent\u0103m serviciile oferite de Aliena \u0219i \u00ee\u021bi furniz\u0103m adrese de contact \u00een Basel, de exemplu, numerele de telefon de urgen\u021b\u0103 ale punctelor de informare sociale \u0219i medicale. Dac\u0103 ai \u00eentreb\u0103ri sau ai nevoie de sprijin, putem discuta acest lucru direct sau putem stabili o \u00eent\u00e2lnire.<\/p>\n<\/div><\/div><\/div>\n\n\n\n<div class=\"wp-block-aab-accordion-item aagb__accordion_container panel\" data-autoplay=\"false\" data-duration=\"3000\" data-progress-bar-direction=\"horizontal\" data-feature-image-url=\"\" data-auto-numbering=\"false\" data-progress-bar-on=\"false\" tabindex=\"0\"><div class=\"aagb__accordion_head aab_right_icon  \" data-active=\"false\"><div class=\"aagb__accordion_heading aab_right_icon aagb_right_link\"><div class=\"head_content_wrapper\"><div class=\"title_wrapper\"><h5 class=\"aagb__accordion_title\">Ai nevoie de un loc unde s\u0103 te retragi \u0219i s\u0103 te relaxezi?<\/h5><\/div><\/div><\/div><div class=\"aagb__accordion_icon\"><div class=\"aagb__icon_dashicons_box\"><span class=\"aagb__icon dashicons dashicons-plus-alt2\"><\/span><\/div><\/div><\/div><div class=\"aagb__accordion_body   \" role=\"region\"><div class=\"aagb__accordion_component \">\n<p>\u00cen timpul programului de lucru al centrului nostru de consiliere, te po\u021bi retrage \u00eentr-o camer\u0103 mobilat\u0103 confortabil \u0219i te po\u021bi relaxa acolo.<\/p>\n<\/div><\/div><\/div>\n\n\n\n<div class=\"wp-block-aab-accordion-item aagb__accordion_container panel\" data-autoplay=\"false\" data-duration=\"3000\" data-progress-bar-direction=\"horizontal\" data-feature-image-url=\"\" data-auto-numbering=\"false\" data-progress-bar-on=\"false\" tabindex=\"0\"><div class=\"aagb__accordion_head aab_right_icon  \" data-active=\"false\"><div class=\"aagb__accordion_heading aab_right_icon aagb_right_link\"><div class=\"head_content_wrapper\"><div class=\"title_wrapper\"><h5 class=\"aagb__accordion_title\">\u00ce\u021bi lipse\u0219te ceva din oferta de la Aliena?<\/h5><\/div><\/div><\/div><div class=\"aagb__accordion_icon\"><div class=\"aagb__icon_dashicons_box\"><span class=\"aagb__icon dashicons dashicons-plus-alt2\"><\/span><\/div><\/div><\/div><div class=\"aagb__accordion_body   \" role=\"region\"><div class=\"aagb__accordion_component \">\n<p>Ne bucur\u0103m pentru feedbackul t\u0103u. Po\u021bi s\u0103 ne trimi\u021bi un E-mail, s\u0103 ne suni sau s\u0103 ne scrii prin formularul de contact. Toate datele g\u0103se\u0219ti la sec\u021biunea ,,Contact\u2019\u2019.<\/p>\n<\/div><\/div><\/div>\n<\/div>\n","protected":false},"excerpt":{"rendered":"","protected":false},"author":1,"featured_media":0,"parent":0,"menu_order":0,"comment_status":"closed","ping_status":"closed","template":"","meta":{"_genesis_block_theme_hide_title":false,"footnotes":""},"class_list":["post-3597","page","type-page","status-publish","hentry","post","without-featured-image"],"_links":{"self":[{"href":"https:\/\/aliena.ch\/ro\/wp-json\/wp\/v2\/pages\/3597","targetHints":{"allow":["GET"]}}],"collection":[{"href":"https:\/\/aliena.ch\/ro\/wp-json\/wp\/v2\/pages"}],"about":[{"href":"https:\/\/aliena.ch\/ro\/wp-json\/wp\/v2\/types\/page"}],"author":[{"embeddable":true,"href":"https:\/\/aliena.ch\/ro\/wp-json\/wp\/v2\/users\/1"}],"replies":[{"embeddable":true,"href":"https:\/\/aliena.ch\/ro\/wp-json\/wp\/v2\/comments?post=3597"}],"version-history":[{"count":4,"href":"https:\/\/aliena.ch\/ro\/wp-json\/wp\/v2\/pages\/3597\/revisions"}],"predecessor-version":[{"id":4048,"href":"https:\/\/aliena.ch\/ro\/wp-json\/wp\/v2\/pages\/3597\/revisions\/4048"}],"wp:attachment":[{"href":"https:\/\/aliena.ch\/ro\/wp-json\/wp\/v2\/media?parent=3597"}],"curies":[{"name":"wp","href":"https:\/\/api.w.org\/{rel}","templated":true}]}}