{"id":1236,"date":"2021-07-30T07:29:53","date_gmt":"2021-07-30T07:29:53","guid":{"rendered":"http:\/\/h189665.web1.servicehoster.ch\/?page_id=1236"},"modified":"2024-11-21T14:47:42","modified_gmt":"2024-11-21T14:47:42","slug":"contact","status":"publish","type":"page","link":"https:\/\/aliena.ch\/ro\/contact\/","title":{"rendered":"Contact"},"content":{"rendered":"\n<h3 class=\"wp-block-heading has-contrast-color has-text-color has-link-color has-large-font-size wp-elements-cfa725f2f14b57ca4abe365be590cf77\">Aliena &#8211; Centrul de specialitate pentru femeile care lucreaz\u0103 \u00een industria sexului<\/h3>\n\n\n\n<div class=\"wp-block-columns is-layout-flex wp-container-core-columns-is-layout-28f84493 wp-block-columns-is-layout-flex\">\n<div class=\"wp-block-column is-layout-flow wp-block-column-is-layout-flow\">\n<div class=\"wp-block-group has-global-padding is-layout-constrained wp-container-core-group-is-layout-cb9c5c10 wp-block-group-is-layout-constrained\" style=\"padding-right:0;padding-left:0\">\n<div class=\"wp-block-group is-nowrap is-layout-flex wp-container-core-group-is-layout-f1189ed3 wp-block-group-is-layout-flex\">\n<div class=\"wp-block-outermost-icon-block\"><div class=\"icon-container\" style=\"width:25px;transform:rotate(0deg) scaleX(1) scaleY(1)\"><svg fill=\"#000000\" viewBox=\"0 0 32 32\" version=\"1.1\" xmlns=\"http:\/\/www.w3.org\/2000\/svg\"><g id=\"SVGRepo_bgCarrier\" stroke-width=\"0\"><\/g><g id=\"SVGRepo_tracerCarrier\" stroke-linecap=\"round\" stroke-linejoin=\"round\"><\/g><g id=\"SVGRepo_iconCarrier\"><title><\/title><path d=\"M0 16h4l12-13.696 12 13.696h4l-13.984-16h-4zM4 32h8v-9.984q0-0.832 0.576-1.408t1.44-0.608h4q0.8 0 1.408 0.608t0.576 1.408v9.984h8v-13.408l-12-13.248-12 13.248v13.408zM26.016 6.112l4 4.576v-8.672h-4v4.096z\"><\/path><\/g><\/svg><\/div><\/div>\n\n\n\n<p>Webergasse 15, 4058 Basel<\/p>\n<\/div>\n\n\n\n<div class=\"wp-block-buttons is-layout-flex wp-block-buttons-is-layout-flex\" style=\"margin-top:var(--wp--preset--spacing--10);margin-bottom:var(--wp--preset--spacing--10);padding-right:52px;padding-left:52px\">\n<div class=\"wp-block-button has-custom-font-size is-style-outline is-style-outline--1\" style=\"font-size:clamp(14px, 0.875rem + ((1vw - 3.2px) * 0.313), 17px);\"><a class=\"wp-block-button__link has-contrast-2-color has-primary-background-color has-text-color has-background has-link-color wp-element-button\" href=\"https:\/\/www.google.com\/maps\/place\/Aliena\/@47.5594867,7.5969107,14.75z\/data=!4m10!1m2!2m1!1sAliena+%E2%80%93+Fachstelle+f%C3%BCr+Frauen+im+Sexgewerbe+Webergasse+15+4058+Basel!3m6!1s0x4791b9af882fffff:0x49201df71f4e55ef!8m2!3d47.5620251!4d7.5906836!15sCkhBbGllbmEg4oCTIEZhY2hzdGVsbGUgZsO8ciBGcmF1ZW4gaW0gU2V4Z2V3ZXJiZSBXZWJlcmdhc3NlIDE1IDQwNTggQmFzZWwiL1ItL2dlby90eXBlL2VzdGFibGlzaG1lbnRfcG9pL2lzX293bmVkX2J5X3dvbWVu4AEA!16s%2Fg%2F11fm4yhw61?entry=ttu\" style=\"border-radius:3px;padding-right:var(--wp--preset--spacing--20);padding-left:var(--wp--preset--spacing--20)\">La harta Google \u279d<\/a><\/div>\n<\/div>\n\n\n\n<div class=\"wp-block-group is-nowrap is-layout-flex wp-container-core-group-is-layout-f1189ed3 wp-block-group-is-layout-flex\">\n<div class=\"wp-block-outermost-icon-block\"><div class=\"icon-container\" style=\"width:25px;transform:rotate(0deg) scaleX(1) scaleY(1)\"><svg viewBox=\"0 0 24 24\" fill=\"none\" xmlns=\"http:\/\/www.w3.org\/2000\/svg\"><g id=\"SVGRepo_bgCarrier\" stroke-width=\"0\"><\/g><g id=\"SVGRepo_tracerCarrier\" stroke-linecap=\"round\" stroke-linejoin=\"round\"><\/g><g id=\"SVGRepo_iconCarrier\"><path d=\"M16.5562 12.9062L16.1007 13.359C16.1007 13.359 15.0181 14.4355 12.0631 11.4972C9.10812 8.55901 10.1907 7.48257 10.1907 7.48257L10.4775 7.19738C11.1841 6.49484 11.2507 5.36691 10.6342 4.54348L9.37326 2.85908C8.61028 1.83992 7.13596 1.70529 6.26145 2.57483L4.69185 4.13552C4.25823 4.56668 3.96765 5.12559 4.00289 5.74561C4.09304 7.33182 4.81071 10.7447 8.81536 14.7266C13.0621 18.9492 17.0468 19.117 18.6763 18.9651C19.1917 18.9171 19.6399 18.6546 20.0011 18.2954L21.4217 16.883C22.3806 15.9295 22.1102 14.2949 20.8833 13.628L18.9728 12.5894C18.1672 12.1515 17.1858 12.2801 16.5562 12.9062Z\" fill=\"#000000\"><\/path><\/g><\/svg><\/div><\/div>\n\n\n\n<div class=\"wp-block-group has-global-padding is-layout-constrained wp-container-core-group-is-layout-7db9d80f wp-block-group-is-layout-constrained\" style=\"padding-right:0;padding-left:0\">\n<p style=\"padding-right:0;padding-left:0\">+41 (0) 61 681 24 14<br>+41 (0) 77 522 38 06<\/p>\n<\/div>\n<\/div>\n\n\n\n<div class=\"wp-block-group is-nowrap is-layout-flex wp-container-core-group-is-layout-f1189ed3 wp-block-group-is-layout-flex\">\n<div class=\"wp-block-outermost-icon-block\"><div class=\"icon-container\" style=\"width:25px;transform:rotate(0deg) scaleX(1) scaleY(1)\"><svg viewBox=\"0 -4 32 32\" version=\"1.1\" xmlns=\"http:\/\/www.w3.org\/2000\/svg\" xmlns-xlink=\"http:\/\/www.w3.org\/1999\/xlink\" xmlns:sketch=\"http:\/\/www.bohemiancoding.com\/sketch\/ns\" fill=\"#000000\"><g id=\"SVGRepo_bgCarrier\" stroke-width=\"0\"><\/g><g id=\"SVGRepo_tracerCarrier\" stroke-linecap=\"round\" stroke-linejoin=\"round\"><\/g><g id=\"SVGRepo_iconCarrier\"><title><\/title><desc><\/desc><defs><\/defs><g id=\"Page-1\" stroke=\"none\" stroke-width=\"1\" fill=\"none\" fill-rule=\"evenodd\" sketch:type=\"MSPage\"><g id=\"Icon-Set\" sketch:type=\"MSLayerGroup\" transform=\"translate(-412.000000, -259.000000)\" fill=\"#000000\"><path d=\"M442,279 C442,279.203 441.961,279.395 441.905,279.578 L433,270 L442,263 L442,279 L442,279 Z M415.556,280.946 L424.58,271.33 L428,273.915 L431.272,271.314 L440.444,280.946 C440.301,280.979 415.699,280.979 415.556,280.946 L415.556,280.946 Z M414,279 L414,263 L423,270 L414.095,279.578 C414.039,279.395 414,279.203 414,279 L414,279 Z M441,261 L428,271 L415,261 L441,261 L441,261 Z M440,259 L416,259 C413.791,259 412,260.791 412,263 L412,279 C412,281.209 413.791,283 416,283 L440,283 C442.209,283 444,281.209 444,279 L444,263 C444,260.791 442.209,259 440,259 L440,259 Z\" id=\"mail\" sketch:type=\"MSShapeGroup\"><\/path><\/g><\/g><\/g><\/svg><\/div><\/div>\n\n\n\n<p><a href=\"mailto:fachstelle@aliena.ch\">fachstelle@aliena.ch<\/a><\/p>\n<\/div>\n<\/div>\n<\/div>\n<\/div>\n\n\n\n<div class=\"wp-block-group has-global-padding is-layout-constrained wp-container-core-group-is-layout-ea8482c2 wp-block-group-is-layout-constrained\" style=\"padding-top:var(--wp--preset--spacing--30);padding-right:0;padding-bottom:var(--wp--preset--spacing--30);padding-left:0\">\n<h3 class=\"wp-block-heading has-contrast-color has-text-color has-link-color wp-elements-f0afb92102ce6cb7d085acd88734488a\">Program de lucru<\/h3>\n\n\n\n<div class=\"wp-block-columns is-layout-flex wp-container-core-columns-is-layout-28f84493 wp-block-columns-is-layout-flex\">\n<div class=\"wp-block-column is-layout-flow wp-block-column-is-layout-flow\" style=\"flex-basis:55%\">\n<figure class=\"wp-block-table is-style-regular zeiten\"><table><tbody><tr><td>Luni<\/td><td>09.00 \u2013 16.00<\/td><\/tr><tr><td>Mar\u021bi<\/td><td>09.00 \u2013 16.00<\/td><\/tr><tr><td>Miercuri<\/td><td>09.00 \u2013 16.00<\/td><\/tr><tr><td> Joi<\/td><td>09.00 \u2013 16.00<\/td><\/tr><tr><td>Vineri<\/td><td>09.00 \u2013 15.00<\/td><\/tr><\/tbody><\/table><\/figure>\n\n\n\n<div><div class=\"wp-block-aab-accordion-block aab__accordion_container separate-accordion  no-pro-plan is-style-qa notfall has-border-color\" style=\"border-color:#636363;border-width:1px;border-radius:5px\"><div class=\"aab__accordion_head aab_right_icon  \" data-active=\"false\" style=\"color:#000000;background-color:#ffffff\"><div class=\"aab__accordion_heading aab_right_icon aab_right_link\"><p class=\"aab__accordion_title\" style=\"margin:0;color:#000000\" itemprop=\"name\"><a>Aliena este \u00eenchis\u0103 \u0219i ai nevoie de ajutor<\/a><\/p><\/div><div class=\"aab__accordion_icon\" style=\"color:#333333;background-color:transparent\"><span class=\"aab__icon dashicons dashicons-plus-alt2\" style=\"font-size:25px\"><\/span><\/div><\/div><div class=\"aab__accordion_body \" role=\"region\" style=\"background-color:transparent\"><div itemprop=\"text\">\n<div class=\"wp-block-group has-global-padding is-layout-constrained wp-container-core-group-is-layout-4548b604 wp-block-group-is-layout-constrained\">\n<p><strong>S\u0103n\u0103tate<\/strong><\/p>\n\n\n\n<p>Sec\u021bia de urgen\u021b\u0103, Notfallzentrum Universit\u00e4tsspital Basel, Petersgraben 2, 4031 Basel<\/p>\n\n\n\n<p>Urgen\u021b\u0103 ginecologic\u0103, Porte Klinikum 1, Spitalstrasse 21, 4031 Basel<\/p>\n\n\n\n<p>Urgen\u021b\u0103 psihologic\u0103 Wilhelm Klein-Strasse 27, 4056 Basel, +41 61 325 51 00<\/p>\n\n\n\n<p>Farmacie de urgen\u021b\u0103, Petersgraben 3, 4051 Basel, +41 61 263 75 75<\/p>\n\n\n\n<p>Num\u0103rul de urgen\u021b\u0103 medical\u0103, Medizinische Notrufzentrale +41 61 261 15 15<\/p>\n\n\n\n<p>Ambulan\u021b\u0103 144<\/p>\n\n\n\n<div style=\"height:var(--wp--preset--spacing--10)\" aria-hidden=\"true\" class=\"wp-block-spacer\"><\/div>\n\n\n\n<p><strong>Violen\u021b\u0103<\/strong><\/p>\n\n\n\n<p>General: Poli\u021bia 117<\/p>\n\n\n\n<p>Ajutor \u0219i protec\u021bie pentru victimele traficului de persoane<\/p>\n\n\n\n<ul style=\"margin-top:0;margin-bottom:0\" class=\"wp-block-list\">\n<li>Victras, Opferschutz-Einheit und Fachstelle Menschenhandel, Gewaltbetroffene, +41 44 585 35 45<\/li>\n\n\n\n<li>FIZ Opferschutz Menschenhandel, +41 44 436 90 00, WhatsApp: +41 76 596 15 63<\/li>\n<\/ul>\n<\/div>\n\n\n\n<p><\/p>\n<\/div><\/div><\/div><\/div>\n<\/div>\n\n\n\n<div class=\"wp-block-column is-layout-flow wp-block-column-is-layout-flow\"><\/div>\n<\/div>\n<\/div>\n\n\n\n<h3 class=\"wp-block-heading\">YAi o \u00eentrebare sau un feedback?<\/h3>\n\n\n\n<p>Po\u021bi s\u0103 ne contactezi \u0219i prin intermediul formularului de contact sau WhatsApp.<\/p>\n\n\n\n<div class=\"wp-block-columns is-layout-flex wp-container-core-columns-is-layout-55b83afd wp-block-columns-is-layout-flex\" style=\"margin-top:var(--wp--preset--spacing--30);margin-bottom:var(--wp--preset--spacing--30)\">\n<div class=\"wp-block-column has-hellgrau-background-color has-background is-layout-flow wp-block-column-is-layout-flow\"><style id=\"wpforms-css-vars-3563-block-b893fb59-ad16-4ac4-9d00-edb89e51b227\">\n\t\t\t\t#wpforms-3563.wpforms-block-b893fb59-ad16-4ac4-9d00-edb89e51b227 {\n\t\t\t\t--wpforms-field-background-color: #f9f9f9;\n--wpforms-button-background-color: #ce0018;\n--wpforms-field-size-input-height: 43px;\n--wpforms-field-size-input-spacing: 15px;\n--wpforms-field-size-font-size: 16px;\n--wpforms-field-size-line-height: 19px;\n--wpforms-field-size-padding-h: 14px;\n--wpforms-field-size-checkbox-size: 16px;\n--wpforms-field-size-sublabel-spacing: 5px;\n--wpforms-field-size-icon-size: 1;\n--wpforms-label-size-font-size: 16px;\n--wpforms-label-size-line-height: 19px;\n--wpforms-label-size-sublabel-font-size: 14px;\n--wpforms-label-size-sublabel-line-height: 17px;\n--wpforms-button-size-font-size: 17px;\n--wpforms-button-size-height: 41px;\n--wpforms-button-size-padding-h: 15px;\n--wpforms-button-size-margin-top: 10px;\n\t\t\t}\n\t\t\t<\/style><div class=\"wpforms-container wpforms-container-full wpforms-block wpforms-block-b893fb59-ad16-4ac4-9d00-edb89e51b227 wpforms-render-modern\" id=\"wpforms-3563\"><form id=\"wpforms-form-3563\" class=\"wpforms-validate wpforms-form wpforms-ajax-form\" data-formid=\"3563\" method=\"post\" enctype=\"multipart\/form-data\" action=\"\/ro\/wp-json\/wp\/v2\/pages\/1236\" data-token=\"f3bcd65999794c0d31d4a8fe88a83624\" data-token-time=\"1776771553\"><noscript class=\"wpforms-error-noscript\">Please enable JavaScript in your browser to complete this form.<\/noscript><div id=\"wpforms-error-noscript\" style=\"display: none;\">Please enable JavaScript in your browser to complete this form.<\/div><div class=\"wpforms-field-container\"><div id=\"wpforms-3563-field_1-container\" class=\"wpforms-field wpforms-field-select wpforms-field-select-style-classic\" data-field-id=\"1\"><label class=\"wpforms-field-label\" for=\"wpforms-3563-field_1\">Adresare<\/label><select id=\"wpforms-3563-field_1\" class=\"wpforms-field-large\" name=\"wpforms[fields][1]\"><option value=\"Doamna\"  class=\"choice-1 depth-1\"  >Doamna<\/option><option value=\"Domn\"  class=\"choice-2 depth-1\"  >Domn<\/option><option value=\"Divers\"  class=\"choice-3 depth-1\"  >Divers<\/option><\/select><\/div><div id=\"wpforms-3563-field_3-container\" class=\"wpforms-field wpforms-field-text wpforms-one-half wpforms-first\" data-field-id=\"3\"><label class=\"wpforms-field-label\" for=\"wpforms-3563-field_3\">Nume de familie<\/label><input type=\"text\" id=\"wpforms-3563-field_3\" class=\"wpforms-field-large\" name=\"wpforms[fields][3]\" aria-errormessage=\"wpforms-3563-field_3-error\" ><\/div><div id=\"wpforms-3563-field_4-container\" class=\"wpforms-field wpforms-field-text wpforms-one-half\" data-field-id=\"4\"><label class=\"wpforms-field-label\" for=\"wpforms-3563-field_4\">Prenume <span class=\"wpforms-required-label\" aria-hidden=\"true\">*<\/span><\/label><input type=\"text\" id=\"wpforms-3563-field_4\" class=\"wpforms-field-large wpforms-field-required\" name=\"wpforms[fields][4]\" aria-errormessage=\"wpforms-3563-field_4-error\" required><\/div><div id=\"wpforms-3563-field_11-container\" class=\"wpforms-field wpforms-field-text\" data-field-id=\"11\"><label class=\"wpforms-field-label\" for=\"wpforms-3563-field_11\">Dori\u021bi s\u0103 fi\u021bi contactat prin e-mail sau telefon? <span class=\"wpforms-required-label\" aria-hidden=\"true\">*<\/span><\/label><input type=\"text\" id=\"wpforms-3563-field_11\" class=\"wpforms-field-large wpforms-field-required\" name=\"wpforms[fields][11]\" placeholder=\"V\u0103 rug\u0103m s\u0103 introduce\u021bi adresa Dvs. de e-mail \u0219i\/sau num\u0103rul de telefon.\" aria-errormessage=\"wpforms-3563-field_11-error\" required><\/div><div id=\"wpforms-3563-field_12-container\" class=\"wpforms-field wpforms-field-text\" data-field-id=\"12\"><label class=\"wpforms-field-label\" for=\"wpforms-3563-field_12\">\u00cen ce limb\u0103 dori\u021bi s\u0103 fi\u021bi contactat? <span class=\"wpforms-required-label\" aria-hidden=\"true\">*<\/span><\/label><input type=\"text\" id=\"wpforms-3563-field_12\" class=\"wpforms-field-large wpforms-field-required\" name=\"wpforms[fields][12]\" aria-errormessage=\"wpforms-3563-field_12-error\" required><\/div><div id=\"wpforms-3563-field_13-container\" class=\"wpforms-field wpforms-field-text\" data-field-id=\"13\"><label class=\"wpforms-field-label\" for=\"wpforms-3563-field_13\">Subject<\/label><input type=\"text\" id=\"wpforms-3563-field_13\" class=\"wpforms-field-large\" name=\"wpforms[fields][13]\" aria-errormessage=\"wpforms-3563-field_13-error\" ><\/div><div id=\"wpforms-3563-field_14-container\" class=\"wpforms-field wpforms-field-textarea\" data-field-id=\"14\"><label class=\"wpforms-field-label\" for=\"wpforms-3563-field_14\">Messaj <span class=\"wpforms-required-label\" aria-hidden=\"true\">*<\/span><\/label><textarea id=\"wpforms-3563-field_14\" class=\"wpforms-field-large wpforms-field-required\" name=\"wpforms[fields][14]\" aria-errormessage=\"wpforms-3563-field_14-error\" required><\/textarea><\/div><\/div><!-- .wpforms-field-container --><div class=\"wpforms-submit-container\" ><input type=\"hidden\" name=\"wpforms[id]\" value=\"3563\"><input type=\"hidden\" name=\"page_title\" value=\"\"><input type=\"hidden\" name=\"page_url\" value=\"https:\/\/aliena.ch\/ro\/wp-json\/wp\/v2\/pages\/1236\"><input type=\"hidden\" name=\"url_referer\" value=\"\"><button type=\"submit\" name=\"wpforms[submit]\" id=\"wpforms-submit-3563\" class=\"wpforms-submit\" data-alt-text=\"Va fi trimis ...\" data-submit-text=\"Trimitere\" aria-live=\"assertive\" value=\"wpforms-submit\">Trimitere<\/button><img loading=\"lazy\" decoding=\"async\" src=\"https:\/\/aliena.ch\/wp-content\/plugins\/wpforms-lite\/assets\/images\/submit-spin.svg\" class=\"wpforms-submit-spinner\" style=\"display: none;\" width=\"26\" height=\"26\" alt=\"Loading\"><\/div><\/form><\/div>  <!-- .wpforms-container --><\/div>\n\n\n\n<div class=\"wp-block-column is-layout-flow wp-block-column-is-layout-flow\" style=\"flex-basis:36%\">\n<figure class=\"wp-block-image size-full\"><img loading=\"lazy\" decoding=\"async\" width=\"1043\" height=\"1108\" src=\"https:\/\/aliena.ch\/wp-content\/uploads\/2024\/07\/shared_qr_code-002_Nr.3.png\" alt=\"\" class=\"wp-image-2458\" style=\"object-fit:cover\" srcset=\"https:\/\/aliena.ch\/wp-content\/uploads\/2024\/07\/shared_qr_code-002_Nr.3.png 1043w, https:\/\/aliena.ch\/wp-content\/uploads\/2024\/07\/shared_qr_code-002_Nr.3-282x300.png 282w, https:\/\/aliena.ch\/wp-content\/uploads\/2024\/07\/shared_qr_code-002_Nr.3-964x1024.png 964w, https:\/\/aliena.ch\/wp-content\/uploads\/2024\/07\/shared_qr_code-002_Nr.3-768x816.png 768w, https:\/\/aliena.ch\/wp-content\/uploads\/2024\/07\/shared_qr_code-002_Nr.3-300x319.png 300w\" sizes=\"auto, (max-width: 1043px) 100vw, 1043px\" \/><\/figure>\n<\/div>\n<\/div>\n\n\n\n<p><br><\/p>\n","protected":false},"excerpt":{"rendered":"<p>Aliena &#8211; Centrul de specialitate pentru femeile care lucreaz\u0103 \u00een industria sexului Webergasse 15, 4058 Basel +41 (0) 61 681 24 14+41 (0) 77 522 38 06 fachstelle@aliena.ch Program de lucru Luni 09.00 \u2013 16.00 Mar\u021bi 09.00 \u2013 16.00 Miercuri 09.00 \u2013 16.00 Joi 09.00 \u2013 16.00 Vineri 09.00 \u2013 15.00 YAi o \u00eentrebare sau &hellip;<\/p>\n","protected":false},"author":1,"featured_media":385,"parent":0,"menu_order":0,"comment_status":"closed","ping_status":"closed","template":"","meta":{"_genesis_block_theme_hide_title":false,"footnotes":""},"class_list":["post-1236","page","type-page","status-publish","has-post-thumbnail","hentry","post","with-featured-image"],"_links":{"self":[{"href":"https:\/\/aliena.ch\/ro\/wp-json\/wp\/v2\/pages\/1236","targetHints":{"allow":["GET"]}}],"collection":[{"href":"https:\/\/aliena.ch\/ro\/wp-json\/wp\/v2\/pages"}],"about":[{"href":"https:\/\/aliena.ch\/ro\/wp-json\/wp\/v2\/types\/page"}],"author":[{"embeddable":true,"href":"https:\/\/aliena.ch\/ro\/wp-json\/wp\/v2\/users\/1"}],"replies":[{"embeddable":true,"href":"https:\/\/aliena.ch\/ro\/wp-json\/wp\/v2\/comments?post=1236"}],"version-history":[{"count":15,"href":"https:\/\/aliena.ch\/ro\/wp-json\/wp\/v2\/pages\/1236\/revisions"}],"predecessor-version":[{"id":3792,"href":"https:\/\/aliena.ch\/ro\/wp-json\/wp\/v2\/pages\/1236\/revisions\/3792"}],"wp:featuredmedia":[{"embeddable":true,"href":"https:\/\/aliena.ch\/ro\/wp-json\/wp\/v2\/media\/385"}],"wp:attachment":[{"href":"https:\/\/aliena.ch\/ro\/wp-json\/wp\/v2\/media?parent=1236"}],"curies":[{"name":"wp","href":"https:\/\/api.w.org\/{rel}","templated":true}]}}