{"id":1226,"date":"2021-07-30T07:23:46","date_gmt":"2021-07-30T07:23:46","guid":{"rendered":"http:\/\/h189665.web1.servicehoster.ch\/?page_id=1226"},"modified":"2026-03-17T08:21:36","modified_gmt":"2026-03-17T08:21:36","slug":"informatii","status":"publish","type":"page","link":"https:\/\/aliena.ch\/ro\/informatii\/","title":{"rendered":"Informa\u021bii"},"content":{"rendered":"\n<p><\/p>\n\n\n\n<h3 class=\"wp-block-heading\">Incepand cu data de 01.01.2026, stalking-ul este infrac\u021biune \u00een Elve\u021bia.<\/h3>\n\n\n\n<p>Stalking \u00eenseamn\u0103 c\u0103 o persoan\u0103 te h\u0103r\u021buie\u0219te, te urm\u0103re\u0219te sau te amenin\u021b\u0103 \u00een mod repetat, de\u0219i nu dore\u0219ti nici un contact cu ea.<\/p>\n\n\n\n<ul class=\"wp-block-list\">\n<li>Prime\u0219ti constant mesaje sau apeluri de la aceea\u0219i persoan\u0103 \u2013 inclusiv noaptea sau la ore neobi\u0219nuite?<\/li>\n\n\n\n<li>Persoana vine la tine f\u0103r\u0103 a fi dorit\u0103?<\/li>\n\n\n\n<li>Ai senza\u021bia c\u0103 e\u0219ti observat(\u0103) sau urm\u0103rit(\u0103)?<\/li>\n\n\n\n<li>Cineva te amenin\u021b\u0103 c\u0103 va publica sau distribui fotografii sau videoclipuri cu tine?<\/li>\n\n\n\n<li>Prime\u0219ti cadouri nedorite?<\/li>\n\n\n\n<li>Ai spus clar c\u0103 nu mai dore\u0219ti contact \u2013 \u0219i totu\u0219i continu\u0103?<\/li>\n<\/ul>\n\n\n\n<p>Dac\u0103 r\u0103spunzi \u201e<strong>da<\/strong>\u201d la mai multe \u00eentreb\u0103ri, poate fi vorba de stalking.<\/p>\n\n\n\n<p><strong>AI DREPTUL LA PROTEC\u021aIE \u0218I SPRIJIN!<\/strong><\/p>\n\n\n\n<p>Ai \u00eentreb\u0103ri despre acest subiect? Te consiliem cu pl\u0103cere!<\/p>\n\n\n\n<p>\u00cen caz de pericol imediat:<br>Sun\u0103 la poli\u021bie! (<strong>117<\/strong>)<\/p>\n\n\n\n<div style=\"height:30px\" aria-hidden=\"true\" class=\"wp-block-spacer\"><\/div>\n\n\n\n<h3 class=\"wp-block-heading\">Munce\u0219ti ca lucr\u0103toare sexual\u0103 \u00een Elve\u021bia?<\/h3>\n\n\n\n<p>\u00cen aplica\u021bia <strong>Lexi App<\/strong> po\u021bi g\u0103si toate informa\u021biile importante. Lexi App ofer\u0103 informa\u021bii despre <strong>siguran\u021b\u0103, s\u0103n\u0103tate, munc\u0103, impozite \u0219i asigur\u0103ri sociale<\/strong>.<\/p>\n\n\n\n<p>Lexi App este disponibil\u0103 \u00een urm\u0103toarele limbi: german\u0103, englez\u0103, francez\u0103, italian\u0103, spaniol\u0103, portughez\u0103, rom\u00e2n\u0103, maghiar\u0103, bulgar\u0103, polonez\u0103, tailandez\u0103, slovac\u0103.<\/p>\n\n\n\n<div class=\"wp-block-buttons is-layout-flex wp-block-buttons-is-layout-flex\">\n<div class=\"wp-block-button is-style-fill\"><a class=\"wp-block-button__link wp-element-button\" href=\"https:\/\/play.google.com\/store\/apps\/details?id=ch.renuo.procore&amp;hl=de_CH&amp;pli=1\">Descarc\u0103 aplica\u021bia pentru Android<\/a><\/div>\n\n\n\n<div class=\"wp-block-button is-style-fill\"><a class=\"wp-block-button__link wp-element-button\" href=\"https:\/\/apps.apple.com\/ch\/app\/lexi-app\/id1347841110\">Descarc\u0103 aplica\u021bia pentru iPhone<\/a><\/div>\n<\/div>\n\n\n\n<div class=\"wp-block-group has-global-padding is-layout-constrained wp-container-core-group-is-layout-dd4b47f6 wp-block-group-is-layout-constrained\" style=\"margin-top:var(--wp--preset--spacing--20);padding-top:var(--wp--preset--spacing--30);padding-right:0;padding-bottom:var(--wp--preset--spacing--20);padding-left:0\">\n<div class=\"wp-block-columns is-layout-flex wp-container-core-columns-is-layout-658170e2 wp-block-columns-is-layout-flex\">\n<div class=\"wp-block-column is-vertically-aligned-center is-layout-flow wp-block-column-is-layout-flow\">\n<h3 class=\"wp-block-heading\">Dore\u0219ti s\u0103 \u0219tii ce trebuie s\u0103 faci pentru a putea lucra legal aici?<\/h3>\n\n\n\n<p>\u00cen acest instrument de la <a href=\"https:\/\/procore-info.ch\/\" target=\"_blank\" rel=\"noreferrer noopener\"><strong>ProCoRe<\/strong><\/a> &#8211; Re\u021beaua Elve\u021bian\u0103 pentru Drepturile Lucr\u0103torilor Sexuali &#8211; vei g\u0103si r\u0103spunsuri la aceste \u00eentreb\u0103ri \u0219i multe alte informa\u021bii.&nbsp;<\/p>\n\n\n\n<p><\/p>\n<\/div>\n\n\n\n<div class=\"wp-block-column is-layout-flow wp-block-column-is-layout-flow\">\n<figure class=\"wp-block-image size-large has-custom-border\"><a href=\"https:\/\/procore-info.ch\/\"><img loading=\"lazy\" decoding=\"async\" width=\"1024\" height=\"508\" src=\"https:\/\/aliena.ch\/wp-content\/uploads\/2024\/11\/ProCore_banner_2267x1125px_RGB_EN-1024x508.jpg\" alt=\"\" class=\"has-border-color has-base-2-border-color wp-image-3000\" style=\"border-width:5px;box-shadow:var(--wp--preset--shadow--natural);object-fit:cover\" srcset=\"https:\/\/aliena.ch\/wp-content\/uploads\/2024\/11\/ProCore_banner_2267x1125px_RGB_EN-1024x508.jpg 1024w, https:\/\/aliena.ch\/wp-content\/uploads\/2024\/11\/ProCore_banner_2267x1125px_RGB_EN-300x149.jpg 300w, https:\/\/aliena.ch\/wp-content\/uploads\/2024\/11\/ProCore_banner_2267x1125px_RGB_EN-768x381.jpg 768w, https:\/\/aliena.ch\/wp-content\/uploads\/2024\/11\/ProCore_banner_2267x1125px_RGB_EN-1536x762.jpg 1536w, https:\/\/aliena.ch\/wp-content\/uploads\/2024\/11\/ProCore_banner_2267x1125px_RGB_EN-2048x1016.jpg 2048w, https:\/\/aliena.ch\/wp-content\/uploads\/2024\/11\/ProCore_banner_2267x1125px_RGB_EN-1200x596.jpg 1200w, https:\/\/aliena.ch\/wp-content\/uploads\/2024\/11\/ProCore_banner_2267x1125px_RGB_EN-1400x695.jpg 1400w\" sizes=\"auto, (max-width: 1024px) 100vw, 1024px\" \/><\/a><\/figure>\n<\/div>\n<\/div>\n<\/div>\n\n\n\n<div class=\"wp-block-group has-global-padding is-layout-constrained wp-container-core-group-is-layout-d88597d8 wp-block-group-is-layout-constrained\" style=\"padding-top:var(--wp--preset--spacing--10);padding-right:0;padding-bottom:var(--wp--preset--spacing--30);padding-left:0\">\n<h3 class=\"wp-block-heading\">Lucrezi \u00een Basel?<\/h3>\n\n\n\n<p>Po\u021bi g\u0103si cele mai importante numere de telefon \u0219i informa\u021bii \u00een pliantul \u201eMasa rotund\u0103 privind prostitu\u021bia\u201d al Departamentului de Justi\u021bie \u0219i Securitate din Basel-Stadt:<\/p>\n\n\n\n<div class=\"wp-block-group is-nowrap is-layout-flex wp-container-core-group-is-layout-6c531013 wp-block-group-is-layout-flex\">\n<p><a href=\"https:\/\/www.jsd.bs.ch\/themen\/prostitution\/informationen--hilfe-und-beratung-f-r-sexarbeiter_innen.html\"><strong>https:\/\/www.jsd.bs.ch<\/strong><\/a><\/p>\n\n\n\n<p>|<\/p>\n\n\n\n<div class=\"wp-block-file\"><a id=\"wp-block-file--media-7a73be6e-8816-4d5d-91ce-aa53a09d6ae1\" href=\"https:\/\/aliena.ch\/wp-content\/uploads\/2024\/11\/Kapo_Sexarbeiterinnen_Leporello__Kapo_Sexarbeiterinnen_Leporello_Rum_new.pdf\"><strong>Flyer<\/strong><\/a><a href=\"https:\/\/aliena.ch\/wp-content\/uploads\/2024\/11\/Kapo_Sexarbeiterinnen_Leporello__Kapo_Sexarbeiterinnen_Leporello_Rum_new.pdf\" class=\"wp-block-file__button wp-element-button\" download aria-describedby=\"wp-block-file--media-7a73be6e-8816-4d5d-91ce-aa53a09d6ae1\">Download<\/a><\/div>\n<\/div>\n<\/div>\n\n\n\n<div class=\"wp-block-group has-global-padding is-layout-constrained wp-container-core-group-is-layout-3c46939c wp-block-group-is-layout-constrained\" style=\"padding-top:var(--wp--preset--spacing--30);padding-right:0;padding-bottom:var(--wp--preset--spacing--30);padding-left:0\">\n<h3 class=\"wp-block-heading\">Tocmai te-ai mutat la Basel?<\/h3>\n\n\n\n<p>Site-ul \u201c<a href=\"https:\/\/www.hallo-baselstadt.ch\/\" target=\"_blank\" rel=\"noreferrer noopener\"><strong>Hello Basel-Stadt<\/strong><\/a>\u201d ofer\u0103 informa\u021bii \u00een 20 de limbi ca s\u0103 ai un \u00eenceput bun \u00een Basel.<\/p>\n<\/div>\n","protected":false},"excerpt":{"rendered":"<p>Incepand cu data de 01.01.2026, stalking-ul este infrac\u021biune \u00een Elve\u021bia. Stalking \u00eenseamn\u0103 c\u0103 o persoan\u0103 te h\u0103r\u021buie\u0219te, te urm\u0103re\u0219te sau te amenin\u021b\u0103 \u00een mod repetat, de\u0219i nu dore\u0219ti nici un contact cu ea. Dac\u0103 r\u0103spunzi \u201eda\u201d la mai multe \u00eentreb\u0103ri, poate fi vorba de stalking. AI DREPTUL LA PROTEC\u021aIE \u0218I SPRIJIN! Ai \u00eentreb\u0103ri despre acest &hellip;<\/p>\n","protected":false},"author":1,"featured_media":375,"parent":0,"menu_order":0,"comment_status":"closed","ping_status":"closed","template":"","meta":{"_genesis_block_theme_hide_title":false,"footnotes":""},"class_list":["post-1226","page","type-page","status-publish","has-post-thumbnail","hentry","post","with-featured-image"],"_links":{"self":[{"href":"https:\/\/aliena.ch\/ro\/wp-json\/wp\/v2\/pages\/1226","targetHints":{"allow":["GET"]}}],"collection":[{"href":"https:\/\/aliena.ch\/ro\/wp-json\/wp\/v2\/pages"}],"about":[{"href":"https:\/\/aliena.ch\/ro\/wp-json\/wp\/v2\/types\/page"}],"author":[{"embeddable":true,"href":"https:\/\/aliena.ch\/ro\/wp-json\/wp\/v2\/users\/1"}],"replies":[{"embeddable":true,"href":"https:\/\/aliena.ch\/ro\/wp-json\/wp\/v2\/comments?post=1226"}],"version-history":[{"count":5,"href":"https:\/\/aliena.ch\/ro\/wp-json\/wp\/v2\/pages\/1226\/revisions"}],"predecessor-version":[{"id":4099,"href":"https:\/\/aliena.ch\/ro\/wp-json\/wp\/v2\/pages\/1226\/revisions\/4099"}],"wp:featuredmedia":[{"embeddable":true,"href":"https:\/\/aliena.ch\/ro\/wp-json\/wp\/v2\/media\/375"}],"wp:attachment":[{"href":"https:\/\/aliena.ch\/ro\/wp-json\/wp\/v2\/media?parent=1226"}],"curies":[{"name":"wp","href":"https:\/\/api.w.org\/{rel}","templated":true}]}}