{"id":1157,"date":"2021-07-29T17:08:26","date_gmt":"2021-07-29T17:08:26","guid":{"rendered":"http:\/\/h189665.web1.servicehoster.ch\/?page_id=1157"},"modified":"2021-07-29T17:08:27","modified_gmt":"2021-07-29T17:08:27","slug":"workshop-uri","status":"publish","type":"page","link":"https:\/\/aliena.ch\/ro\/workshop-uri\/","title":{"rendered":"Workshop-uri"},"content":{"rendered":"\n<h3 class=\"wp-block-heading\">Workshop: Auto-ap\u0103rarea (Wen-do)<\/h3>\n\n\n\n<p>Femeile primesc o instruire \u00een tehnicile de auto-ap\u0103rare ale Wen-Do de la un profesor Wen-Do. Acest lucru a fost conceput special pentru c\u0103 femeile s\u0103 se apere \u00eempotriva b\u0103rba\u021bilor, care sunt superiori din punct de vedere fizic. Obiective: Femeile \u00eenva\u021b\u0103 s\u0103 stabileasc\u0103 limite confiden\u021biale \u0219i s\u0103 se apere fizic \u00een situa\u021bii violente.<\/p>\n","protected":false},"excerpt":{"rendered":"<p>Workshop: Auto-ap\u0103rarea (Wen-do) Femeile primesc o instruire \u00een tehnicile de auto-ap\u0103rare ale Wen-Do de la un profesor Wen-Do. Acest lucru a fost conceput special pentru c\u0103 femeile s\u0103 se apere \u00eempotriva b\u0103rba\u021bilor, care sunt superiori din punct de vedere fizic. Obiective: Femeile \u00eenva\u021b\u0103 s\u0103 stabileasc\u0103 limite confiden\u021biale \u0219i s\u0103 se apere fizic \u00een situa\u021bii violente.<\/p>\n","protected":false},"author":1,"featured_media":435,"parent":0,"menu_order":0,"comment_status":"closed","ping_status":"closed","template":"","meta":{"_genesis_block_theme_hide_title":false,"footnotes":""},"class_list":["post-1157","page","type-page","status-publish","has-post-thumbnail","hentry","post","with-featured-image"],"_links":{"self":[{"href":"https:\/\/aliena.ch\/ro\/wp-json\/wp\/v2\/pages\/1157","targetHints":{"allow":["GET"]}}],"collection":[{"href":"https:\/\/aliena.ch\/ro\/wp-json\/wp\/v2\/pages"}],"about":[{"href":"https:\/\/aliena.ch\/ro\/wp-json\/wp\/v2\/types\/page"}],"author":[{"embeddable":true,"href":"https:\/\/aliena.ch\/ro\/wp-json\/wp\/v2\/users\/1"}],"replies":[{"embeddable":true,"href":"https:\/\/aliena.ch\/ro\/wp-json\/wp\/v2\/comments?post=1157"}],"version-history":[{"count":0,"href":"https:\/\/aliena.ch\/ro\/wp-json\/wp\/v2\/pages\/1157\/revisions"}],"wp:featuredmedia":[{"embeddable":true,"href":"https:\/\/aliena.ch\/ro\/wp-json\/wp\/v2\/media\/435"}],"wp:attachment":[{"href":"https:\/\/aliena.ch\/ro\/wp-json\/wp\/v2\/media?parent=1157"}],"curies":[{"name":"wp","href":"https:\/\/api.w.org\/{rel}","templated":true}]}}