{"id":679,"date":"2021-07-28T14:23:27","date_gmt":"2021-07-28T14:23:27","guid":{"rendered":"http:\/\/h189665.web1.servicehoster.ch\/?page_id=679"},"modified":"2026-03-17T08:19:25","modified_gmt":"2026-03-17T08:19:25","slug":"atualidades","status":"publish","type":"page","link":"https:\/\/aliena.ch\/pt-pt\/atualidades\/","title":{"rendered":"Informa\u00e7\u00f5es"},"content":{"rendered":"\n<p><\/p>\n\n\n\n<h3 class=\"wp-block-heading\">Desde 01.01.2026, o stalking \u00e9 crime na Su\u00ed\u00e7a.\u00a0<\/h3>\n\n\n\n<p>Stalking significa que uma pessoa te assedia, persegue ou amea\u00e7a repetidamente, mesmo que n\u00e3o queiras qualquer contacto com ela.<\/p>\n\n\n\n<ul class=\"wp-block-list\">\n<li>Recebes constantemente mensagens ou chamadas da mesma pessoa \u2013 mesmo \u00e0 noite ou em hor\u00e1rios incomuns?<\/li>\n\n\n\n<li>A pessoa aparece na tua casa sem ser desejada?<\/li>\n\n\n\n<li>Tens a sensa\u00e7\u00e3o de que est\u00e1s a ser observada\/o ou seguida\/o?<\/li>\n\n\n\n<li>Algu\u00e9m te amea\u00e7a publicar ou partilhar fotos ou v\u00eddeos teus?<\/li>\n\n\n\n<li>Recebes presentes indesejados?<\/li>\n\n\n\n<li>Disseste claramente que n\u00e3o queres mais contacto \u2013 e mesmo assim continua?<\/li>\n<\/ul>\n\n\n\n<p>Se responderes \u201c<strong>sim<\/strong>\u201d a v\u00e1rias perguntas, pode tratar-se de stalking.<\/p>\n\n\n\n<p><strong>TENS DIREITO A PROTE\u00c7\u00c3O E APOIO!<\/strong><\/p>\n\n\n\n<p>Tens perguntas sobre isto? Aconselharmos-te com prazer! Em caso de perigo imediato:<br>Liga para a pol\u00edcia! (<strong>117<\/strong>)<\/p>\n\n\n\n<div style=\"height:30px\" aria-hidden=\"true\" class=\"wp-block-spacer\"><\/div>\n\n\n\n<h3 class=\"wp-block-heading\">Voc\u00ea trabalha como profissional do sexo na Su\u00ed\u00e7a?&nbsp;<\/h3>\n\n\n\n<p>No <strong>Lexi App<\/strong>, voc\u00ea pode encontrar todas as informa\u00e7\u00f5es importantes. O Lexi App oferece informa\u00e7\u00f5es sobre quest\u00f5es de <strong>seguran\u00e7a, sa\u00fade, trabalho, impostos e seguros sociais.<\/strong> O Lexi App est\u00e1 dispon\u00edvel nos seguintes idiomas: Deutsch, English, Fran\u00e7ais, Italiano, Espa\u00f1ol, Portugu\u00eas, Rom\u00e2n\u0103, Magyar, \u0431\u044a\u043b\u0433\u0430\u0440\u0441\u043a\u0438, Polski, \u0e44\u0e17\u0e22, slovensk\u00fd&nbsp;<\/p>\n\n\n\n<div class=\"wp-block-buttons is-layout-flex wp-block-buttons-is-layout-flex\">\n<div class=\"wp-block-button is-style-fill\"><a class=\"wp-block-button__link wp-element-button\" href=\"https:\/\/play.google.com\/store\/apps\/details?id=ch.renuo.procore&amp;hl=de_CH&amp;pli=1\">Baixar aplicativo para Android<\/a><\/div>\n\n\n\n<div class=\"wp-block-button is-style-fill\"><a class=\"wp-block-button__link wp-element-button\" href=\"https:\/\/apps.apple.com\/ch\/app\/lexi-app\/id1347841110\">Baixar aplicativo para Iphone<\/a><\/div>\n<\/div>\n\n\n\n<div class=\"wp-block-group has-global-padding is-layout-constrained wp-container-core-group-is-layout-dd4b47f6 wp-block-group-is-layout-constrained\" style=\"margin-top:var(--wp--preset--spacing--20);padding-top:var(--wp--preset--spacing--30);padding-right:0;padding-bottom:var(--wp--preset--spacing--20);padding-left:0\">\n<div class=\"wp-block-columns is-layout-flex wp-container-core-columns-is-layout-658170e2 wp-block-columns-is-layout-flex\">\n<div class=\"wp-block-column is-vertically-aligned-center is-layout-flow wp-block-column-is-layout-flow\">\n<h3 class=\"wp-block-heading\">Gostaria de saber o que \u00e9 preciso fazer para poder trabalhar legalmente aqui?&nbsp;<\/h3>\n\n\n\n<p>Nesta ferramenta da <a href=\"https:\/\/procore-info.ch\/\" target=\"_blank\" rel=\"noreferrer noopener\"><strong>ProCoRe<\/strong><\/a>, &#8211; a rede su\u00ed\u00e7a para os direitos dos profissionais do sexo &#8211; voc\u00ea encontrar\u00e1 respostas para essas perguntas e muito mais informa\u00e7\u00f5es.&nbsp;<\/p>\n\n\n\n<p><\/p>\n<\/div>\n\n\n\n<div class=\"wp-block-column is-layout-flow wp-block-column-is-layout-flow\">\n<figure class=\"wp-block-image size-large has-custom-border\"><a href=\"https:\/\/procore-info.ch\/\"><img loading=\"lazy\" decoding=\"async\" width=\"1024\" height=\"508\" src=\"https:\/\/aliena.ch\/wp-content\/uploads\/2024\/11\/ProCore_banner_2267x1125px_RGB_EN-1024x508.jpg\" alt=\"\" class=\"has-border-color has-base-2-border-color wp-image-3000\" style=\"border-width:5px;box-shadow:var(--wp--preset--shadow--natural);object-fit:cover\" srcset=\"https:\/\/aliena.ch\/wp-content\/uploads\/2024\/11\/ProCore_banner_2267x1125px_RGB_EN-1024x508.jpg 1024w, https:\/\/aliena.ch\/wp-content\/uploads\/2024\/11\/ProCore_banner_2267x1125px_RGB_EN-300x149.jpg 300w, https:\/\/aliena.ch\/wp-content\/uploads\/2024\/11\/ProCore_banner_2267x1125px_RGB_EN-768x381.jpg 768w, https:\/\/aliena.ch\/wp-content\/uploads\/2024\/11\/ProCore_banner_2267x1125px_RGB_EN-1536x762.jpg 1536w, https:\/\/aliena.ch\/wp-content\/uploads\/2024\/11\/ProCore_banner_2267x1125px_RGB_EN-2048x1016.jpg 2048w, https:\/\/aliena.ch\/wp-content\/uploads\/2024\/11\/ProCore_banner_2267x1125px_RGB_EN-1200x596.jpg 1200w, https:\/\/aliena.ch\/wp-content\/uploads\/2024\/11\/ProCore_banner_2267x1125px_RGB_EN-1400x695.jpg 1400w\" sizes=\"auto, (max-width: 1024px) 100vw, 1024px\" \/><\/a><\/figure>\n<\/div>\n<\/div>\n<\/div>\n\n\n\n<div class=\"wp-block-group has-global-padding is-layout-constrained wp-container-core-group-is-layout-29801c77 wp-block-group-is-layout-constrained\" style=\"padding-top:var(--wp--preset--spacing--20);padding-right:0;padding-bottom:var(--wp--preset--spacing--30);padding-left:0\">\n<h3 class=\"wp-block-heading\">Voc\u00ea trabalha em Basil\u00e9ia?<\/h3>\n\n\n\n<p>In the flyer Mesa Redonda de Prostitui\u00e7\u00e3o do Departamento de Justi\u00e7a e Seguran\u00e7a de Basel-Stadt, voc\u00ea encontrar\u00e1 os n\u00fameros de telefone e as informa\u00e7\u00f5es mais importantes.<\/p>\n\n\n\n<div class=\"wp-block-group is-nowrap is-layout-flex wp-container-core-group-is-layout-6c531013 wp-block-group-is-layout-flex\">\n<p><a href=\"https:\/\/www.jsd.bs.ch\/themen\/prostitution\/informationen--hilfe-und-beratung-f-r-sexarbeiter_innen.html\">https:\/\/www.jsd.bs.ch<\/a><\/p>\n\n\n\n<p>|<\/p>\n\n\n\n<div class=\"wp-block-file\"><a id=\"wp-block-file--media-39660640-ccba-4e59-b335-6b08b7ac1247\" href=\"https:\/\/aliena.ch\/wp-content\/uploads\/2024\/11\/Kapo_Sexarbeiterinnen_Leporello__Kapo_Sexarbeiterinnen_Leporello_P_new.pdf\"><strong>Flyer<\/strong><\/a><a href=\"https:\/\/aliena.ch\/wp-content\/uploads\/2024\/11\/Kapo_Sexarbeiterinnen_Leporello__Kapo_Sexarbeiterinnen_Leporello_P_new.pdf\" class=\"wp-block-file__button wp-element-button\" download aria-describedby=\"wp-block-file--media-39660640-ccba-4e59-b335-6b08b7ac1247\">Download<\/a><\/div>\n<\/div>\n<\/div>\n\n\n\n<div class=\"wp-block-group has-global-padding is-layout-constrained wp-container-core-group-is-layout-3c46939c wp-block-group-is-layout-constrained\" style=\"padding-top:var(--wp--preset--spacing--30);padding-right:0;padding-bottom:var(--wp--preset--spacing--30);padding-left:0\">\n<h3 class=\"wp-block-heading\">Voc\u00ea acabou de se mudar para Basil\u00e9ia?<\/h3>\n\n\n\n<p>O website \u201c<a href=\"https:\/\/www.hallo-baselstadt.ch\/\" target=\"_blank\" rel=\"noreferrer noopener\"><strong>Hello Basel-Stadt<\/strong><\/a>\u201d oferece informa\u00e7\u00f5es em 20 idiomas para um bom come\u00e7o na Basileia.<\/p>\n<\/div>\n","protected":false},"excerpt":{"rendered":"<p>Desde 01.01.2026, o stalking \u00e9 crime na Su\u00ed\u00e7a.\u00a0 Stalking significa que uma pessoa te assedia, persegue ou amea\u00e7a repetidamente, mesmo que n\u00e3o queiras qualquer contacto com ela. Se responderes \u201csim\u201d a v\u00e1rias perguntas, pode tratar-se de stalking. TENS DIREITO A PROTE\u00c7\u00c3O E APOIO! Tens perguntas sobre isto? Aconselharmos-te com prazer! Em caso de perigo imediato:Liga &hellip;<\/p>\n","protected":false},"author":1,"featured_media":374,"parent":0,"menu_order":0,"comment_status":"closed","ping_status":"closed","template":"","meta":{"_genesis_block_theme_hide_title":false,"footnotes":""},"class_list":["post-679","page","type-page","status-publish","has-post-thumbnail","hentry","post","with-featured-image"],"_links":{"self":[{"href":"https:\/\/aliena.ch\/pt-pt\/wp-json\/wp\/v2\/pages\/679","targetHints":{"allow":["GET"]}}],"collection":[{"href":"https:\/\/aliena.ch\/pt-pt\/wp-json\/wp\/v2\/pages"}],"about":[{"href":"https:\/\/aliena.ch\/pt-pt\/wp-json\/wp\/v2\/types\/page"}],"author":[{"embeddable":true,"href":"https:\/\/aliena.ch\/pt-pt\/wp-json\/wp\/v2\/users\/1"}],"replies":[{"embeddable":true,"href":"https:\/\/aliena.ch\/pt-pt\/wp-json\/wp\/v2\/comments?post=679"}],"version-history":[{"count":6,"href":"https:\/\/aliena.ch\/pt-pt\/wp-json\/wp\/v2\/pages\/679\/revisions"}],"predecessor-version":[{"id":4097,"href":"https:\/\/aliena.ch\/pt-pt\/wp-json\/wp\/v2\/pages\/679\/revisions\/4097"}],"wp:featuredmedia":[{"embeddable":true,"href":"https:\/\/aliena.ch\/pt-pt\/wp-json\/wp\/v2\/media\/374"}],"wp:attachment":[{"href":"https:\/\/aliena.ch\/pt-pt\/wp-json\/wp\/v2\/media?parent=679"}],"curies":[{"name":"wp","href":"https:\/\/api.w.org\/{rel}","templated":true}]}}