{"id":652,"date":"2021-07-28T13:30:59","date_gmt":"2021-07-28T13:30:59","guid":{"rendered":"http:\/\/h189665.web1.servicehoster.ch\/?page_id=652"},"modified":"2025-07-29T08:24:04","modified_gmt":"2025-07-29T08:24:04","slug":"aliena","status":"publish","type":"page","link":"https:\/\/aliena.ch\/pt-pt\/aliena\/","title":{"rendered":"Acerca da Aliena\u00a0"},"content":{"rendered":"\n<p>Somos Aliena, o centro de aconselhamento para quem trabalha, j\u00e1 trabalhou, quer trabalhar ou n\u00e3o quer mais trabalhar no setor de trabalho sexual no cant\u00e3o da Basileia-Cidade (Basel-Stadt).&nbsp;&nbsp;<\/p>\n\n\n\n<p>Somos uma equipe de mulheres qualificadas e podemos aconselh\u00e1-lo, inform\u00e1-lo e apoi\u00e1-lo em v\u00e1rios temas. Somos independentes do ponto de vista pol\u00edtico e religioso. A consultoria \u00e9 gratuita, an\u00f4nima e confidencial.&nbsp;&nbsp;<\/p>\n\n\n\n<div style=\"height:var(--wp--preset--spacing--20)\" aria-hidden=\"true\" class=\"wp-block-spacer\"><\/div>\n\n\n\n<div class=\"wp-block-group has-global-padding is-layout-constrained wp-container-core-group-is-layout-7db9d80f wp-block-group-is-layout-constrained\" style=\"padding-right:0;padding-left:0\">\n<div class=\"wp-block-columns is-layout-flex wp-container-core-columns-is-layout-28f84493 wp-block-columns-is-layout-flex\">\n<div class=\"wp-block-column is-layout-flow wp-block-column-is-layout-flow\" style=\"padding-top:0;padding-bottom:var(--wp--preset--spacing--10)\">\n<figure data-wp-context=\"{&quot;imageId&quot;:&quot;69e7423025dd5&quot;}\" data-wp-interactive=\"core\/image\" data-wp-key=\"69e7423025dd5\" class=\"wp-block-image size-large has-custom-border wp-lightbox-container\"><img loading=\"lazy\" decoding=\"async\" width=\"1024\" height=\"1024\" data-wp-class--hide=\"state.isContentHidden\" data-wp-class--show=\"state.isContentVisible\" data-wp-init=\"callbacks.setButtonStyles\" data-wp-on--click=\"actions.showLightbox\" data-wp-on--load=\"callbacks.setButtonStyles\" data-wp-on-window--resize=\"callbacks.setButtonStyles\" src=\"https:\/\/aliena.ch\/wp-content\/uploads\/2024\/11\/Hanna-1024x1024.jpg\" alt=\"\" class=\"wp-image-2792\" style=\"border-radius:5px;object-fit:cover\" srcset=\"https:\/\/aliena.ch\/wp-content\/uploads\/2024\/11\/Hanna-1024x1024.jpg 1024w, https:\/\/aliena.ch\/wp-content\/uploads\/2024\/11\/Hanna-300x300.jpg 300w, https:\/\/aliena.ch\/wp-content\/uploads\/2024\/11\/Hanna-150x150.jpg 150w, https:\/\/aliena.ch\/wp-content\/uploads\/2024\/11\/Hanna-768x768.jpg 768w, https:\/\/aliena.ch\/wp-content\/uploads\/2024\/11\/Hanna-1536x1536.jpg 1536w, https:\/\/aliena.ch\/wp-content\/uploads\/2024\/11\/Hanna-1200x1200.jpg 1200w, https:\/\/aliena.ch\/wp-content\/uploads\/2024\/11\/Hanna-1400x1400.jpg 1400w, https:\/\/aliena.ch\/wp-content\/uploads\/2024\/11\/Hanna.jpg 2037w\" sizes=\"auto, (max-width: 1024px) 100vw, 1024px\" \/><button\n\t\t\tclass=\"lightbox-trigger\"\n\t\t\ttype=\"button\"\n\t\t\taria-haspopup=\"dialog\"\n\t\t\taria-label=\"Enlarge\"\n\t\t\tdata-wp-init=\"callbacks.initTriggerButton\"\n\t\t\tdata-wp-on--click=\"actions.showLightbox\"\n\t\t\tdata-wp-style--right=\"state.imageButtonRight\"\n\t\t\tdata-wp-style--top=\"state.imageButtonTop\"\n\t\t>\n\t\t\t<svg xmlns=\"http:\/\/www.w3.org\/2000\/svg\" width=\"12\" height=\"12\" fill=\"none\" viewBox=\"0 0 12 12\">\n\t\t\t\t<path fill=\"#fff\" d=\"M2 0a2 2 0 0 0-2 2v2h1.5V2a.5.5 0 0 1 .5-.5h2V0H2Zm2 10.5H2a.5.5 0 0 1-.5-.5V8H0v2a2 2 0 0 0 2 2h2v-1.5ZM8 12v-1.5h2a.5.5 0 0 0 .5-.5V8H12v2a2 2 0 0 1-2 2H8Zm2-12a2 2 0 0 1 2 2v2h-1.5V2a.5.5 0 0 0-.5-.5H8V0h2Z\" \/>\n\t\t\t<\/svg>\n\t\t<\/button><\/figure>\n\n\n\n<p style=\"line-height:1.3\">Hanna Lindenfelser<\/p>\n<\/div>\n\n\n\n<div class=\"wp-block-column is-layout-flow wp-block-column-is-layout-flow\" style=\"padding-top:0;padding-bottom:var(--wp--preset--spacing--10)\">\n<figure data-wp-context=\"{&quot;imageId&quot;:&quot;69e74230272b6&quot;}\" data-wp-interactive=\"core\/image\" data-wp-key=\"69e74230272b6\" class=\"wp-block-image size-large has-custom-border wp-lightbox-container\"><img loading=\"lazy\" decoding=\"async\" width=\"1024\" height=\"1024\" data-wp-class--hide=\"state.isContentHidden\" data-wp-class--show=\"state.isContentVisible\" data-wp-init=\"callbacks.setButtonStyles\" data-wp-on--click=\"actions.showLightbox\" data-wp-on--load=\"callbacks.setButtonStyles\" data-wp-on-window--resize=\"callbacks.setButtonStyles\" src=\"https:\/\/aliena.ch\/wp-content\/uploads\/2024\/11\/Paulina-1024x1024.jpg\" alt=\"\" class=\"wp-image-2840\" style=\"border-radius:5px\" srcset=\"https:\/\/aliena.ch\/wp-content\/uploads\/2024\/11\/Paulina-1024x1024.jpg 1024w, https:\/\/aliena.ch\/wp-content\/uploads\/2024\/11\/Paulina-300x300.jpg 300w, https:\/\/aliena.ch\/wp-content\/uploads\/2024\/11\/Paulina-150x150.jpg 150w, https:\/\/aliena.ch\/wp-content\/uploads\/2024\/11\/Paulina-768x768.jpg 768w, https:\/\/aliena.ch\/wp-content\/uploads\/2024\/11\/Paulina-1536x1536.jpg 1536w, https:\/\/aliena.ch\/wp-content\/uploads\/2024\/11\/Paulina-1200x1200.jpg 1200w, https:\/\/aliena.ch\/wp-content\/uploads\/2024\/11\/Paulina-1400x1400.jpg 1400w, https:\/\/aliena.ch\/wp-content\/uploads\/2024\/11\/Paulina.jpg 2037w\" sizes=\"auto, (max-width: 1024px) 100vw, 1024px\" \/><button\n\t\t\tclass=\"lightbox-trigger\"\n\t\t\ttype=\"button\"\n\t\t\taria-haspopup=\"dialog\"\n\t\t\taria-label=\"Enlarge\"\n\t\t\tdata-wp-init=\"callbacks.initTriggerButton\"\n\t\t\tdata-wp-on--click=\"actions.showLightbox\"\n\t\t\tdata-wp-style--right=\"state.imageButtonRight\"\n\t\t\tdata-wp-style--top=\"state.imageButtonTop\"\n\t\t>\n\t\t\t<svg xmlns=\"http:\/\/www.w3.org\/2000\/svg\" width=\"12\" height=\"12\" fill=\"none\" viewBox=\"0 0 12 12\">\n\t\t\t\t<path fill=\"#fff\" d=\"M2 0a2 2 0 0 0-2 2v2h1.5V2a.5.5 0 0 1 .5-.5h2V0H2Zm2 10.5H2a.5.5 0 0 1-.5-.5V8H0v2a2 2 0 0 0 2 2h2v-1.5ZM8 12v-1.5h2a.5.5 0 0 0 .5-.5V8H12v2a2 2 0 0 1-2 2H8Zm2-12a2 2 0 0 1 2 2v2h-1.5V2a.5.5 0 0 0-.5-.5H8V0h2Z\" \/>\n\t\t\t<\/svg>\n\t\t<\/button><\/figure>\n\n\n\n<p style=\"line-height:1.3\">Paulina Wojtowicz-Papotti<\/p>\n<\/div>\n\n\n\n<div class=\"wp-block-column is-layout-flow wp-block-column-is-layout-flow\" style=\"padding-top:0;padding-bottom:var(--wp--preset--spacing--10)\">\n<figure data-wp-context=\"{&quot;imageId&quot;:&quot;69e7423027a52&quot;}\" data-wp-interactive=\"core\/image\" data-wp-key=\"69e7423027a52\" class=\"wp-block-image size-large has-custom-border wp-lightbox-container\"><img loading=\"lazy\" decoding=\"async\" width=\"1024\" height=\"1024\" data-wp-class--hide=\"state.isContentHidden\" data-wp-class--show=\"state.isContentVisible\" data-wp-init=\"callbacks.setButtonStyles\" data-wp-on--click=\"actions.showLightbox\" data-wp-on--load=\"callbacks.setButtonStyles\" data-wp-on-window--resize=\"callbacks.setButtonStyles\" src=\"https:\/\/aliena.ch\/wp-content\/uploads\/2024\/11\/Joelle-1024x1024.jpg\" alt=\"\" class=\"wp-image-2804\" style=\"border-radius:5px\" srcset=\"https:\/\/aliena.ch\/wp-content\/uploads\/2024\/11\/Joelle-1024x1024.jpg 1024w, https:\/\/aliena.ch\/wp-content\/uploads\/2024\/11\/Joelle-300x300.jpg 300w, https:\/\/aliena.ch\/wp-content\/uploads\/2024\/11\/Joelle-150x150.jpg 150w, https:\/\/aliena.ch\/wp-content\/uploads\/2024\/11\/Joelle-768x768.jpg 768w, https:\/\/aliena.ch\/wp-content\/uploads\/2024\/11\/Joelle-1536x1536.jpg 1536w, https:\/\/aliena.ch\/wp-content\/uploads\/2024\/11\/Joelle-1200x1200.jpg 1200w, https:\/\/aliena.ch\/wp-content\/uploads\/2024\/11\/Joelle-1400x1400.jpg 1400w, https:\/\/aliena.ch\/wp-content\/uploads\/2024\/11\/Joelle.jpg 2037w\" sizes=\"auto, (max-width: 1024px) 100vw, 1024px\" \/><button\n\t\t\tclass=\"lightbox-trigger\"\n\t\t\ttype=\"button\"\n\t\t\taria-haspopup=\"dialog\"\n\t\t\taria-label=\"Enlarge\"\n\t\t\tdata-wp-init=\"callbacks.initTriggerButton\"\n\t\t\tdata-wp-on--click=\"actions.showLightbox\"\n\t\t\tdata-wp-style--right=\"state.imageButtonRight\"\n\t\t\tdata-wp-style--top=\"state.imageButtonTop\"\n\t\t>\n\t\t\t<svg xmlns=\"http:\/\/www.w3.org\/2000\/svg\" width=\"12\" height=\"12\" fill=\"none\" viewBox=\"0 0 12 12\">\n\t\t\t\t<path fill=\"#fff\" d=\"M2 0a2 2 0 0 0-2 2v2h1.5V2a.5.5 0 0 1 .5-.5h2V0H2Zm2 10.5H2a.5.5 0 0 1-.5-.5V8H0v2a2 2 0 0 0 2 2h2v-1.5ZM8 12v-1.5h2a.5.5 0 0 0 .5-.5V8H12v2a2 2 0 0 1-2 2H8Zm2-12a2 2 0 0 1 2 2v2h-1.5V2a.5.5 0 0 0-.5-.5H8V0h2Z\" \/>\n\t\t\t<\/svg>\n\t\t<\/button><\/figure>\n\n\n\n<p style=\"line-height:1.3\">Jo\u00eblle Moser<\/p>\n<\/div>\n\n\n\n<div class=\"wp-block-column is-layout-flow wp-block-column-is-layout-flow\" style=\"padding-top:0;padding-bottom:var(--wp--preset--spacing--10)\">\n<figure data-wp-context=\"{&quot;imageId&quot;:&quot;69e74230281cd&quot;}\" data-wp-interactive=\"core\/image\" data-wp-key=\"69e74230281cd\" class=\"wp-block-image size-large has-custom-border wp-lightbox-container\"><img loading=\"lazy\" decoding=\"async\" width=\"1024\" height=\"1024\" data-wp-class--hide=\"state.isContentHidden\" data-wp-class--show=\"state.isContentVisible\" data-wp-init=\"callbacks.setButtonStyles\" data-wp-on--click=\"actions.showLightbox\" data-wp-on--load=\"callbacks.setButtonStyles\" data-wp-on-window--resize=\"callbacks.setButtonStyles\" src=\"https:\/\/aliena.ch\/wp-content\/uploads\/2024\/11\/Milena-1024x1024.jpg\" alt=\"\" class=\"wp-image-2828\" style=\"border-radius:5px;object-fit:cover\" srcset=\"https:\/\/aliena.ch\/wp-content\/uploads\/2024\/11\/Milena-1024x1024.jpg 1024w, https:\/\/aliena.ch\/wp-content\/uploads\/2024\/11\/Milena-300x300.jpg 300w, https:\/\/aliena.ch\/wp-content\/uploads\/2024\/11\/Milena-150x150.jpg 150w, https:\/\/aliena.ch\/wp-content\/uploads\/2024\/11\/Milena-768x768.jpg 768w, https:\/\/aliena.ch\/wp-content\/uploads\/2024\/11\/Milena-1536x1536.jpg 1536w, https:\/\/aliena.ch\/wp-content\/uploads\/2024\/11\/Milena-1200x1200.jpg 1200w, https:\/\/aliena.ch\/wp-content\/uploads\/2024\/11\/Milena-1400x1400.jpg 1400w, https:\/\/aliena.ch\/wp-content\/uploads\/2024\/11\/Milena.jpg 2037w\" sizes=\"auto, (max-width: 1024px) 100vw, 1024px\" \/><button\n\t\t\tclass=\"lightbox-trigger\"\n\t\t\ttype=\"button\"\n\t\t\taria-haspopup=\"dialog\"\n\t\t\taria-label=\"Enlarge\"\n\t\t\tdata-wp-init=\"callbacks.initTriggerButton\"\n\t\t\tdata-wp-on--click=\"actions.showLightbox\"\n\t\t\tdata-wp-style--right=\"state.imageButtonRight\"\n\t\t\tdata-wp-style--top=\"state.imageButtonTop\"\n\t\t>\n\t\t\t<svg xmlns=\"http:\/\/www.w3.org\/2000\/svg\" width=\"12\" height=\"12\" fill=\"none\" viewBox=\"0 0 12 12\">\n\t\t\t\t<path fill=\"#fff\" d=\"M2 0a2 2 0 0 0-2 2v2h1.5V2a.5.5 0 0 1 .5-.5h2V0H2Zm2 10.5H2a.5.5 0 0 1-.5-.5V8H0v2a2 2 0 0 0 2 2h2v-1.5ZM8 12v-1.5h2a.5.5 0 0 0 .5-.5V8H12v2a2 2 0 0 1-2 2H8Zm2-12a2 2 0 0 1 2 2v2h-1.5V2a.5.5 0 0 0-.5-.5H8V0h2Z\" \/>\n\t\t\t<\/svg>\n\t\t<\/button><\/figure>\n\n\n\n<p style=\"line-height:1.3\">Milena George<\/p>\n<\/div>\n<\/div>\n\n\n\n<div class=\"wp-block-columns is-layout-flex wp-container-core-columns-is-layout-28f84493 wp-block-columns-is-layout-flex\">\n<div class=\"wp-block-column is-layout-flow wp-block-column-is-layout-flow\" style=\"padding-top:0;padding-bottom:var(--wp--preset--spacing--10)\">\n<figure data-wp-context=\"{&quot;imageId&quot;:&quot;69e7423028b69&quot;}\" data-wp-interactive=\"core\/image\" data-wp-key=\"69e7423028b69\" class=\"wp-block-image size-large has-custom-border wp-lightbox-container\"><img loading=\"lazy\" decoding=\"async\" width=\"1024\" height=\"1024\" data-wp-class--hide=\"state.isContentHidden\" data-wp-class--show=\"state.isContentVisible\" data-wp-init=\"callbacks.setButtonStyles\" data-wp-on--click=\"actions.showLightbox\" data-wp-on--load=\"callbacks.setButtonStyles\" data-wp-on-window--resize=\"callbacks.setButtonStyles\" src=\"https:\/\/aliena.ch\/wp-content\/uploads\/2024\/11\/Mariel-1024x1024.jpg\" alt=\"\" class=\"wp-image-2816\" style=\"border-radius:5px;object-fit:cover\" srcset=\"https:\/\/aliena.ch\/wp-content\/uploads\/2024\/11\/Mariel-1024x1024.jpg 1024w, https:\/\/aliena.ch\/wp-content\/uploads\/2024\/11\/Mariel-300x300.jpg 300w, https:\/\/aliena.ch\/wp-content\/uploads\/2024\/11\/Mariel-150x150.jpg 150w, https:\/\/aliena.ch\/wp-content\/uploads\/2024\/11\/Mariel-768x768.jpg 768w, https:\/\/aliena.ch\/wp-content\/uploads\/2024\/11\/Mariel-1536x1536.jpg 1536w, https:\/\/aliena.ch\/wp-content\/uploads\/2024\/11\/Mariel-1200x1200.jpg 1200w, https:\/\/aliena.ch\/wp-content\/uploads\/2024\/11\/Mariel-1400x1400.jpg 1400w, https:\/\/aliena.ch\/wp-content\/uploads\/2024\/11\/Mariel.jpg 2037w\" sizes=\"auto, (max-width: 1024px) 100vw, 1024px\" \/><button\n\t\t\tclass=\"lightbox-trigger\"\n\t\t\ttype=\"button\"\n\t\t\taria-haspopup=\"dialog\"\n\t\t\taria-label=\"Enlarge\"\n\t\t\tdata-wp-init=\"callbacks.initTriggerButton\"\n\t\t\tdata-wp-on--click=\"actions.showLightbox\"\n\t\t\tdata-wp-style--right=\"state.imageButtonRight\"\n\t\t\tdata-wp-style--top=\"state.imageButtonTop\"\n\t\t>\n\t\t\t<svg xmlns=\"http:\/\/www.w3.org\/2000\/svg\" width=\"12\" height=\"12\" fill=\"none\" viewBox=\"0 0 12 12\">\n\t\t\t\t<path fill=\"#fff\" d=\"M2 0a2 2 0 0 0-2 2v2h1.5V2a.5.5 0 0 1 .5-.5h2V0H2Zm2 10.5H2a.5.5 0 0 1-.5-.5V8H0v2a2 2 0 0 0 2 2h2v-1.5ZM8 12v-1.5h2a.5.5 0 0 0 .5-.5V8H12v2a2 2 0 0 1-2 2H8Zm2-12a2 2 0 0 1 2 2v2h-1.5V2a.5.5 0 0 0-.5-.5H8V0h2Z\" \/>\n\t\t\t<\/svg>\n\t\t<\/button><\/figure>\n\n\n\n<p style=\"line-height:1.3\">Mariel de Weck-Yomha<\/p>\n<\/div>\n\n\n\n<div class=\"wp-block-column is-layout-flow wp-block-column-is-layout-flow\" style=\"padding-top:0;padding-bottom:var(--wp--preset--spacing--10)\">\n<figure data-wp-context=\"{&quot;imageId&quot;:&quot;69e74230292da&quot;}\" data-wp-interactive=\"core\/image\" data-wp-key=\"69e74230292da\" class=\"wp-block-image size-large has-custom-border wp-lightbox-container\"><img loading=\"lazy\" decoding=\"async\" width=\"1024\" height=\"1024\" data-wp-class--hide=\"state.isContentHidden\" data-wp-class--show=\"state.isContentVisible\" data-wp-init=\"callbacks.setButtonStyles\" data-wp-on--click=\"actions.showLightbox\" data-wp-on--load=\"callbacks.setButtonStyles\" data-wp-on-window--resize=\"callbacks.setButtonStyles\" src=\"https:\/\/aliena.ch\/wp-content\/uploads\/2024\/11\/Priscila-1024x1024.jpg\" alt=\"\" class=\"wp-image-2852\" style=\"border-radius:5px;object-fit:cover\" srcset=\"https:\/\/aliena.ch\/wp-content\/uploads\/2024\/11\/Priscila-1024x1024.jpg 1024w, https:\/\/aliena.ch\/wp-content\/uploads\/2024\/11\/Priscila-300x300.jpg 300w, https:\/\/aliena.ch\/wp-content\/uploads\/2024\/11\/Priscila-150x150.jpg 150w, https:\/\/aliena.ch\/wp-content\/uploads\/2024\/11\/Priscila-768x768.jpg 768w, https:\/\/aliena.ch\/wp-content\/uploads\/2024\/11\/Priscila-1536x1536.jpg 1536w, https:\/\/aliena.ch\/wp-content\/uploads\/2024\/11\/Priscila-1200x1200.jpg 1200w, https:\/\/aliena.ch\/wp-content\/uploads\/2024\/11\/Priscila-1400x1400.jpg 1400w, https:\/\/aliena.ch\/wp-content\/uploads\/2024\/11\/Priscila.jpg 2037w\" sizes=\"auto, (max-width: 1024px) 100vw, 1024px\" \/><button\n\t\t\tclass=\"lightbox-trigger\"\n\t\t\ttype=\"button\"\n\t\t\taria-haspopup=\"dialog\"\n\t\t\taria-label=\"Enlarge\"\n\t\t\tdata-wp-init=\"callbacks.initTriggerButton\"\n\t\t\tdata-wp-on--click=\"actions.showLightbox\"\n\t\t\tdata-wp-style--right=\"state.imageButtonRight\"\n\t\t\tdata-wp-style--top=\"state.imageButtonTop\"\n\t\t>\n\t\t\t<svg xmlns=\"http:\/\/www.w3.org\/2000\/svg\" width=\"12\" height=\"12\" fill=\"none\" viewBox=\"0 0 12 12\">\n\t\t\t\t<path fill=\"#fff\" d=\"M2 0a2 2 0 0 0-2 2v2h1.5V2a.5.5 0 0 1 .5-.5h2V0H2Zm2 10.5H2a.5.5 0 0 1-.5-.5V8H0v2a2 2 0 0 0 2 2h2v-1.5ZM8 12v-1.5h2a.5.5 0 0 0 .5-.5V8H12v2a2 2 0 0 1-2 2H8Zm2-12a2 2 0 0 1 2 2v2h-1.5V2a.5.5 0 0 0-.5-.5H8V0h2Z\" \/>\n\t\t\t<\/svg>\n\t\t<\/button><\/figure>\n\n\n\n<p style=\"line-height:1.3\">Priscila Wahl<\/p>\n<\/div>\n\n\n\n<div class=\"wp-block-column is-layout-flow wp-block-column-is-layout-flow\" style=\"padding-top:0;padding-bottom:var(--wp--preset--spacing--10)\">\n<figure data-wp-context=\"{&quot;imageId&quot;:&quot;69e7423029a68&quot;}\" data-wp-interactive=\"core\/image\" data-wp-key=\"69e7423029a68\" class=\"wp-block-image size-large has-custom-border wp-lightbox-container\"><img loading=\"lazy\" decoding=\"async\" width=\"1024\" height=\"1024\" data-wp-class--hide=\"state.isContentHidden\" data-wp-class--show=\"state.isContentVisible\" data-wp-init=\"callbacks.setButtonStyles\" data-wp-on--click=\"actions.showLightbox\" data-wp-on--load=\"callbacks.setButtonStyles\" data-wp-on-window--resize=\"callbacks.setButtonStyles\" src=\"https:\/\/aliena.ch\/wp-content\/uploads\/2024\/11\/Astrid-1024x1024.jpg\" alt=\"\" class=\"wp-image-2780\" style=\"border-radius:5px;object-fit:cover\" srcset=\"https:\/\/aliena.ch\/wp-content\/uploads\/2024\/11\/Astrid-1024x1024.jpg 1024w, https:\/\/aliena.ch\/wp-content\/uploads\/2024\/11\/Astrid-300x300.jpg 300w, https:\/\/aliena.ch\/wp-content\/uploads\/2024\/11\/Astrid-150x150.jpg 150w, https:\/\/aliena.ch\/wp-content\/uploads\/2024\/11\/Astrid-768x768.jpg 768w, https:\/\/aliena.ch\/wp-content\/uploads\/2024\/11\/Astrid-1536x1536.jpg 1536w, https:\/\/aliena.ch\/wp-content\/uploads\/2024\/11\/Astrid-1200x1200.jpg 1200w, https:\/\/aliena.ch\/wp-content\/uploads\/2024\/11\/Astrid-1400x1400.jpg 1400w, https:\/\/aliena.ch\/wp-content\/uploads\/2024\/11\/Astrid.jpg 2037w\" sizes=\"auto, (max-width: 1024px) 100vw, 1024px\" \/><button\n\t\t\tclass=\"lightbox-trigger\"\n\t\t\ttype=\"button\"\n\t\t\taria-haspopup=\"dialog\"\n\t\t\taria-label=\"Enlarge\"\n\t\t\tdata-wp-init=\"callbacks.initTriggerButton\"\n\t\t\tdata-wp-on--click=\"actions.showLightbox\"\n\t\t\tdata-wp-style--right=\"state.imageButtonRight\"\n\t\t\tdata-wp-style--top=\"state.imageButtonTop\"\n\t\t>\n\t\t\t<svg xmlns=\"http:\/\/www.w3.org\/2000\/svg\" width=\"12\" height=\"12\" fill=\"none\" viewBox=\"0 0 12 12\">\n\t\t\t\t<path fill=\"#fff\" d=\"M2 0a2 2 0 0 0-2 2v2h1.5V2a.5.5 0 0 1 .5-.5h2V0H2Zm2 10.5H2a.5.5 0 0 1-.5-.5V8H0v2a2 2 0 0 0 2 2h2v-1.5ZM8 12v-1.5h2a.5.5 0 0 0 .5-.5V8H12v2a2 2 0 0 1-2 2H8Zm2-12a2 2 0 0 1 2 2v2h-1.5V2a.5.5 0 0 0-.5-.5H8V0h2Z\" \/>\n\t\t\t<\/svg>\n\t\t<\/button><\/figure>\n\n\n\n<p style=\"line-height:1.3\">Astrid Giauque Schmid<\/p>\n<\/div>\n\n\n\n<div class=\"wp-block-column is-layout-flow wp-block-column-is-layout-flow\" style=\"padding-top:0;padding-bottom:var(--wp--preset--spacing--10)\">\n<figure data-wp-context=\"{&quot;imageId&quot;:&quot;69e742302a310&quot;}\" data-wp-interactive=\"core\/image\" data-wp-key=\"69e742302a310\" class=\"wp-block-image size-large has-custom-border wp-lightbox-container\"><img loading=\"lazy\" decoding=\"async\" width=\"1024\" height=\"1024\" data-wp-class--hide=\"state.isContentHidden\" data-wp-class--show=\"state.isContentVisible\" data-wp-init=\"callbacks.setButtonStyles\" data-wp-on--click=\"actions.showLightbox\" data-wp-on--load=\"callbacks.setButtonStyles\" data-wp-on-window--resize=\"callbacks.setButtonStyles\" src=\"https:\/\/aliena.ch\/wp-content\/uploads\/2024\/11\/meret-2-1024x1024.jpg\" alt=\"\" class=\"wp-image-3737\" style=\"border-radius:5px;object-fit:cover\" srcset=\"https:\/\/aliena.ch\/wp-content\/uploads\/2024\/11\/meret-2-1024x1024.jpg 1024w, https:\/\/aliena.ch\/wp-content\/uploads\/2024\/11\/meret-2-300x300.jpg 300w, https:\/\/aliena.ch\/wp-content\/uploads\/2024\/11\/meret-2-150x150.jpg 150w, https:\/\/aliena.ch\/wp-content\/uploads\/2024\/11\/meret-2-768x768.jpg 768w, https:\/\/aliena.ch\/wp-content\/uploads\/2024\/11\/meret-2-1200x1200.jpg 1200w, https:\/\/aliena.ch\/wp-content\/uploads\/2024\/11\/meret-2.jpg 1350w\" sizes=\"auto, (max-width: 1024px) 100vw, 1024px\" \/><button\n\t\t\tclass=\"lightbox-trigger\"\n\t\t\ttype=\"button\"\n\t\t\taria-haspopup=\"dialog\"\n\t\t\taria-label=\"Enlarge\"\n\t\t\tdata-wp-init=\"callbacks.initTriggerButton\"\n\t\t\tdata-wp-on--click=\"actions.showLightbox\"\n\t\t\tdata-wp-style--right=\"state.imageButtonRight\"\n\t\t\tdata-wp-style--top=\"state.imageButtonTop\"\n\t\t>\n\t\t\t<svg xmlns=\"http:\/\/www.w3.org\/2000\/svg\" width=\"12\" height=\"12\" fill=\"none\" viewBox=\"0 0 12 12\">\n\t\t\t\t<path fill=\"#fff\" d=\"M2 0a2 2 0 0 0-2 2v2h1.5V2a.5.5 0 0 1 .5-.5h2V0H2Zm2 10.5H2a.5.5 0 0 1-.5-.5V8H0v2a2 2 0 0 0 2 2h2v-1.5ZM8 12v-1.5h2a.5.5 0 0 0 .5-.5V8H12v2a2 2 0 0 1-2 2H8Zm2-12a2 2 0 0 1 2 2v2h-1.5V2a.5.5 0 0 0-.5-.5H8V0h2Z\" \/>\n\t\t\t<\/svg>\n\t\t<\/button><\/figure>\n\n\n\n<p style=\"line-height:1.3\">Meret K\u00fcbler<\/p>\n<\/div>\n<\/div>\n<\/div>\n\n\n\n<h2 class=\"wp-block-heading\" id=\"colaboradoras-voluntarias\">Colaboradoras volunt\u00e1rias<\/h2>\n\n\n\n<p>Adriana \u2013 Alicia \u2013 Anne \u2013 Be\u00e1ta \u2013 Dalila \u2013 Grazia \u2013 Lia \u2013 Ligia \u2013 Maya \u2013 Martha \u2013 Olivia \u2013 Pim \u2013 Sabine \u2013 Sarah \u2013 Silvia \u2013 Stephanie<\/p>\n\n\n\n<p><\/p>\n","protected":false},"excerpt":{"rendered":"<p>Somos Aliena, o centro de aconselhamento para quem trabalha, j\u00e1 trabalhou, quer trabalhar ou n\u00e3o quer mais trabalhar no setor de trabalho sexual no cant\u00e3o da Basileia-Cidade (Basel-Stadt).&nbsp;&nbsp; Somos uma equipe de mulheres qualificadas e podemos aconselh\u00e1-lo, inform\u00e1-lo e apoi\u00e1-lo em v\u00e1rios temas. Somos independentes do ponto de vista pol\u00edtico e religioso. A consultoria \u00e9 &hellip;<\/p>\n","protected":false},"author":1,"featured_media":234,"parent":0,"menu_order":0,"comment_status":"closed","ping_status":"closed","template":"templates\/page-notitle.php","meta":{"_genesis_block_theme_hide_title":false,"footnotes":""},"class_list":["post-652","page","type-page","status-publish","has-post-thumbnail","hentry","post","with-featured-image"],"_links":{"self":[{"href":"https:\/\/aliena.ch\/pt-pt\/wp-json\/wp\/v2\/pages\/652","targetHints":{"allow":["GET"]}}],"collection":[{"href":"https:\/\/aliena.ch\/pt-pt\/wp-json\/wp\/v2\/pages"}],"about":[{"href":"https:\/\/aliena.ch\/pt-pt\/wp-json\/wp\/v2\/types\/page"}],"author":[{"embeddable":true,"href":"https:\/\/aliena.ch\/pt-pt\/wp-json\/wp\/v2\/users\/1"}],"replies":[{"embeddable":true,"href":"https:\/\/aliena.ch\/pt-pt\/wp-json\/wp\/v2\/comments?post=652"}],"version-history":[{"count":4,"href":"https:\/\/aliena.ch\/pt-pt\/wp-json\/wp\/v2\/pages\/652\/revisions"}],"predecessor-version":[{"id":4013,"href":"https:\/\/aliena.ch\/pt-pt\/wp-json\/wp\/v2\/pages\/652\/revisions\/4013"}],"wp:featuredmedia":[{"embeddable":true,"href":"https:\/\/aliena.ch\/pt-pt\/wp-json\/wp\/v2\/media\/234"}],"wp:attachment":[{"href":"https:\/\/aliena.ch\/pt-pt\/wp-json\/wp\/v2\/media?parent=652"}],"curies":[{"name":"wp","href":"https:\/\/api.w.org\/{rel}","templated":true}]}}