{"id":3199,"date":"2024-11-13T11:57:49","date_gmt":"2024-11-13T11:57:49","guid":{"rendered":"https:\/\/aliena.ch\/?page_id=3199"},"modified":"2025-09-09T13:12:16","modified_gmt":"2025-09-09T13:12:16","slug":"o-que-oferecemos","status":"publish","type":"page","link":"https:\/\/aliena.ch\/pt-pt\/o-que-oferecemos\/","title":{"rendered":"O que oferecemos"},"content":{"rendered":"\n<div class=\"custom-css-block\"><style>.aagb_accordion_f2c23d4d-4267-431b-ba39-5f247d0c2fd7 {   }<\/style><\/div><style>\n        .aagb_accordion_f2c23d4d-4267-431b-ba39-5f247d0c2fd7 .aagb__accordion_active .aagb__accordion_body {\n            \n        }\n        .aagb_accordion_f2c23d4d-4267-431b-ba39-5f247d0c2fd7 .aagb__accordion_container.wp-block-aab-accordion-item .aagb__accordion_head {\n          background-color: #bcb6b638;\n          \n          border-top: none; border-right: none; border-bottom: none; border-left: none;\n          \n        }\n        .aagb_accordion_f2c23d4d-4267-431b-ba39-5f247d0c2fd7 .aagb__accordion_container.wp-block-aab-accordion-item .aagb__accordion_body {\n          \n          \n          \n          border-top: 1px solid #bcb6b638; border-right: none; border-bottom: none; border-left: none;\n          \n        }\n        \n        .aagb_accordion_f2c23d4d-4267-431b-ba39-5f247d0c2fd7 .wp-block-aab-accordion-item .aagb__accordion_subheading {\n          margin: 5px 0 0 0;\n          \n        }\n        .aagb_accordion_f2c23d4d-4267-431b-ba39-5f247d0c2fd7 .wp-block-aab-accordion-item .aagb__accordion_icon {\n          \n          \n        }\n        .aagb_accordion_f2c23d4d-4267-431b-ba39-5f247d0c2fd7 .wp-block-aab-accordion-item .aagb__icon {\n          font-size: 23px;\n        }\n        .aagb_accordion_f2c23d4d-4267-431b-ba39-5f247d0c2fd7 .aagb__accordion_title {\n          margin: 0;\n          \n        }\n        .aagb_accordion_f2c23d4d-4267-431b-ba39-5f247d0c2fd7 .aagb__accordion_container {\n          border: 1px solid #bcb6b638;\n          margin-top: 0px;\n          margin-bottom: 15px;\n          \n        }\n          .aagb_accordion_f2c23d4d-4267-431b-ba39-5f247d0c2fd7 .aagb__accordion_number{\n            \n        }\n        .aagb_accordion_f2c23d4d-4267-431b-ba39-5f247d0c2fd7 .wp-block-aab-accordion-item .aagb__accordion_subheading{\n           false\n        }\n\n        .aagb_accordion_f2c23d4d-4267-431b-ba39-5f247d0c2fd7 .aab-step-progress{\n          background-color: #dfd2d2;\n        }\n            \n        .aagb_accordion_f2c23d4d-4267-431b-ba39-5f247d0c2fd7 .aab-step-progress-bar {\n          background-color: #1570ec;\n        }\n\n        .aagb_accordion_f2c23d4d-4267-431b-ba39-5f247d0c2fd7 .aagb__accordion_number{\n          \n        }\n        .aagb_accordion_f2c23d4d-4267-431b-ba39-5f247d0c2fd7 .aab-progress-bar-container{\n          background-color: #f0f0f0;\n        }\n        .aagb_accordion_f2c23d4d-4267-431b-ba39-5f247d0c2fd7 .aab-progress-bar {\n            background-color: #0866ff;\n        }\n        \n       .aagb__group_accordion_container.has_img {\n            \n            flex-direction: row;\n        }\n      \n          .aagb_accordion_f2c23d4d-4267-431b-ba39-5f247d0c2fd7 .aagb__accordion_container {\n            transition-duration: 0ms !important;\n            outline: 2px solid #00000000;\n          }\n          .aagb_accordion_f2c23d4d-4267-431b-ba39-5f247d0c2fd7 .aagb__accordion_container:focus-visible {\n            outline: 2px solid #C2DBFE;\n          }\n        <\/style><div class=\"wp-block-aab-group-accordion searchable aagb_accordion_f2c23d4d-4267-431b-ba39-5f247d0c2fd7 click false\" id=\"group-accordion-f2c23d4d-4267-431b-ba39-5f247d0c2fd7\">\n<div class=\"wp-block-aab-accordion-item aagb__accordion_container panel\" data-autoplay=\"false\" data-duration=\"3000\" data-progress-bar-direction=\"horizontal\" data-feature-image-url=\"\" data-auto-numbering=\"false\" data-progress-bar-on=\"false\" tabindex=\"0\"><div class=\"aagb__accordion_head aagb_right_icon  \" data-active=\"false\"><div class=\"aagb__accordion_heading aagb_right_icon aagb_right_link\"><div class=\"head_content_wrapper\"><div class=\"title_wrapper\"><h5 class=\"aagb__accordion_title\">Voc\u00ea tem alguma pergunta, est\u00e1 procurando informa\u00e7\u00f5es ou apoio?<\/h5><\/div><\/div><\/div><div class=\"aagb__accordion_icon\"><div class=\"aagb__icon_dashicons_box\"><span class=\"aagb__icon dashicons dashicons-plus-alt2\"><\/span><\/div><\/div><\/div><div class=\"aagb__accordion_body   \" role=\"region\"><div class=\"aagb__accordion_component \">\n<p>Com prazer, n\u00f3s o aconselharemos pessoalmente, por telefone ou por escrito. Nossa orienta\u00e7\u00e3o \u00e9 gratuita, an\u00f4nima e confidencial. Oferecemos aconselhamento em alem\u00e3o, ingl\u00eas, franc\u00eas, italiano, espanhol e polon\u00eas, e trabalhamos com int\u00e9rpretes, se necess\u00e1rio. Tamb\u00e9m podemos recomendar e acompanhar voc\u00ea a outros centros e especialistas. Se tiver alguma pergunta, n\u00e3o hesite em entrar em contato conosco.&nbsp;<\/p>\n<\/div><\/div><\/div>\n\n\n\n<div class=\"wp-block-aab-accordion-item aagb__accordion_container panel\" data-autoplay=\"false\" data-duration=\"3000\" data-progress-bar-direction=\"horizontal\" data-feature-image-url=\"\" data-auto-numbering=\"false\" data-progress-bar-on=\"false\" tabindex=\"0\"><div class=\"aagb__accordion_head aab_right_icon  \" data-active=\"false\"><div class=\"aagb__accordion_heading aab_right_icon aagb_right_link\"><div class=\"head_content_wrapper\"><div class=\"title_wrapper\"><h5 class=\"aagb__accordion_title\">Voc\u00ea quer aprender alem\u00e3o?<\/h5><\/div><\/div><\/div><div class=\"aagb__accordion_icon\"><div class=\"aagb__icon_dashicons_box\"><span class=\"aagb__icon dashicons dashicons-plus-alt2\"><\/span><\/div><\/div><\/div><div class=\"aagb__accordion_body   \" role=\"region\"><div class=\"aagb__accordion_component \">\n<p>Oferecemos cursos gratuitos de alem\u00e3o. Aqui voc\u00ea pode aprender palavras e frases \u00fateis para a vida cotidiana na Basileia, para contato com clientes ou com o respons\u00e1vel estabelecimento. <\/p>\n\n\n\n<p>Voc\u00ea pode participar a qualquer momento.<\/p>\n<\/div><\/div><\/div>\n\n\n\n<div class=\"wp-block-aab-accordion-item aagb__accordion_container panel\" data-autoplay=\"false\" data-duration=\"3000\" data-progress-bar-direction=\"horizontal\" data-feature-image-url=\"\" data-auto-numbering=\"false\" data-progress-bar-on=\"false\" tabindex=\"0\"><div class=\"aagb__accordion_head aab_right_icon  \" data-active=\"false\"><div class=\"aagb__accordion_heading aab_right_icon aagb_right_link\"><div class=\"head_content_wrapper\"><div class=\"title_wrapper\"><h5 class=\"aagb__accordion_title\">Voc\u00ea est\u00e1 se sentindo doente?\u00a0 \u00a0<\/h5><\/div><\/div><\/div><div class=\"aagb__accordion_icon\"><div class=\"aagb__icon_dashicons_box\"><span class=\"aagb__icon dashicons dashicons-plus-alt2\"><\/span><\/div><\/div><\/div><div class=\"aagb__accordion_body   \" role=\"region\"><div class=\"aagb__accordion_component \">\n<p>Est\u00e1 com dor? Est\u00e1 tomando medicamentos prescritos, mas n\u00e3o tem o suficiente para sua estadia na Basileia? Gostaria de fazer um teste de DST (doen\u00e7as sexualmente transmiss\u00edveis) ou VIH? Est\u00e1 gr\u00e1vida ou tem d\u00favidas de que est\u00e1 gr\u00e1vida? Est\u00e1 se sentindo triste, nervosa, ansiosa ou angustiada? Podemos recomendar ou acompanh\u00e1-lo a um m\u00e9dico para fazer um exame e, se necess\u00e1rio, eles prescrevam medicamentos. Se voc\u00ea n\u00e3o tiver seguro de sa\u00fade na Su\u00ed\u00e7a, vamos encontrar uma solu\u00e7\u00e3o.<\/p>\n<\/div><\/div><\/div>\n\n\n\n<div class=\"wp-block-aab-accordion-item aagb__accordion_container panel\" data-autoplay=\"false\" data-duration=\"3000\" data-progress-bar-direction=\"horizontal\" data-feature-image-url=\"\" data-auto-numbering=\"false\" data-progress-bar-on=\"false\" tabindex=\"0\"><div class=\"aagb__accordion_head aab_right_icon  \" data-active=\"false\"><div class=\"aagb__accordion_heading aab_right_icon aagb_right_link\"><div class=\"head_content_wrapper\"><div class=\"title_wrapper\"><h5 class=\"aagb__accordion_title\">Voc\u00ea gostaria de aprender estrat\u00e9gias de seguran\u00e7a e prote\u00e7\u00e3o?<\/h5><\/div><\/div><\/div><div class=\"aagb__accordion_icon\"><div class=\"aagb__icon_dashicons_box\"><span class=\"aagb__icon dashicons dashicons-plus-alt2\"><\/span><\/div><\/div><\/div><div class=\"aagb__accordion_body   \" role=\"region\"><div class=\"aagb__accordion_component \">\n<p>1. Quer aprender a estabelecer limites com autoconfian\u00e7a e a se defender fisicamente em situa\u00e7\u00f5es de viol\u00eancia? Ent\u00e3o venha para o workshop de autodefesa: 29 de outubro de 2025, das 13:00 \u00e0s 14:00<\/p>\n\n\n\n<p>2. Voc\u00ea tem interesse em diferentes estrat\u00e9gias de seguran\u00e7a e prote\u00e7\u00e3o no trabalho? gostaria que uma profissional do sexo experiente lhe ensinasse como se proteger em situa\u00e7\u00f5es cr\u00edticas? Ent\u00e3o venha para o workshop: 2025, 13:00 &#8211; 14:00<\/p>\n\n\n\n<p>3. Voc\u00ea quer aprender como fazer uma chamada de emerg\u00eancia e como funciona o processo de den\u00fancia? Voc\u00ea quer saber mais sobre seus direitos como v\u00edtima de um crime violento?<\/p>\n\n\n\n<p>&nbsp;Ent\u00e3o participe do workshop com a pol\u00edcia cantonal da cidade de Basileia: 9 de abrilde 2025, das 13:00 \u00e0s 14:00.<\/p>\n\n\n\n<p>Se necess\u00e1rio, podemos traduzir com a equipe ou organizar uma tradu\u00e7\u00e3o.<\/p>\n<\/div><\/div><\/div>\n\n\n\n<div class=\"wp-block-aab-accordion-item aagb__accordion_container panel\" data-autoplay=\"false\" data-duration=\"3000\" data-progress-bar-direction=\"horizontal\" data-feature-image-url=\"\" data-auto-numbering=\"false\" data-progress-bar-on=\"false\" tabindex=\"0\"><div class=\"aagb__accordion_head aab_right_icon  \" data-active=\"false\"><div class=\"aagb__accordion_heading aab_right_icon aagb_right_link\"><div class=\"head_content_wrapper\"><div class=\"title_wrapper\"><h5 class=\"aagb__accordion_title\">Voc\u00ea gostaria de fazer uma pausa para o almo\u00e7o e interagir com outras pessoas?<\/h5><\/div><\/div><\/div><div class=\"aagb__accordion_icon\"><div class=\"aagb__icon_dashicons_box\"><span class=\"aagb__icon dashicons dashicons-plus-alt2\"><\/span><\/div><\/div><\/div><div class=\"aagb__accordion_body   \" role=\"region\"><div class=\"aagb__accordion_component \">\n<p><strong>Ponto de encontro na hora do almo\u00e7o<\/strong><\/p>\n\n\n\n<p>Voc\u00ea gostaria de conhecer novas pessoas, conhecer melhor a Aliena ou apenas fazer uma pequena pausa? Todas as quartas-feiras, oferecemos um almo\u00e7o fresco e caseiro gratuitamente.&nbsp;<\/p>\n\n\n\n<p>&nbsp;Durante o ponto de encontro, a cada duas semanas, h\u00e1 a possibilidade de desfrutar de uma massagem corporal profissional.&nbsp;<\/p>\n\n\n\n<p>&nbsp;Uma vez por m\u00eas, o Rahab (Ex\u00e9rcito da Salva\u00e7\u00e3o) e a equipe de aconselhamento da SiTa (Igreja Cat\u00f3lica Romana) oferecem atendimento pastoral. Voc\u00ea pode conversar com eles, orar e\/ou fazer algo criativo.<\/p>\n\n\n\n<p><strong>Portas abertas<\/strong><\/p>\n\n\n\n<p>Precisa de uma pequena pausa?&nbsp;<\/p>\n\n\n\n<p>Venha at\u00e9 a Aliena durante o hor\u00e1rio de funcionamento e relaxe em um ambiente tranquilo com ch\u00e1, caf\u00e9 ou uma bebida gelada. Se tiver alguma pergunta, ser\u00e1 um prazer conversar com voc\u00ea ou marcar uma consulta de aconselhamento.<\/p>\n<\/div><\/div><\/div>\n\n\n\n<div class=\"wp-block-aab-accordion-item aagb__accordion_container panel\" data-autoplay=\"false\" data-duration=\"3000\" data-progress-bar-direction=\"horizontal\" data-feature-image-url=\"\" data-auto-numbering=\"false\" data-progress-bar-on=\"false\" tabindex=\"0\"><div class=\"aagb__accordion_head aab_right_icon  \" data-active=\"false\"><div class=\"aagb__accordion_heading aab_right_icon aagb_right_link\"><div class=\"head_content_wrapper\"><div class=\"title_wrapper\"><h5 class=\"aagb__accordion_title\">Informa\u00e7\u00f5es iniciais sobre o processo de registro.<\/h5><\/div><\/div><\/div><div class=\"aagb__accordion_icon\"><div class=\"aagb__icon_dashicons_box\"><span class=\"aagb__icon dashicons dashicons-plus-alt2\"><\/span><\/div><\/div><\/div><div class=\"aagb__accordion_body   \" role=\"region\"><div class=\"aagb__accordion_component \">\n<p>Voc\u00ea precisa procurar sua confirma\u00e7\u00e3o de registro ou autoriza\u00e7\u00e3o de resid\u00eancia em Aliena?&nbsp;<\/p>\n\n\n\n<p>Presen\u00e7a do Escrit\u00f3rio de Economia e Trabalho (confirma\u00e7\u00e3o de registro) em Aliena:<\/p>\n\n\n\n<p>Segundas, quartas e sextas-feiras, das 9h00 \u00e0s 12h00.<\/p>\n\n\n\n<p>Estamos \u00e0 sua disposi\u00e7\u00e3o durante esses hor\u00e1rios. N\u00f3s a informaremos sobre seus direitos e obriga\u00e7\u00f5es, os servi\u00e7os oferecidos pela Aliena, endere\u00e7os de contato na Basileia, por exemplo, n\u00fameros de telefone de emerg\u00eancia, pontos de contato social e m\u00e9dico. Se tiver alguma d\u00favida ou precisar de apoio, podemos conversar diretamente com voc\u00ea ou marcar uma consulta de aconselhamento.<\/p>\n<\/div><\/div><\/div>\n\n\n\n<div class=\"wp-block-aab-accordion-item aagb__accordion_container panel\" data-autoplay=\"false\" data-duration=\"3000\" data-progress-bar-direction=\"horizontal\" data-feature-image-url=\"\" data-auto-numbering=\"false\" data-progress-bar-on=\"false\" tabindex=\"0\"><div class=\"aagb__accordion_head aab_right_icon  \" data-active=\"false\"><div class=\"aagb__accordion_heading aab_right_icon aagb_right_link\"><div class=\"head_content_wrapper\"><div class=\"title_wrapper\"><h5 class=\"aagb__accordion_title\">Voc\u00ea precisa de um lugar para se retirar?\u00a0<\/h5><\/div><\/div><\/div><div class=\"aagb__accordion_icon\"><div class=\"aagb__icon_dashicons_box\"><span class=\"aagb__icon dashicons dashicons-plus-alt2\"><\/span><\/div><\/div><\/div><div class=\"aagb__accordion_body   \" role=\"region\"><div class=\"aagb__accordion_component \">\n<p>Durante o hor\u00e1rio de funcionamento do nosso centro de aconselhamento, voc\u00ea pode se retirar para o nosso sal\u00e3o confortavelmente mobiliado e relaxar l\u00e1.<\/p>\n<\/div><\/div><\/div>\n\n\n\n<div class=\"wp-block-aab-accordion-item aagb__accordion_container panel\" data-autoplay=\"false\" data-duration=\"3000\" data-progress-bar-direction=\"horizontal\" data-feature-image-url=\"\" data-auto-numbering=\"false\" data-progress-bar-on=\"false\" tabindex=\"0\"><div class=\"aagb__accordion_head aab_right_icon  \" data-active=\"false\"><div class=\"aagb__accordion_heading aab_right_icon aagb_right_link\"><div class=\"head_content_wrapper\"><div class=\"title_wrapper\"><h5 class=\"aagb__accordion_title\">Est\u00e1 faltando alguma coisa na oferta da Aliena?\u00a0<\/h5><\/div><\/div><\/div><div class=\"aagb__accordion_icon\"><div class=\"aagb__icon_dashicons_box\"><span class=\"aagb__icon dashicons dashicons-plus-alt2\"><\/span><\/div><\/div><\/div><div class=\"aagb__accordion_body   \" role=\"region\"><div class=\"aagb__accordion_component \">\n<p>Aguardamos com expetativa os seus coment\u00e1rios. Pode faz\u00ea-lo por correio eletr\u00f3nico, telefone ou atrav\u00e9s do formul\u00e1rio de contacto. Pode encontrar todos os detalhes em \u201cContacto\u201d.<\/p>\n<\/div><\/div><\/div>\n<\/div>\n","protected":false},"excerpt":{"rendered":"","protected":false},"author":1,"featured_media":234,"parent":0,"menu_order":0,"comment_status":"closed","ping_status":"closed","template":"","meta":{"_genesis_block_theme_hide_title":false,"footnotes":""},"class_list":["post-3199","page","type-page","status-publish","has-post-thumbnail","hentry","post","with-featured-image"],"_links":{"self":[{"href":"https:\/\/aliena.ch\/pt-pt\/wp-json\/wp\/v2\/pages\/3199","targetHints":{"allow":["GET"]}}],"collection":[{"href":"https:\/\/aliena.ch\/pt-pt\/wp-json\/wp\/v2\/pages"}],"about":[{"href":"https:\/\/aliena.ch\/pt-pt\/wp-json\/wp\/v2\/types\/page"}],"author":[{"embeddable":true,"href":"https:\/\/aliena.ch\/pt-pt\/wp-json\/wp\/v2\/users\/1"}],"replies":[{"embeddable":true,"href":"https:\/\/aliena.ch\/pt-pt\/wp-json\/wp\/v2\/comments?post=3199"}],"version-history":[{"count":4,"href":"https:\/\/aliena.ch\/pt-pt\/wp-json\/wp\/v2\/pages\/3199\/revisions"}],"predecessor-version":[{"id":4042,"href":"https:\/\/aliena.ch\/pt-pt\/wp-json\/wp\/v2\/pages\/3199\/revisions\/4042"}],"wp:featuredmedia":[{"embeddable":true,"href":"https:\/\/aliena.ch\/pt-pt\/wp-json\/wp\/v2\/media\/234"}],"wp:attachment":[{"href":"https:\/\/aliena.ch\/pt-pt\/wp-json\/wp\/v2\/media?parent=3199"}],"curies":[{"name":"wp","href":"https:\/\/api.w.org\/{rel}","templated":true}]}}