{"id":3594,"date":"2024-11-15T08:17:51","date_gmt":"2024-11-15T08:17:51","guid":{"rendered":"https:\/\/aliena.ch\/?page_id=3594"},"modified":"2025-09-09T13:26:30","modified_gmt":"2025-09-09T13:26:30","slug":"oferta-pomocy","status":"publish","type":"page","link":"https:\/\/aliena.ch\/pl\/oferta-pomocy\/","title":{"rendered":"Oferta pomocy"},"content":{"rendered":"\n<div class=\"custom-css-block\"><style>.aagb_accordion_80c189f4-bfde-4d65-92eb-0ae8f0495f93 {   }<\/style><\/div><style>\n        .aagb_accordion_80c189f4-bfde-4d65-92eb-0ae8f0495f93 .aagb__accordion_active .aagb__accordion_body {\n            \n        }\n        .aagb_accordion_80c189f4-bfde-4d65-92eb-0ae8f0495f93 .aagb__accordion_container.wp-block-aab-accordion-item .aagb__accordion_head {\n          background-color: #bcb6b638;\n          \n          border-top: none; border-right: none; border-bottom: none; border-left: none;\n          \n        }\n        .aagb_accordion_80c189f4-bfde-4d65-92eb-0ae8f0495f93 .aagb__accordion_container.wp-block-aab-accordion-item .aagb__accordion_body {\n          \n          \n          \n          border-top: 1px solid #bcb6b638; border-right: none; border-bottom: none; border-left: none;\n          \n        }\n        \n        .aagb_accordion_80c189f4-bfde-4d65-92eb-0ae8f0495f93 .wp-block-aab-accordion-item .aagb__accordion_subheading {\n          margin: 5px 0 0 0;\n          \n        }\n        .aagb_accordion_80c189f4-bfde-4d65-92eb-0ae8f0495f93 .wp-block-aab-accordion-item .aagb__accordion_icon {\n          \n          \n        }\n        .aagb_accordion_80c189f4-bfde-4d65-92eb-0ae8f0495f93 .wp-block-aab-accordion-item .aagb__icon {\n          font-size: 23px;\n        }\n        .aagb_accordion_80c189f4-bfde-4d65-92eb-0ae8f0495f93 .aagb__accordion_title {\n          margin: 0;\n          \n        }\n        .aagb_accordion_80c189f4-bfde-4d65-92eb-0ae8f0495f93 .aagb__accordion_container {\n          border: 1px solid #bcb6b638;\n          margin-top: 0px;\n          margin-bottom: 15px;\n          \n        }\n          .aagb_accordion_80c189f4-bfde-4d65-92eb-0ae8f0495f93 .aagb__accordion_number{\n            \n        }\n        .aagb_accordion_80c189f4-bfde-4d65-92eb-0ae8f0495f93 .wp-block-aab-accordion-item .aagb__accordion_subheading{\n           false\n        }\n\n        .aagb_accordion_80c189f4-bfde-4d65-92eb-0ae8f0495f93 .aab-step-progress{\n          background-color: #dfd2d2;\n        }\n            \n        .aagb_accordion_80c189f4-bfde-4d65-92eb-0ae8f0495f93 .aab-step-progress-bar {\n          background-color: #1570ec;\n        }\n\n        .aagb_accordion_80c189f4-bfde-4d65-92eb-0ae8f0495f93 .aagb__accordion_number{\n          \n        }\n        .aagb_accordion_80c189f4-bfde-4d65-92eb-0ae8f0495f93 .aab-progress-bar-container{\n          background-color: #f0f0f0;\n        }\n        .aagb_accordion_80c189f4-bfde-4d65-92eb-0ae8f0495f93 .aab-progress-bar {\n            background-color: #0866ff;\n        }\n        \n       .aagb__group_accordion_container.has_img {\n            \n            flex-direction: row;\n        }\n      \n          .aagb_accordion_80c189f4-bfde-4d65-92eb-0ae8f0495f93 .aagb__accordion_container {\n            transition-duration: 0ms !important;\n            outline: 2px solid #00000000;\n          }\n          .aagb_accordion_80c189f4-bfde-4d65-92eb-0ae8f0495f93 .aagb__accordion_container:focus-visible {\n            outline: 2px solid #C2DBFE;\n          }\n        <\/style><div class=\"wp-block-aab-group-accordion searchable aagb_accordion_80c189f4-bfde-4d65-92eb-0ae8f0495f93 click false\" id=\"group-accordion-80c189f4-bfde-4d65-92eb-0ae8f0495f93\">\n<div class=\"wp-block-aab-accordion-item aagb__accordion_container panel\" data-autoplay=\"false\" data-duration=\"3000\" data-progress-bar-direction=\"horizontal\" data-feature-image-url=\"\" data-auto-numbering=\"false\" data-progress-bar-on=\"false\" tabindex=\"0\"><div class=\"aagb__accordion_head aagb_right_icon  \" data-active=\"false\"><div class=\"aagb__accordion_heading aagb_right_icon aagb_right_link\"><div class=\"head_content_wrapper\"><div class=\"title_wrapper\"><h5 class=\"aagb__accordion_title\">Masz pytania, szukasz informacji lub wsparcia?<\/h5><\/div><\/div><\/div><div class=\"aagb__accordion_icon\"><div class=\"aagb__icon_dashicons_box\"><span class=\"aagb__icon dashicons dashicons-plus-alt2\"><\/span><\/div><\/div><\/div><div class=\"aagb__accordion_body   \" role=\"region\"><div class=\"aagb__accordion_component \">\n<p>Ch\u0119tnie udzielimy Ci porady osobi\u015bcie, telefonicznie lub pisemnie. Nasze porady s\u0105 bezp\u0142atne, anonimowe i poufne. Oferujemy porady w j\u0119zyku niemieckim, angielskim, francuskim, w\u0142oskim, hiszpa\u0144skim i polskim oraz wsp\u00f3\u0142pracujemy z t\u0142umaczkami. W razie potrzeby mo\u017cemy skierowa\u0107 Ci\u0119 do innych o\u015brodk\u00f3w i specjalist\u00f3w. Bez wzgl\u0119du na to, jakie masz pytania, skontaktuj si\u0119 z nami.<\/p>\n<\/div><\/div><\/div>\n\n\n\n<div class=\"wp-block-aab-accordion-item aagb__accordion_container panel\" data-autoplay=\"false\" data-duration=\"3000\" data-progress-bar-direction=\"horizontal\" data-feature-image-url=\"\" data-auto-numbering=\"false\" data-progress-bar-on=\"false\" tabindex=\"0\"><div class=\"aagb__accordion_head aab_right_icon  \" data-active=\"false\"><div class=\"aagb__accordion_heading aab_right_icon aagb_right_link\"><div class=\"head_content_wrapper\"><div class=\"title_wrapper\"><h5 class=\"aagb__accordion_title\">Chcesz nauczy\u0107 si\u0119 niemieckiego?<\/h5><\/div><\/div><\/div><div class=\"aagb__accordion_icon\"><div class=\"aagb__icon_dashicons_box\"><span class=\"aagb__icon dashicons dashicons-plus-alt2\"><\/span><\/div><\/div><\/div><div class=\"aagb__accordion_body   \" role=\"region\"><div class=\"aagb__accordion_component \">\n<p>Oferujemy bezp\u0142atne kursy j\u0119zyka niemieckiego. Tutaj mo\u017cesz nauczy\u0107 si\u0119 s\u0142\u00f3w i zwrot\u00f3w, kt\u00f3re s\u0105 przydatne w codziennym \u017cyciu w Bazylei oraz w kontaktach z klientami lub osobami prowadz\u0105cymi studio. Mo\u017cesz do\u0142\u0105czy\u0107 do kursu w dowolnym momencie.<\/p>\n<\/div><\/div><\/div>\n\n\n\n<div class=\"wp-block-aab-accordion-item aagb__accordion_container panel\" data-autoplay=\"false\" data-duration=\"3000\" data-progress-bar-direction=\"horizontal\" data-feature-image-url=\"\" data-auto-numbering=\"false\" data-progress-bar-on=\"false\" tabindex=\"0\"><div class=\"aagb__accordion_head aab_right_icon  \" data-active=\"false\"><div class=\"aagb__accordion_heading aab_right_icon aagb_right_link\"><div class=\"head_content_wrapper\"><div class=\"title_wrapper\"><h5 class=\"aagb__accordion_title\">\u0179le si\u0119 czujesz?<\/h5><\/div><\/div><\/div><div class=\"aagb__accordion_icon\"><div class=\"aagb__icon_dashicons_box\"><span class=\"aagb__icon dashicons dashicons-plus-alt2\"><\/span><\/div><\/div><\/div><div class=\"aagb__accordion_body   \" role=\"region\"><div class=\"aagb__accordion_component \">\n<p>Boli Ci\u0119 co\u015b? Jeste\u015b w ci\u0105\u017cy lub nie jeste\u015b pewna, czy jeste\u015b w ci\u0105\u017cy? Chcesz podda\u0107 si\u0119 testom na obecno\u015b\u0107 chor\u00f3b przenoszonych drog\u0105 p\u0142ciow\u0105 lub wirusa HIV? Bierzesz leki na recept\u0119 i nie masz wystarczaj\u0105cej ich ilo\u015bci na czas pobytu w Bazylei? Czujesz si\u0119 przygn\u0119biona, nerwowa albo cierpisz z powodu niepokoju lub napi\u0119cia? Skierujemy Ci\u0119 do lekarza\/lekarki lub Ci\u0119 do nich zaprowadzimy. Tam mo\u017cesz si\u0119 zbada\u0107 i, je\u015bli to konieczne, otrzyma\u0107 recept\u0119 na leki. Je\u015bli nie masz ubezpieczenia zdrowotnego w Szwajcarii, znajdziemy rozwi\u0105zanie.<\/p>\n<\/div><\/div><\/div>\n\n\n\n<div class=\"wp-block-aab-accordion-item aagb__accordion_container panel\" data-autoplay=\"false\" data-duration=\"3000\" data-progress-bar-direction=\"horizontal\" data-feature-image-url=\"\" data-auto-numbering=\"false\" data-progress-bar-on=\"false\" tabindex=\"0\"><div class=\"aagb__accordion_head aab_right_icon  \" data-active=\"false\"><div class=\"aagb__accordion_heading aab_right_icon aagb_right_link\"><div class=\"head_content_wrapper\"><div class=\"title_wrapper\"><h5 class=\"aagb__accordion_title\">Chcesz nauczy\u0107 si\u0119 r\u00f3\u017cnych strategii bezpiecze\u0144stwa i samoobrony?<\/h5><\/div><\/div><\/div><div class=\"aagb__accordion_icon\"><div class=\"aagb__icon_dashicons_box\"><span class=\"aagb__icon dashicons dashicons-plus-alt2\"><\/span><\/div><\/div><\/div><div class=\"aagb__accordion_body   \" role=\"region\"><div class=\"aagb__accordion_component \">\n<ol class=\"wp-block-list\">\n<li>Chcia\u0142aby\u015b nauczy\u0107 si\u0119, jak pewnie wyznacza\u0107 granice i umie\u0107 obroni\u0107 si\u0119 fizycznie w sytuacjach przemocy? Przyjd\u017a na warsztaty samoobrony: 29 pa\u017adziernik 2025, 13:00 &#8211; 14:00<\/li>\n\n\n\n<li>Jeste\u015b zainteresowana poznaniem r\u00f3\u017cnych strategii pomagaj\u0105cych w bezpiecznym wykonywaniu Twojej pracy? Chcesz, aby osoba do\u015bwiadczona w bran\u017cy us\u0142ug seksualnych pokaza\u0142a Ci, jak chroni\u0107 si\u0119 w krytycznych sytuacjach? Przyjd\u017a na warsztaty: 2025, 13:00 &#8211; 14:00<\/li>\n\n\n\n<li>Chcesz dowiedzie\u0107 si\u0119, jak wykona\u0107 telefon alarmowy i zg\u0142osi\u0107 przest\u0119pstwo? Chcia\u0142aby\u015b dowiedzie\u0107 si\u0119 wi\u0119cej o swoich prawach jako ofiary przest\u0119pstwa z u\u017cyciem przemocy?<br>Przyjd\u017a na warsztaty prowadzone przez policj\u0119 kantonu Bazylea-Miasto: 9 kwiecie\u0144 2025 r., 13:00 &#8211; 14:00 W razie potrzeby zorganizujemy t\u0142umaczenie.<\/li>\n<\/ol>\n<\/div><\/div><\/div>\n\n\n\n<div class=\"wp-block-aab-accordion-item aagb__accordion_container panel\" data-autoplay=\"false\" data-duration=\"3000\" data-progress-bar-direction=\"horizontal\" data-feature-image-url=\"\" data-auto-numbering=\"false\" data-progress-bar-on=\"false\" tabindex=\"0\"><div class=\"aagb__accordion_head aab_right_icon  \" data-active=\"false\"><div class=\"aagb__accordion_heading aab_right_icon aagb_right_link\"><div class=\"head_content_wrapper\"><div class=\"title_wrapper\"><h5 class=\"aagb__accordion_title\">Masz ochot\u0119 na przerw\u0119, posi\u0142ek lub \/ i rozmow\u0119?<\/h5><\/div><\/div><\/div><div class=\"aagb__accordion_icon\"><div class=\"aagb__icon_dashicons_box\"><span class=\"aagb__icon dashicons dashicons-plus-alt2\"><\/span><\/div><\/div><\/div><div class=\"aagb__accordion_body   \" role=\"region\"><div class=\"aagb__accordion_component \">\n<p>Miejsce spotka\u0144 w porze obiadu<br>Chcesz pozna\u0107 nowych przyjaci\u00f3\u0142? Lepiej pozna\u0107 Alien\u0119? A mo\u017ce zafundowa\u0107 sobie ma\u0142\u0105 przerw\u0119? W ka\u017cd\u0105 \u015brod\u0119 oferujemy bezp\u0142atny obiad. Co dwa tygodnie istnieje wtedy mo\u017cliwo\u015b\u0107 skorzystania z profesjonalnego masa\u017cu cia\u0142a. Raz w miesi\u0105cu s\u0105 obecne przedstawicielki Rahab (Armii Zbawienia) i SiTa (Duszpasterstwa Ko\u015bcio\u0142a Rzymskokatolickiego w Obszarze Tabu). Mo\u017cna z nimi porozmawia\u0107, pomodli\u0107 si\u0119 i\/lub zrobi\u0107 co\u015b kreatywnego.<\/p>\n\n\n\n<p>Open House<br>Potrzebujesz kr\u00f3tkiej przerwy? Przyjd\u017a w godzinach otwarcia naszej poradni i zrelaksuj si\u0119 w mi\u0142ej atmosferze przy herbacie, kawie lub zimnym napoju. Je\u015bli masz jakie\u015b pytania, ch\u0119tnie z Tob\u0105 o tym porozmawiamy lub um\u00f3wimy si\u0119 na spotkanie.<\/p>\n<\/div><\/div><\/div>\n\n\n\n<div class=\"wp-block-aab-accordion-item aagb__accordion_container panel\" data-autoplay=\"false\" data-duration=\"3000\" data-progress-bar-direction=\"horizontal\" data-feature-image-url=\"\" data-auto-numbering=\"false\" data-progress-bar-on=\"false\" tabindex=\"0\"><div class=\"aagb__accordion_head aab_right_icon  \" data-active=\"false\"><div class=\"aagb__accordion_heading aab_right_icon aagb_right_link\"><div class=\"head_content_wrapper\"><div class=\"title_wrapper\"><h5 class=\"aagb__accordion_title\">Czy powiniene\u015b przyj\u015b\u0107 do naszego punktu doradczego, aby odebra\u0107 potwierdzenie rejestracji??<\/h5><\/div><\/div><\/div><div class=\"aagb__accordion_icon\"><div class=\"aagb__icon_dashicons_box\"><span class=\"aagb__icon dashicons dashicons-plus-alt2\"><\/span><\/div><\/div><\/div><div class=\"aagb__accordion_body   \" role=\"region\"><div class=\"aagb__accordion_component \">\n<p>Godziny przyj\u0119\u0107 Urz\u0119du ds. Gospodarki i Pracy (potwierdzenie rejestracji) w poradni Aliena: poniedzia\u0142ek, \u015broda i pi\u0105tek od 9.00 do 12.00.<br>W tych godzinach jeste\u015bmy do Twojej dyspozycji. Poinformujemy Ci\u0119 o Twoich prawach i obowi\u0105zkach, przedstawimy Ci ofert\u0119 pomocy naszej poradni, podamy adresy kontaktowe do innych organizacji w Bazylei, a tak\u017ce numery telefon\u00f3w alarmowych. Je\u015bli masz jakie\u015b pytania lub potrzebujesz wsparcia, mo\u017cemy om\u00f3wi\u0107 to bezpo\u015brednio na miesjcu lub um\u00f3wi\u0107 si\u0119 na spotkanie.<\/p>\n<\/div><\/div><\/div>\n\n\n\n<div class=\"wp-block-aab-accordion-item aagb__accordion_container panel\" data-autoplay=\"false\" data-duration=\"3000\" data-progress-bar-direction=\"horizontal\" data-feature-image-url=\"\" data-auto-numbering=\"false\" data-progress-bar-on=\"false\" tabindex=\"0\"><div class=\"aagb__accordion_head aab_right_icon  \" data-active=\"false\"><div class=\"aagb__accordion_heading aab_right_icon aagb_right_link\"><div class=\"head_content_wrapper\"><div class=\"title_wrapper\"><h5 class=\"aagb__accordion_title\">Potrzebujesz chwili odosobnienia i relaksu?<\/h5><\/div><\/div><\/div><div class=\"aagb__accordion_icon\"><div class=\"aagb__icon_dashicons_box\"><span class=\"aagb__icon dashicons dashicons-plus-alt2\"><\/span><\/div><\/div><\/div><div class=\"aagb__accordion_body   \" role=\"region\"><div class=\"aagb__accordion_component \">\n<p>W godzinach otwarcia naszej poradni mo\u017cesz uda\u0107 si\u0119 do komfortowo urz\u0105dzonego pokoju i tam si\u0119 zrelaksowa\u0107.<\/p>\n<\/div><\/div><\/div>\n\n\n\n<div class=\"wp-block-aab-accordion-item aagb__accordion_container panel\" data-autoplay=\"false\" data-duration=\"3000\" data-progress-bar-direction=\"horizontal\" data-feature-image-url=\"\" data-auto-numbering=\"false\" data-progress-bar-on=\"false\" tabindex=\"0\"><div class=\"aagb__accordion_head aab_right_icon  \" data-active=\"false\"><div class=\"aagb__accordion_heading aab_right_icon aagb_right_link\"><div class=\"head_content_wrapper\"><div class=\"title_wrapper\"><h5 class=\"aagb__accordion_title\">Brakuje Ci czego\u015b w ofercie naszej poradni?<\/h5><\/div><\/div><\/div><div class=\"aagb__accordion_icon\"><div class=\"aagb__icon_dashicons_box\"><span class=\"aagb__icon dashicons dashicons-plus-alt2\"><\/span><\/div><\/div><\/div><div class=\"aagb__accordion_body   \" role=\"region\"><div class=\"aagb__accordion_component \">\n<p>Czekamy na Twoj\u0105 opini\u0119. Mo\u017cna to zrobi\u0107 za po\u015brednictwem poczty elektronicznej, telefonu lub formularza kontaktowego. Wszystkie szczeg\u00f3\u0142y mo\u017cna znale\u017a\u0107 w zak\u0142adce \u201eKontakt\u201d.<\/p>\n<\/div><\/div><\/div>\n<\/div>\n","protected":false},"excerpt":{"rendered":"","protected":false},"author":1,"featured_media":0,"parent":0,"menu_order":0,"comment_status":"closed","ping_status":"closed","template":"","meta":{"_genesis_block_theme_hide_title":false,"footnotes":""},"class_list":["post-3594","page","type-page","status-publish","hentry","post","without-featured-image"],"_links":{"self":[{"href":"https:\/\/aliena.ch\/pl\/wp-json\/wp\/v2\/pages\/3594","targetHints":{"allow":["GET"]}}],"collection":[{"href":"https:\/\/aliena.ch\/pl\/wp-json\/wp\/v2\/pages"}],"about":[{"href":"https:\/\/aliena.ch\/pl\/wp-json\/wp\/v2\/types\/page"}],"author":[{"embeddable":true,"href":"https:\/\/aliena.ch\/pl\/wp-json\/wp\/v2\/users\/1"}],"replies":[{"embeddable":true,"href":"https:\/\/aliena.ch\/pl\/wp-json\/wp\/v2\/comments?post=3594"}],"version-history":[{"count":4,"href":"https:\/\/aliena.ch\/pl\/wp-json\/wp\/v2\/pages\/3594\/revisions"}],"predecessor-version":[{"id":4047,"href":"https:\/\/aliena.ch\/pl\/wp-json\/wp\/v2\/pages\/3594\/revisions\/4047"}],"wp:attachment":[{"href":"https:\/\/aliena.ch\/pl\/wp-json\/wp\/v2\/media?parent=3594"}],"curies":[{"name":"wp","href":"https:\/\/api.w.org\/{rel}","templated":true}]}}