{"id":1034,"date":"2021-07-29T10:55:25","date_gmt":"2021-07-29T10:55:25","guid":{"rendered":"http:\/\/h189665.web1.servicehoster.ch\/?page_id=1034"},"modified":"2026-03-17T08:18:18","modified_gmt":"2026-03-17T08:18:18","slug":"aktualnosci","status":"publish","type":"page","link":"https:\/\/aliena.ch\/pl\/aktualnosci\/","title":{"rendered":"Informacje"},"content":{"rendered":"\n<p><\/p>\n\n\n\n<h3 class=\"wp-block-heading\">Od 01.01.2026 Stalking jest przest\u0119pstwem w Szwajcarii.<\/h3>\n\n\n\n<p>Stalking oznacza, \u017ce dana osoba wielokrotnie n\u0119ka, \u015bledzi lub grozi Ci, mimo \u017ce nie chcesz mie\u0107 z ni\u0105 kontaktu.<\/p>\n\n\n\n<ul class=\"wp-block-list\">\n<li>Czy stale otrzymujesz wiadomo\u015bci lub telefony od tej samej osoby \u2013 tak\u017ce w nocy lub o nietypowych porach?<\/li>\n\n\n\n<li>Czy ta osoba pojawia si\u0119 u Ciebie niechciana?<\/li>\n\n\n\n<li>Czy masz wra\u017cenie, \u017ce jeste\u015b obserwowany\/a lub \u015bledzony\/a?<\/li>\n\n\n\n<li>Czy kto\u015b grozi Ci opublikowaniem lub rozpowszechnieniem Twoich zdj\u0119\u0107 lub film\u00f3w?<\/li>\n\n\n\n<li>Czy otrzymujesz niechciane prezenty?<\/li>\n\n\n\n<li>Czy jasno powiedzia\u0142e\u015b\/a\u015b, \u017ce nie chcesz ju\u017c kontaktu \u2013 a mimo to, to si\u0119 nie ko\u0144czy?<\/li>\n<\/ul>\n\n\n\n<p>Je\u015bli na kilka powy\u017cszych pyta\u0144 odpowiadasz \u201etak\u201d, mo\u017ce chodzi tu o stalking.<\/p>\n\n\n\n<p><strong>MASZ PRAWO DO OCHRONY I WSPARCIA!<\/strong><\/p>\n\n\n\n<p>Masz pytania? Ch\u0119tnie Ci doradzimy! W przypadku bezpo\u015bredniego zagro\u017cenia:<br>Zadzwo\u0144 na policj\u0119! <strong>(117)<\/strong><\/p>\n\n\n\n<div style=\"height:30px\" aria-hidden=\"true\" class=\"wp-block-spacer\"><\/div>\n\n\n\n<h3 class=\"wp-block-heading\">Pracujesz w bran\u017cy us\u0142ug seksualnych w Szwajcarii?<\/h3>\n\n\n\n<p>W<strong> aplikacji Lexi<\/strong> znajdziesz wszystkie najwa\u017cniejsze informacje. Aplikacja Lexi dostarcza informacji na temat <strong>bezpiecze\u0144stwa, zdrowia, pracy, podatk\u00f3w i ubezpieczenia spo\u0142ecznego<\/strong>.<\/p>\n\n\n\n<p>Aplikacja Lexi jest dost\u0119pna w nast\u0119puj\u0105cych j\u0119zykach: Deutsch, English, Fran\u00e7ais, Italiano, Espa\u00f1ol, Portugu\u00eas, Rom\u00e2n\u0103, Magyar, \u0431\u044a\u043b\u0433\u0430\u0440\u0441\u043a\u0438, Polski, \u0e44\u0e17\u0e22, slovensk\u00fd<\/p>\n\n\n\n<div class=\"wp-block-buttons is-layout-flex wp-block-buttons-is-layout-flex\">\n<div class=\"wp-block-button is-style-fill\"><a class=\"wp-block-button__link wp-element-button\" href=\"https:\/\/play.google.com\/store\/apps\/details?id=ch.renuo.procore&amp;hl=de_CH&amp;pli=1\">Pobierz aplikacj\u0119 na Androida<\/a><\/div>\n\n\n\n<div class=\"wp-block-button is-style-fill\"><a class=\"wp-block-button__link wp-element-button\" href=\"https:\/\/apps.apple.com\/ch\/app\/lexi-app\/id1347841110\">Pobierz aplikacj\u0119 na iPhone&#8217;a<\/a><\/div>\n<\/div>\n\n\n\n<div class=\"wp-block-group has-global-padding is-layout-constrained wp-container-core-group-is-layout-dd4b47f6 wp-block-group-is-layout-constrained\" style=\"margin-top:var(--wp--preset--spacing--20);padding-top:var(--wp--preset--spacing--30);padding-right:0;padding-bottom:var(--wp--preset--spacing--20);padding-left:0\">\n<div class=\"wp-block-columns is-layout-flex wp-container-core-columns-is-layout-658170e2 wp-block-columns-is-layout-flex\">\n<div class=\"wp-block-column is-vertically-aligned-center is-layout-flow wp-block-column-is-layout-flow\">\n<h3 class=\"wp-block-heading\">Chcesz wiedzie\u0107, co musisz zrobi\u0107, aby m\u00f3c legalnie pracowa\u0107 w Szwajcarii?<\/h3>\n\n\n\n<p>W tym narz\u0119dziu <a href=\"https:\/\/procore-info.ch\/\" target=\"_blank\" rel=\"noreferrer noopener\"><strong>ProCoRe<\/strong><\/a> (szwajcarskiej sieci na rzecz praw os\u00f3b \u015bwiadcz\u0105cych us\u0142ugi seksualne) znajdziesz odpowiedzi na te pytania i wiele innych informacji.<\/p>\n\n\n\n<p><\/p>\n<\/div>\n\n\n\n<div class=\"wp-block-column is-layout-flow wp-block-column-is-layout-flow\">\n<figure class=\"wp-block-image size-large has-custom-border\"><a href=\"https:\/\/procore-info.ch\/\"><img loading=\"lazy\" decoding=\"async\" width=\"1024\" height=\"508\" src=\"https:\/\/aliena.ch\/wp-content\/uploads\/2024\/11\/ProCore_banner_2267x1125px_RGB_EN-1024x508.jpg\" alt=\"\" class=\"has-border-color has-base-2-border-color wp-image-3000\" style=\"border-width:5px;box-shadow:var(--wp--preset--shadow--natural);object-fit:cover\" srcset=\"https:\/\/aliena.ch\/wp-content\/uploads\/2024\/11\/ProCore_banner_2267x1125px_RGB_EN-1024x508.jpg 1024w, https:\/\/aliena.ch\/wp-content\/uploads\/2024\/11\/ProCore_banner_2267x1125px_RGB_EN-300x149.jpg 300w, https:\/\/aliena.ch\/wp-content\/uploads\/2024\/11\/ProCore_banner_2267x1125px_RGB_EN-768x381.jpg 768w, https:\/\/aliena.ch\/wp-content\/uploads\/2024\/11\/ProCore_banner_2267x1125px_RGB_EN-1536x762.jpg 1536w, https:\/\/aliena.ch\/wp-content\/uploads\/2024\/11\/ProCore_banner_2267x1125px_RGB_EN-2048x1016.jpg 2048w, https:\/\/aliena.ch\/wp-content\/uploads\/2024\/11\/ProCore_banner_2267x1125px_RGB_EN-1200x596.jpg 1200w, https:\/\/aliena.ch\/wp-content\/uploads\/2024\/11\/ProCore_banner_2267x1125px_RGB_EN-1400x695.jpg 1400w\" sizes=\"auto, (max-width: 1024px) 100vw, 1024px\" \/><\/a><\/figure>\n<\/div>\n<\/div>\n<\/div>\n\n\n\n<div class=\"wp-block-group has-global-padding is-layout-constrained wp-container-core-group-is-layout-d88597d8 wp-block-group-is-layout-constrained\" style=\"padding-top:var(--wp--preset--spacing--10);padding-right:0;padding-bottom:var(--wp--preset--spacing--30);padding-left:0\">\n<h3 class=\"wp-block-heading\">Pracujesz w Bazylei?<\/h3>\n\n\n\n<p>Najwa\u017cniejsze numery telefon\u00f3w i informacje mo\u017cna znale\u017a\u0107 w ulotce Okr\u0105g\u0142ego Sto\u0142u ds. Prostytucji wydanej przez Departament Sprawiedliwo\u015bci i Bezpiecze\u0144stwa kantonu Bazylea-Miasto:<\/p>\n\n\n\n<div class=\"wp-block-group is-nowrap is-layout-flex wp-container-core-group-is-layout-6c531013 wp-block-group-is-layout-flex\">\n<p><a href=\"https:\/\/www.jsd.bs.ch\/themen\/prostitution\/informationen--hilfe-und-beratung-f-r-sexarbeiter_innen.html\"><strong>https:\/\/www.jsd.bs.ch<\/strong><\/a><\/p>\n\n\n\n<p>|<\/p>\n\n\n\n<div class=\"wp-block-file\"><a id=\"wp-block-file--media-7c63fc1f-dea9-41f5-8dd0-2aeccc503eda\" href=\"https:\/\/aliena.ch\/wp-content\/uploads\/2024\/11\/Kapo_Sexarbeiterinnen_Leporello__Kapo_Sexarbeiterinnen_Leporello_Pol_new.pdf\"><strong>Flyer<\/strong><\/a><a href=\"https:\/\/aliena.ch\/wp-content\/uploads\/2024\/11\/Kapo_Sexarbeiterinnen_Leporello__Kapo_Sexarbeiterinnen_Leporello_Pol_new.pdf\" class=\"wp-block-file__button wp-element-button\" download aria-describedby=\"wp-block-file--media-7c63fc1f-dea9-41f5-8dd0-2aeccc503eda\">Download<\/a><\/div>\n<\/div>\n<\/div>\n\n\n\n<div class=\"wp-block-group has-global-padding is-layout-constrained wp-container-core-group-is-layout-3c46939c wp-block-group-is-layout-constrained\" style=\"padding-top:var(--wp--preset--spacing--30);padding-right:0;padding-bottom:var(--wp--preset--spacing--30);padding-left:0\">\n<h3 class=\"wp-block-heading\">W\u0142a\u015bnie przeprowadzi\u0142a\u015b si\u0119 do Bazylei?<\/h3>\n\n\n\n<p>Strona internetowa \u201c<a href=\"https:\/\/www.hallo-baselstadt.ch\/\" target=\"_blank\" rel=\"noreferrer noopener\"><strong>Hello Basel-Stadt<\/strong><\/a>\u201d oferuje informacje w 20 j\u0119zykach, kt\u00f3re pomog\u0105 Ci dobrze rozpocz\u0105\u0107 pobyt w Bazylei.<\/p>\n<\/div>\n\n\n\n<p><\/p>\n","protected":false},"excerpt":{"rendered":"<p>Od 01.01.2026 Stalking jest przest\u0119pstwem w Szwajcarii. Stalking oznacza, \u017ce dana osoba wielokrotnie n\u0119ka, \u015bledzi lub grozi Ci, mimo \u017ce nie chcesz mie\u0107 z ni\u0105 kontaktu. Je\u015bli na kilka powy\u017cszych pyta\u0144 odpowiadasz \u201etak\u201d, mo\u017ce chodzi tu o stalking. MASZ PRAWO DO OCHRONY I WSPARCIA! Masz pytania? Ch\u0119tnie Ci doradzimy! W przypadku bezpo\u015bredniego zagro\u017cenia:Zadzwo\u0144 na policj\u0119! &hellip;<\/p>\n","protected":false},"author":1,"featured_media":373,"parent":0,"menu_order":0,"comment_status":"closed","ping_status":"closed","template":"","meta":{"_genesis_block_theme_hide_title":false,"footnotes":""},"class_list":["post-1034","page","type-page","status-publish","has-post-thumbnail","hentry","post","with-featured-image"],"_links":{"self":[{"href":"https:\/\/aliena.ch\/pl\/wp-json\/wp\/v2\/pages\/1034","targetHints":{"allow":["GET"]}}],"collection":[{"href":"https:\/\/aliena.ch\/pl\/wp-json\/wp\/v2\/pages"}],"about":[{"href":"https:\/\/aliena.ch\/pl\/wp-json\/wp\/v2\/types\/page"}],"author":[{"embeddable":true,"href":"https:\/\/aliena.ch\/pl\/wp-json\/wp\/v2\/users\/1"}],"replies":[{"embeddable":true,"href":"https:\/\/aliena.ch\/pl\/wp-json\/wp\/v2\/comments?post=1034"}],"version-history":[{"count":5,"href":"https:\/\/aliena.ch\/pl\/wp-json\/wp\/v2\/pages\/1034\/revisions"}],"predecessor-version":[{"id":4096,"href":"https:\/\/aliena.ch\/pl\/wp-json\/wp\/v2\/pages\/1034\/revisions\/4096"}],"wp:featuredmedia":[{"embeddable":true,"href":"https:\/\/aliena.ch\/pl\/wp-json\/wp\/v2\/media\/373"}],"wp:attachment":[{"href":"https:\/\/aliena.ch\/pl\/wp-json\/wp\/v2\/media?parent=1034"}],"curies":[{"name":"wp","href":"https:\/\/api.w.org\/{rel}","templated":true}]}}