{"id":3104,"date":"2024-11-13T08:56:21","date_gmt":"2024-11-13T08:56:21","guid":{"rendered":"https:\/\/aliena.ch\/?page_id=3104"},"modified":"2025-09-09T13:06:33","modified_gmt":"2025-09-09T13:06:33","slug":"offerte","status":"publish","type":"page","link":"https:\/\/aliena.ch\/it\/offerte\/","title":{"rendered":"Offerte"},"content":{"rendered":"\n<div class=\"custom-css-block\"><style>.aagb_accordion_06c8b1b6-9bcb-41f0-9dbb-f70b4ac8836d {   }<\/style><\/div><style>\n        .aagb_accordion_06c8b1b6-9bcb-41f0-9dbb-f70b4ac8836d .aagb__accordion_active .aagb__accordion_body {\n            \n        }\n        .aagb_accordion_06c8b1b6-9bcb-41f0-9dbb-f70b4ac8836d .aagb__accordion_container.wp-block-aab-accordion-item .aagb__accordion_head {\n          background-color: #bcb6b638;\n          \n          border-top: none; border-right: none; border-bottom: none; border-left: none;\n          \n        }\n        .aagb_accordion_06c8b1b6-9bcb-41f0-9dbb-f70b4ac8836d .aagb__accordion_container.wp-block-aab-accordion-item .aagb__accordion_body {\n          \n          \n          \n          border-top: 1px solid #bcb6b638; border-right: none; border-bottom: none; border-left: none;\n          \n        }\n        \n        .aagb_accordion_06c8b1b6-9bcb-41f0-9dbb-f70b4ac8836d .wp-block-aab-accordion-item .aagb__accordion_subheading {\n          margin: 5px 0 0 0;\n          \n        }\n        .aagb_accordion_06c8b1b6-9bcb-41f0-9dbb-f70b4ac8836d .wp-block-aab-accordion-item .aagb__accordion_icon {\n          \n          \n        }\n        .aagb_accordion_06c8b1b6-9bcb-41f0-9dbb-f70b4ac8836d .wp-block-aab-accordion-item .aagb__icon {\n          font-size: 23px;\n        }\n        .aagb_accordion_06c8b1b6-9bcb-41f0-9dbb-f70b4ac8836d .aagb__accordion_title {\n          margin: 0;\n          \n        }\n        .aagb_accordion_06c8b1b6-9bcb-41f0-9dbb-f70b4ac8836d .aagb__accordion_container {\n          border: 1px solid #bcb6b638;\n          margin-top: 0px;\n          margin-bottom: 15px;\n          \n        }\n          .aagb_accordion_06c8b1b6-9bcb-41f0-9dbb-f70b4ac8836d .aagb__accordion_number{\n            \n        }\n        .aagb_accordion_06c8b1b6-9bcb-41f0-9dbb-f70b4ac8836d .wp-block-aab-accordion-item .aagb__accordion_subheading{\n           false\n        }\n\n        .aagb_accordion_06c8b1b6-9bcb-41f0-9dbb-f70b4ac8836d .aab-step-progress{\n          background-color: #dfd2d2;\n        }\n            \n        .aagb_accordion_06c8b1b6-9bcb-41f0-9dbb-f70b4ac8836d .aab-step-progress-bar {\n          background-color: #1570ec;\n        }\n\n        .aagb_accordion_06c8b1b6-9bcb-41f0-9dbb-f70b4ac8836d .aagb__accordion_number{\n          \n        }\n        .aagb_accordion_06c8b1b6-9bcb-41f0-9dbb-f70b4ac8836d .aab-progress-bar-container{\n          background-color: #f0f0f0;\n        }\n        .aagb_accordion_06c8b1b6-9bcb-41f0-9dbb-f70b4ac8836d .aab-progress-bar {\n            background-color: #0866ff;\n        }\n        \n       .aagb__group_accordion_container.has_img {\n            \n            flex-direction: row;\n        }\n      \n          .aagb_accordion_06c8b1b6-9bcb-41f0-9dbb-f70b4ac8836d .aagb__accordion_container {\n            transition-duration: 0ms !important;\n            outline: 2px solid #00000000;\n          }\n          .aagb_accordion_06c8b1b6-9bcb-41f0-9dbb-f70b4ac8836d .aagb__accordion_container:focus-visible {\n            outline: 2px solid #C2DBFE;\n          }\n        <\/style><div class=\"wp-block-aab-group-accordion searchable aagb_accordion_06c8b1b6-9bcb-41f0-9dbb-f70b4ac8836d click false\" id=\"group-accordion-06c8b1b6-9bcb-41f0-9dbb-f70b4ac8836d\">\n<div class=\"wp-block-aab-accordion-item aagb__accordion_container panel\" data-autoplay=\"false\" data-duration=\"3000\" data-progress-bar-direction=\"horizontal\" data-feature-image-url=\"\" data-auto-numbering=\"false\" data-progress-bar-on=\"false\" tabindex=\"0\"><div class=\"aagb__accordion_head aagb_right_icon  \" data-active=\"false\"><div class=\"aagb__accordion_heading aagb_right_icon aagb_right_link\"><div class=\"head_content_wrapper\"><div class=\"title_wrapper\"><h5 class=\"aagb__accordion_title\">Vuoi farci delle domande (indipendentemente da che tipo di questioni siano), stai cercando informazioni o hai bisogno di aiuto?<\/h5><\/div><\/div><\/div><div class=\"aagb__accordion_icon\"><div class=\"aagb__icon_dashicons_box\"><span class=\"aagb__icon dashicons dashicons-plus-alt2\"><\/span><\/div><\/div><\/div><div class=\"aagb__accordion_body   \" role=\"region\"><div class=\"aagb__accordion_component \">\n<p>Saremo liete di consigliarti di persona, al telefono o per iscritto. Le nostre consulenze sono gratuite, anonime e confidenziali. Forniamo i nostri servizi in italiano, inglese, spagnolo, francese, tedesco e polacco, inoltre, se necessario, possiamo contare sul supporto di svariate interpreti. In relazione alla tua situazione individuale, possiamo anche proporre un servizio di intermediazione e accompagnarti presso altri centri o enti nonch\u00e9 altre figure professionali specializzate.<\/p>\n\n\n\n<p>Non importa che tipo di domande vuoi farci, ti invitiamo cordialmente a contattarci.<\/p>\n<\/div><\/div><\/div>\n\n\n\n<div class=\"wp-block-aab-accordion-item aagb__accordion_container panel\" data-autoplay=\"false\" data-duration=\"3000\" data-progress-bar-direction=\"horizontal\" data-feature-image-url=\"\" data-auto-numbering=\"false\" data-progress-bar-on=\"false\" tabindex=\"0\"><div class=\"aagb__accordion_head aab_right_icon  \" data-active=\"false\"><div class=\"aagb__accordion_heading aab_right_icon aagb_right_link\"><div class=\"head_content_wrapper\"><div class=\"title_wrapper\"><h5 class=\"aagb__accordion_title\">Vorresti imparare il tedesco?<\/h5><\/div><\/div><\/div><div class=\"aagb__accordion_icon\"><div class=\"aagb__icon_dashicons_box\"><span class=\"aagb__icon dashicons dashicons-plus-alt2\"><\/span><\/div><\/div><\/div><div class=\"aagb__accordion_body   \" role=\"region\"><div class=\"aagb__accordion_component \">\n<p>Proponiamo dei corsi di tedesco gratuiti, che ti permetteranno di imparare parole e frasi estremamente utili, sia per la vita di tutti a giorni a Basilea che per lavorare a contatto con i clienti o i gestori dei locali.<\/p>\n\n\n\n<p>Puoi iniziare a frequentare il corso quando preferisci.<\/p>\n<\/div><\/div><\/div>\n\n\n\n<div class=\"wp-block-aab-accordion-item aagb__accordion_container panel\" data-autoplay=\"false\" data-duration=\"3000\" data-progress-bar-direction=\"horizontal\" data-feature-image-url=\"\" data-auto-numbering=\"false\" data-progress-bar-on=\"false\" tabindex=\"0\"><div class=\"aagb__accordion_head aab_right_icon  \" data-active=\"false\"><div class=\"aagb__accordion_heading aab_right_icon aagb_right_link\"><div class=\"head_content_wrapper\"><div class=\"title_wrapper\"><h5 class=\"aagb__accordion_title\">Non ti senti bene?<\/h5><\/div><\/div><\/div><div class=\"aagb__accordion_icon\"><div class=\"aagb__icon_dashicons_box\"><span class=\"aagb__icon dashicons dashicons-plus-alt2\"><\/span><\/div><\/div><\/div><div class=\"aagb__accordion_body   \" role=\"region\"><div class=\"aagb__accordion_component \">\n<p>Hai dolore? Sei incinta o potresti esserlo? Vorresti fare il test per l\u2019HIV o per altre malattie sessualmente trasmissibili? Non puoi fare a meno di alcune medicine con obbligo di ricetta, ma non ne hai abbastanza con te per il tuo soggiorno a Basilea? Ti senti gi\u00f9, oppure spesso nervosa, ansiosa o tesa?<br>Possiamo trovare un dottore o una dottoressa per te oppure anche accompagnarti nel suo studio. Qui potrai farti visitare e, se necessario, farti rilasciare la ricetta di cui hai bisogno per le medicine.<\/p>\n\n\n\n<p>Nel caso in cui tu non abbia un\u2019assicurazione malattia per la Svizzera, sar\u00e0 possibile trovare una soluzione.<\/p>\n<\/div><\/div><\/div>\n\n\n\n<div class=\"wp-block-aab-accordion-item aagb__accordion_container panel\" data-autoplay=\"false\" data-duration=\"3000\" data-progress-bar-direction=\"horizontal\" data-feature-image-url=\"\" data-auto-numbering=\"false\" data-progress-bar-on=\"false\" tabindex=\"0\"><div class=\"aagb__accordion_head aab_right_icon  \" data-active=\"false\"><div class=\"aagb__accordion_heading aab_right_icon aagb_right_link\"><div class=\"head_content_wrapper\"><div class=\"title_wrapper\"><h5 class=\"aagb__accordion_title\">Vorresti imparare delle strategie per proteggerti e sentirti pi\u00f9 sicura?<\/h5><\/div><\/div><\/div><div class=\"aagb__accordion_icon\"><div class=\"aagb__icon_dashicons_box\"><span class=\"aagb__icon dashicons dashicons-plus-alt2\"><\/span><\/div><\/div><\/div><div class=\"aagb__accordion_body   \" role=\"region\"><div class=\"aagb__accordion_component \">\n<p>1.&nbsp;Desidereresti imparare a comunicare con risolutezza i limiti oltre i quali non vuoi spingerti e a difenderti in situazioni che possono sfociare in episodi di violenza?<br>In tal caso ti invitiamo caldamente a partecipare al workshop di autodifesa: il 29 ottobre 2025, dalle 13.00 alle 14.00.<\/p>\n\n\n\n<p>2. Ti interesserebbe apprendere diverse strategie per proteggerti e sentirti pi\u00f9 sicura mentre svolgi il tuo lavoro? Vorresti che una tua collega pi\u00f9 esperta ti mostrasse come puoi difenderti nelle situazioni critiche?<br>Allora partecipa al nostro workshop: il 2025, dalle 13.00 alle 14.00.<\/p>\n\n\n\n<p>3. Vuoi sapere come puoi fare per far partire una chiamata d\u2019emergenza o cosa prevede la procedura per fare una denuncia? Desideri saperne di pi\u00f9 suoi tuoi diritti in veste di vittima di un episodio di violenza?<br>Allora vieni al nostro workshop organizzato con la polizia cantonale di Basilea-Citt\u00e0: il 9 aprile 2025, dalle 13.00 alle 14.00.<\/p>\n\n\n\n<p>Se necessario provvederemo a tradurre il contenuto del workshop o a ingaggiare un\u2019interprete.<\/p>\n<\/div><\/div><\/div>\n\n\n\n<div class=\"wp-block-aab-accordion-item aagb__accordion_container panel\" data-autoplay=\"false\" data-duration=\"3000\" data-progress-bar-direction=\"horizontal\" data-feature-image-url=\"\" data-auto-numbering=\"false\" data-progress-bar-on=\"false\" tabindex=\"0\"><div class=\"aagb__accordion_head aab_right_icon  \" data-active=\"false\"><div class=\"aagb__accordion_heading aab_right_icon aagb_right_link\"><div class=\"head_content_wrapper\"><div class=\"title_wrapper\"><h5 class=\"aagb__accordion_title\">Ti andrebbe una pausa con qualcosa da mangiare e l\u2019opportunit\u00e0 di fare due chiacchiere?<\/h5><\/div><\/div><\/div><div class=\"aagb__accordion_icon\"><div class=\"aagb__icon_dashicons_box\"><span class=\"aagb__icon dashicons dashicons-plus-alt2\"><\/span><\/div><\/div><\/div><div class=\"aagb__accordion_body   \" role=\"region\"><div class=\"aagb__accordion_component \">\n<p><strong>Il ritrovo di mezzogiorno<\/strong><\/p>\n\n\n\n<p>Vorresti conoscere nuove persone? Scoprire che servizi offre Aliena in maniera pi\u00f9 approfondita? Oppure semplicemente fare una pausa? Ogni mercoled\u00ec offriamo un pranzo gratuito che provvediamo a cucinare noi stesse.<\/p>\n\n\n\n<p>In occasione di questo ritrovo, ogni due settimane c\u2019\u00e8 la possibilit\u00e0 di farsi fare un massaggio da una professionista.<\/p>\n\n\n\n<p>Una volta al mese le collaboratrici di Rahab (Esercito della Salvezza) e SiTa (assistenza spirituale per tematiche tab\u00f9, un progetto della chiesa cattolica romana) offrono un servizio di assistenza spirituale. Hai la possibilit\u00e0 di parlare con loro, pregare e\/o svolgere delle attivit\u00e0 creative.<\/p>\n\n\n\n<p><strong>Open House<\/strong><\/p>\n\n\n\n<p>Hai bisogno di fare una breve pausa?<\/p>\n\n\n\n<p>Passa a trovarci durante gli orari d\u2019apertura e vieni a ricaricare le energie: ti proporremo un\u2019atmosfera rilassata e una tazza di t\u00e8, caff\u00e8 o una bevanda fredda se preferisci. Se vorrai farci delle domande, saremo liete di parlare con te o di fissare un appuntamento a tal scopo.<\/p>\n<\/div><\/div><\/div>\n\n\n\n<div class=\"wp-block-aab-accordion-item aagb__accordion_container panel\" data-autoplay=\"false\" data-duration=\"3000\" data-progress-bar-direction=\"horizontal\" data-feature-image-url=\"\" data-auto-numbering=\"false\" data-progress-bar-on=\"false\" tabindex=\"0\"><div class=\"aagb__accordion_head aab_right_icon  \" data-active=\"false\"><div class=\"aagb__accordion_heading aab_right_icon aagb_right_link\"><div class=\"head_content_wrapper\"><div class=\"title_wrapper\"><h5 class=\"aagb__accordion_title\">Devi passare a ritirare il documento di registrazione (notifica) da Aliena?<\/h5><\/div><\/div><\/div><div class=\"aagb__accordion_icon\"><div class=\"aagb__icon_dashicons_box\"><span class=\"aagb__icon dashicons dashicons-plus-alt2\"><\/span><\/div><\/div><\/div><div class=\"aagb__accordion_body   \" role=\"region\"><div class=\"aagb__accordion_component \">\n<p>Il personale dell\u2019Ufficio dell\u2019economia e del lavoro (documento di registrazione relativo alla notifica) \u00e8 presente nei locali di Aliena il luned\u00ec, il mercoled\u00ec e il venerd\u00ec dalle 9.00 alle 12.00.<\/p>\n\n\n\n<p>Durante questi orari saremo a tua disposizione. Ti forniremo informazioni sui tuoi diritti e i tuoi doveri, ti spiegheremo quali offerte propone Aliena e ti daremo indirizzi e numeri di telefono che potranno esserti utili a Basilea, ad esempio di centri che offrono servizi medici e in ambito sociale. Se vuoi farci delle domande o hai bisogno di aiuto, saremo liete di parlare con te o di fissare un appuntamento a tal scopo.<\/p>\n<\/div><\/div><\/div>\n\n\n\n<div class=\"wp-block-aab-accordion-item aagb__accordion_container panel\" data-autoplay=\"false\" data-duration=\"3000\" data-progress-bar-direction=\"horizontal\" data-feature-image-url=\"\" data-auto-numbering=\"false\" data-progress-bar-on=\"false\" tabindex=\"0\"><div class=\"aagb__accordion_head aab_right_icon  \" data-active=\"false\"><div class=\"aagb__accordion_heading aab_right_icon aagb_right_link\"><div class=\"head_content_wrapper\"><div class=\"title_wrapper\"><h5 class=\"aagb__accordion_title\">Hai bisogno di un luogo in cui poter stare tranquilla e rilassarti?<\/h5><\/div><\/div><\/div><div class=\"aagb__accordion_icon\"><div class=\"aagb__icon_dashicons_box\"><span class=\"aagb__icon dashicons dashicons-plus-alt2\"><\/span><\/div><\/div><\/div><div class=\"aagb__accordion_body   \" role=\"region\"><div class=\"aagb__accordion_component \">\n<p>Durante gli orari d\u2019apertura, presso il nostro centro di consulenza ti mettiamo a disposizione una camera ad hoc in cui potrai riposarti.<\/p>\n<\/div><\/div><\/div>\n\n\n\n<div class=\"wp-block-aab-accordion-item aagb__accordion_container panel\" data-autoplay=\"false\" data-duration=\"3000\" data-progress-bar-direction=\"horizontal\" data-feature-image-url=\"\" data-auto-numbering=\"false\" data-progress-bar-on=\"false\" tabindex=\"0\"><div class=\"aagb__accordion_head aab_right_icon  \" data-active=\"false\"><div class=\"aagb__accordion_heading aab_right_icon aagb_right_link\"><div class=\"head_content_wrapper\"><div class=\"title_wrapper\"><h5 class=\"aagb__accordion_title\">Secondo te possiamo completare l\u2019offerta di Aliena con un servizio che manca al momento?<\/h5><\/div><\/div><\/div><div class=\"aagb__accordion_icon\"><div class=\"aagb__icon_dashicons_box\"><span class=\"aagb__icon dashicons dashicons-plus-alt2\"><\/span><\/div><\/div><\/div><div class=\"aagb__accordion_body   \" role=\"region\"><div class=\"aagb__accordion_component \">\n<p>Saremo felici di ricevere un tuo riscontro. Puoi inviarcelo per e-mail, chiamandoci per telefono o utilizzando l\u02beapposito modulo. Trovi tutti le informazioni e i dati necessari alla voce \u201dContatto\u02ba.<\/p>\n<\/div><\/div><\/div>\n<\/div>\n","protected":false},"excerpt":{"rendered":"","protected":false},"author":1,"featured_media":2764,"parent":0,"menu_order":0,"comment_status":"closed","ping_status":"closed","template":"","meta":{"_genesis_block_theme_hide_title":false,"footnotes":""},"class_list":["post-3104","page","type-page","status-publish","has-post-thumbnail","hentry","post","with-featured-image"],"_links":{"self":[{"href":"https:\/\/aliena.ch\/it\/wp-json\/wp\/v2\/pages\/3104","targetHints":{"allow":["GET"]}}],"collection":[{"href":"https:\/\/aliena.ch\/it\/wp-json\/wp\/v2\/pages"}],"about":[{"href":"https:\/\/aliena.ch\/it\/wp-json\/wp\/v2\/types\/page"}],"author":[{"embeddable":true,"href":"https:\/\/aliena.ch\/it\/wp-json\/wp\/v2\/users\/1"}],"replies":[{"embeddable":true,"href":"https:\/\/aliena.ch\/it\/wp-json\/wp\/v2\/comments?post=3104"}],"version-history":[{"count":4,"href":"https:\/\/aliena.ch\/it\/wp-json\/wp\/v2\/pages\/3104\/revisions"}],"predecessor-version":[{"id":4040,"href":"https:\/\/aliena.ch\/it\/wp-json\/wp\/v2\/pages\/3104\/revisions\/4040"}],"wp:featuredmedia":[{"embeddable":true,"href":"https:\/\/aliena.ch\/it\/wp-json\/wp\/v2\/media\/2764"}],"wp:attachment":[{"href":"https:\/\/aliena.ch\/it\/wp-json\/wp\/v2\/media?parent=3104"}],"curies":[{"name":"wp","href":"https:\/\/api.w.org\/{rel}","templated":true}]}}