{"id":746,"date":"2021-07-28T16:46:05","date_gmt":"2021-07-28T16:46:05","guid":{"rendered":"http:\/\/h189665.web1.servicehoster.ch\/?page_id=746"},"modified":"2024-11-21T14:43:15","modified_gmt":"2024-11-21T14:43:15","slug":"kapcsolat","status":"publish","type":"page","link":"https:\/\/aliena.ch\/hu\/kapcsolat\/","title":{"rendered":"Kapcsolat"},"content":{"rendered":"\n<p class=\"has-large-font-size\" style=\"line-height:1.2\">Aliena &#8211; Szakk\u00f6zpont szexiparban dolgoz\u00f3 n\u0151k sz\u00e1m\u00e1ra<\/p>\n\n\n\n<div class=\"wp-block-columns is-layout-flex wp-container-core-columns-is-layout-28f84493 wp-block-columns-is-layout-flex\">\n<div class=\"wp-block-column is-layout-flow wp-block-column-is-layout-flow\">\n<div class=\"wp-block-group has-global-padding is-layout-constrained wp-container-core-group-is-layout-cb9c5c10 wp-block-group-is-layout-constrained\" style=\"padding-right:0;padding-left:0\">\n<div class=\"wp-block-group is-nowrap is-layout-flex wp-container-core-group-is-layout-f1189ed3 wp-block-group-is-layout-flex\">\n<div class=\"wp-block-outermost-icon-block\"><div class=\"icon-container\" style=\"width:25px;transform:rotate(0deg) scaleX(1) scaleY(1)\"><svg fill=\"#000000\" viewBox=\"0 0 32 32\" version=\"1.1\" xmlns=\"http:\/\/www.w3.org\/2000\/svg\"><g id=\"SVGRepo_bgCarrier\" stroke-width=\"0\"><\/g><g id=\"SVGRepo_tracerCarrier\" stroke-linecap=\"round\" stroke-linejoin=\"round\"><\/g><g id=\"SVGRepo_iconCarrier\"><title><\/title><path d=\"M0 16h4l12-13.696 12 13.696h4l-13.984-16h-4zM4 32h8v-9.984q0-0.832 0.576-1.408t1.44-0.608h4q0.8 0 1.408 0.608t0.576 1.408v9.984h8v-13.408l-12-13.248-12 13.248v13.408zM26.016 6.112l4 4.576v-8.672h-4v4.096z\"><\/path><\/g><\/svg><\/div><\/div>\n\n\n\n<p>Webergasse 15, 4058 Basel<\/p>\n<\/div>\n\n\n\n<div class=\"wp-block-buttons is-layout-flex wp-block-buttons-is-layout-flex\" style=\"margin-top:var(--wp--preset--spacing--10);margin-bottom:var(--wp--preset--spacing--10);padding-right:52px;padding-left:52px\">\n<div class=\"wp-block-button has-custom-font-size is-style-outline is-style-outline--1\" style=\"font-size:clamp(14px, 0.875rem + ((1vw - 3.2px) * 0.313), 17px);\"><a class=\"wp-block-button__link has-contrast-2-color has-primary-background-color has-text-color has-background has-link-color wp-element-button\" href=\"https:\/\/www.google.com\/maps\/place\/Aliena\/@47.5594867,7.5969107,14.75z\/data=!4m10!1m2!2m1!1sAliena+%E2%80%93+Fachstelle+f%C3%BCr+Frauen+im+Sexgewerbe+Webergasse+15+4058+Basel!3m6!1s0x4791b9af882fffff:0x49201df71f4e55ef!8m2!3d47.5620251!4d7.5906836!15sCkhBbGllbmEg4oCTIEZhY2hzdGVsbGUgZsO8ciBGcmF1ZW4gaW0gU2V4Z2V3ZXJiZSBXZWJlcmdhc3NlIDE1IDQwNTggQmFzZWwiL1ItL2dlby90eXBlL2VzdGFibGlzaG1lbnRfcG9pL2lzX293bmVkX2J5X3dvbWVu4AEA!16s%2Fg%2F11fm4yhw61?entry=ttu\" style=\"border-radius:3px;padding-right:var(--wp--preset--spacing--20);padding-left:var(--wp--preset--spacing--20)\">A Google t\u00e9rk\u00e9phez \u279d<\/a><\/div>\n<\/div>\n\n\n\n<div class=\"wp-block-group is-nowrap is-layout-flex wp-container-core-group-is-layout-f1189ed3 wp-block-group-is-layout-flex\">\n<div class=\"wp-block-outermost-icon-block\"><div class=\"icon-container\" style=\"width:25px;transform:rotate(0deg) scaleX(1) scaleY(1)\"><svg viewBox=\"0 0 24 24\" fill=\"none\" xmlns=\"http:\/\/www.w3.org\/2000\/svg\"><g id=\"SVGRepo_bgCarrier\" stroke-width=\"0\"><\/g><g id=\"SVGRepo_tracerCarrier\" stroke-linecap=\"round\" stroke-linejoin=\"round\"><\/g><g id=\"SVGRepo_iconCarrier\"><path d=\"M16.5562 12.9062L16.1007 13.359C16.1007 13.359 15.0181 14.4355 12.0631 11.4972C9.10812 8.55901 10.1907 7.48257 10.1907 7.48257L10.4775 7.19738C11.1841 6.49484 11.2507 5.36691 10.6342 4.54348L9.37326 2.85908C8.61028 1.83992 7.13596 1.70529 6.26145 2.57483L4.69185 4.13552C4.25823 4.56668 3.96765 5.12559 4.00289 5.74561C4.09304 7.33182 4.81071 10.7447 8.81536 14.7266C13.0621 18.9492 17.0468 19.117 18.6763 18.9651C19.1917 18.9171 19.6399 18.6546 20.0011 18.2954L21.4217 16.883C22.3806 15.9295 22.1102 14.2949 20.8833 13.628L18.9728 12.5894C18.1672 12.1515 17.1858 12.2801 16.5562 12.9062Z\" fill=\"#000000\"><\/path><\/g><\/svg><\/div><\/div>\n\n\n\n<div class=\"wp-block-group has-global-padding is-layout-constrained wp-container-core-group-is-layout-7db9d80f wp-block-group-is-layout-constrained\" style=\"padding-right:0;padding-left:0\">\n<p style=\"padding-right:0;padding-left:0\">+41 (0) 61 681 24 14<br>+41 (0) 77 522 38 06<\/p>\n<\/div>\n<\/div>\n\n\n\n<div class=\"wp-block-group is-nowrap is-layout-flex wp-container-core-group-is-layout-f1189ed3 wp-block-group-is-layout-flex\">\n<div class=\"wp-block-outermost-icon-block\"><div class=\"icon-container\" style=\"width:25px;transform:rotate(0deg) scaleX(1) scaleY(1)\"><svg viewBox=\"0 -4 32 32\" version=\"1.1\" xmlns=\"http:\/\/www.w3.org\/2000\/svg\" xmlns-xlink=\"http:\/\/www.w3.org\/1999\/xlink\" xmlns:sketch=\"http:\/\/www.bohemiancoding.com\/sketch\/ns\" fill=\"#000000\"><g id=\"SVGRepo_bgCarrier\" stroke-width=\"0\"><\/g><g id=\"SVGRepo_tracerCarrier\" stroke-linecap=\"round\" stroke-linejoin=\"round\"><\/g><g id=\"SVGRepo_iconCarrier\"><title><\/title><desc><\/desc><defs><\/defs><g id=\"Page-1\" stroke=\"none\" stroke-width=\"1\" fill=\"none\" fill-rule=\"evenodd\" sketch:type=\"MSPage\"><g id=\"Icon-Set\" sketch:type=\"MSLayerGroup\" transform=\"translate(-412.000000, -259.000000)\" fill=\"#000000\"><path d=\"M442,279 C442,279.203 441.961,279.395 441.905,279.578 L433,270 L442,263 L442,279 L442,279 Z M415.556,280.946 L424.58,271.33 L428,273.915 L431.272,271.314 L440.444,280.946 C440.301,280.979 415.699,280.979 415.556,280.946 L415.556,280.946 Z M414,279 L414,263 L423,270 L414.095,279.578 C414.039,279.395 414,279.203 414,279 L414,279 Z M441,261 L428,271 L415,261 L441,261 L441,261 Z M440,259 L416,259 C413.791,259 412,260.791 412,263 L412,279 C412,281.209 413.791,283 416,283 L440,283 C442.209,283 444,281.209 444,279 L444,263 C444,260.791 442.209,259 440,259 L440,259 Z\" id=\"mail\" sketch:type=\"MSShapeGroup\"><\/path><\/g><\/g><\/g><\/svg><\/div><\/div>\n\n\n\n<p><a href=\"mailto:fachstelle@aliena.ch\">fachstelle@aliena.ch<\/a><\/p>\n<\/div>\n<\/div>\n<\/div>\n<\/div>\n\n\n\n<div class=\"wp-block-group has-global-padding is-layout-constrained wp-container-core-group-is-layout-ea8482c2 wp-block-group-is-layout-constrained\" style=\"padding-top:var(--wp--preset--spacing--30);padding-right:0;padding-bottom:var(--wp--preset--spacing--30);padding-left:0\">\n<h3 class=\"wp-block-heading has-contrast-color has-text-color has-link-color wp-elements-83adfb9e3c55c090c948a4a3602f1d1f\">Nyitvatart\u00e1si id\u0151<\/h3>\n\n\n\n<div class=\"wp-block-columns is-layout-flex wp-container-core-columns-is-layout-28f84493 wp-block-columns-is-layout-flex\">\n<div class=\"wp-block-column is-layout-flow wp-block-column-is-layout-flow\" style=\"flex-basis:55%\">\n<figure class=\"wp-block-table is-style-regular zeiten\"><table><tbody><tr><td>H\u00e9tf\u0151<\/td><td>09.00 \u2013 16.00 \u00f3ra<\/td><\/tr><tr><td>Kedd<\/td><td>09.00 \u2013 16.00 \u00f3ra<\/td><\/tr><tr><td>Szerda<\/td><td>09.00 \u2013 16.00 \u00f3ra<\/td><\/tr><tr><td>Cs\u00fct\u00f6rt\u00f6k<\/td><td>09.00 \u2013 16.00 \u00f3ra<\/td><\/tr><tr><td>P\u00e9ntek<\/td><td>09.00 \u2013 15.00 \u00f3ra<\/td><\/tr><\/tbody><\/table><\/figure>\n\n\n\n<div><div class=\"wp-block-aab-accordion-block aab__accordion_container separate-accordion  no-pro-plan is-style-qa notfall has-border-color\" style=\"border-color:#636363;border-width:1px;border-radius:5px\"><div class=\"aab__accordion_head aab_right_icon  \" data-active=\"false\" style=\"color:#000000;background-color:#ffffff\"><div class=\"aab__accordion_heading aab_right_icon aab_right_link\"><p class=\"aab__accordion_title\" style=\"margin:0;color:#000000\" itemprop=\"name\"><a>Aliena z\u00e1rva van, \u00e9s seg\u00edts\u00e9gre van sz\u00fcks\u00e9ge<\/a><\/p><\/div><div class=\"aab__accordion_icon\" style=\"color:#333333;background-color:transparent\"><span class=\"aab__icon dashicons dashicons-plus-alt2\" style=\"font-size:25px\"><\/span><\/div><\/div><div class=\"aab__accordion_body \" role=\"region\" style=\"background-color:transparent\"><div itemprop=\"text\">\n<div class=\"wp-block-group has-global-padding is-layout-constrained wp-container-core-group-is-layout-4548b604 wp-block-group-is-layout-constrained\">\n<p><strong>Eg\u00e9szs\u00e9g<\/strong><\/p>\n\n\n\n<p>S\u00fcrg\u0151ss\u00e9gi oszt\u00e1ly, Notfallzentrum Universit\u00e4tsspital Basel, Petersgraben 2, 4031 Basel<\/p>\n\n\n\n<p>N\u0151gy\u00f3gy\u00e1szati s\u00fcrg\u0151ss\u00e9gi ell\u00e1t\u00e1s, Porte Klinikum 1, Spitalstrasse 21, 4031 Basel<\/p>\n\n\n\n<p>Pszichol\u00f3giai v\u00e9szhelyzet, Wilhelm Klein-Strasse 27, 4056 Basel, +41 61 325 51 00<\/p>\n\n\n\n<p>S\u00fcrg\u0151ss\u00e9gi gy\u00f3gyszert\u00e1r, Petersgraben 3, 4051 Basel, +41 61 263 75 75<\/p>\n\n\n\n<p>Az orvosi seg\u00e9lyh\u00edv\u00f3 k\u00f6zpont sz\u00e1ma, Medizinische Notrufzentrale +41 61 261 15 15<\/p>\n\n\n\n<p>Ment\u0151szolg\u00e1lat, Ambul\u00e1ns klinika 144<\/p>\n\n\n\n<div style=\"height:var(--wp--preset--spacing--10)\" aria-hidden=\"true\" class=\"wp-block-spacer\"><\/div>\n\n\n\n<p><strong>Er\u0151szak<\/strong><\/p>\n\n\n\n<p>\u00c1ltal\u00e1nos: Rend\u0151rs\u00e9g 117<\/p>\n\n\n\n<p>Seg\u00edts\u00e9g \u00e9s v\u00e9delem az emberkereskedelem \u00e1ldozatainakel:<\/p>\n\n\n\n<ul style=\"margin-top:0;margin-bottom:0\" class=\"wp-block-list\">\n<li>Victras, Opferschutz-Einheit und Fachstelle Menschenhandel, Gewaltbetroffene, +41 44 585 35 45<\/li>\n\n\n\n<li>FIZ Opferschutz Menschenhandel, +41 44 436 90 00, WhatsApp: +41 76 596 15 63<\/li>\n<\/ul>\n<\/div>\n\n\n\n<p><\/p>\n<\/div><\/div><\/div><\/div>\n<\/div>\n\n\n\n<div class=\"wp-block-column is-layout-flow wp-block-column-is-layout-flow\"><\/div>\n<\/div>\n<\/div>\n\n\n\n<h2 class=\"wp-block-heading\">Van k\u00e9rd\u00e9sed vagy egy visszajelz\u00e9sed?<\/h2>\n\n\n\n<p>Kapcsolatba l\u00e9phetsz vel\u00fcnk a kapcsolatfelv\u00e9teli \u0171rlapon vagy a WhatsApp-on kereszt\u00fcl is.<br><\/p>\n\n\n\n<div class=\"wp-block-columns is-layout-flex wp-container-core-columns-is-layout-55b83afd wp-block-columns-is-layout-flex\" style=\"margin-top:var(--wp--preset--spacing--30);margin-bottom:var(--wp--preset--spacing--30)\">\n<div class=\"wp-block-column has-hellgrau-background-color has-background is-layout-flow wp-block-column-is-layout-flow\"><style id=\"wpforms-css-vars-3553-block-b893fb59-ad16-4ac4-9d00-edb89e51b227\">\n\t\t\t\t#wpforms-3553.wpforms-block-b893fb59-ad16-4ac4-9d00-edb89e51b227 {\n\t\t\t\t--wpforms-field-background-color: #f9f9f9;\n--wpforms-button-background-color: #ce0018;\n--wpforms-field-size-input-height: 43px;\n--wpforms-field-size-input-spacing: 15px;\n--wpforms-field-size-font-size: 16px;\n--wpforms-field-size-line-height: 19px;\n--wpforms-field-size-padding-h: 14px;\n--wpforms-field-size-checkbox-size: 16px;\n--wpforms-field-size-sublabel-spacing: 5px;\n--wpforms-field-size-icon-size: 1;\n--wpforms-label-size-font-size: 16px;\n--wpforms-label-size-line-height: 19px;\n--wpforms-label-size-sublabel-font-size: 14px;\n--wpforms-label-size-sublabel-line-height: 17px;\n--wpforms-button-size-font-size: 17px;\n--wpforms-button-size-height: 41px;\n--wpforms-button-size-padding-h: 15px;\n--wpforms-button-size-margin-top: 10px;\n\t\t\t}\n\t\t\t<\/style><div class=\"wpforms-container wpforms-container-full wpforms-block wpforms-block-b893fb59-ad16-4ac4-9d00-edb89e51b227 wpforms-render-modern\" id=\"wpforms-3553\"><form id=\"wpforms-form-3553\" class=\"wpforms-validate wpforms-form wpforms-ajax-form\" data-formid=\"3553\" method=\"post\" enctype=\"multipart\/form-data\" action=\"\/hu\/wp-json\/wp\/v2\/pages\/746\" data-token=\"3feb5e1c9b6f909b007f5b9d1a88fa40\" data-token-time=\"1776768162\"><noscript class=\"wpforms-error-noscript\">Please enable JavaScript in your browser to complete this form.<\/noscript><div id=\"wpforms-error-noscript\" style=\"display: none;\">Please enable JavaScript in your browser to complete this form.<\/div><div class=\"wpforms-field-container\"><div id=\"wpforms-3553-field_1-container\" class=\"wpforms-field wpforms-field-select wpforms-field-select-style-classic\" data-field-id=\"1\"><label class=\"wpforms-field-label\" for=\"wpforms-3553-field_1\">Megsz\u00f3l\u00edt\u00e1s<\/label><select id=\"wpforms-3553-field_1\" class=\"wpforms-field-large\" name=\"wpforms[fields][1]\"><option value=\"n\u0151\"  class=\"choice-1 depth-1\"  >n\u0151<\/option><option value=\"f\u00e9rfi\"  class=\"choice-2 depth-1\"  >f\u00e9rfi<\/option><option value=\"egy\u00e9b\"  class=\"choice-3 depth-1\"  >egy\u00e9b<\/option><\/select><\/div><div id=\"wpforms-3553-field_3-container\" class=\"wpforms-field wpforms-field-text wpforms-one-half wpforms-first\" data-field-id=\"3\"><label class=\"wpforms-field-label\" for=\"wpforms-3553-field_3\">Vezet\u00e9kn\u00e9v<\/label><input type=\"text\" id=\"wpforms-3553-field_3\" class=\"wpforms-field-large\" name=\"wpforms[fields][3]\" aria-errormessage=\"wpforms-3553-field_3-error\" ><\/div><div id=\"wpforms-3553-field_4-container\" class=\"wpforms-field wpforms-field-text wpforms-one-half\" data-field-id=\"4\"><label class=\"wpforms-field-label\" for=\"wpforms-3553-field_4\">Keresztn\u00e9v <span class=\"wpforms-required-label\" aria-hidden=\"true\">*<\/span><\/label><input type=\"text\" id=\"wpforms-3553-field_4\" class=\"wpforms-field-large wpforms-field-required\" name=\"wpforms[fields][4]\" aria-errormessage=\"wpforms-3553-field_4-error\" required><\/div><div id=\"wpforms-3553-field_11-container\" class=\"wpforms-field wpforms-field-text\" data-field-id=\"11\"><label class=\"wpforms-field-label\" for=\"wpforms-3553-field_11\">E-mailben vagy telefonon szeretn\u00e9, ha felvenn\u00e9nk \u00d6nnel a kapcsolatot? <span class=\"wpforms-required-label\" aria-hidden=\"true\">*<\/span><\/label><input type=\"text\" id=\"wpforms-3553-field_11\" class=\"wpforms-field-large wpforms-field-required\" name=\"wpforms[fields][11]\" placeholder=\"K\u00e9rj\u00fck, adja meg e-mail c\u00edm\u00e9t \u00e9s\/vagy telefonsz\u00e1m\u00e1t.\" aria-errormessage=\"wpforms-3553-field_11-error\" required><\/div><div id=\"wpforms-3553-field_12-container\" class=\"wpforms-field wpforms-field-text\" data-field-id=\"12\"><label class=\"wpforms-field-label\" for=\"wpforms-3553-field_12\">Milyen nyelven szeretn\u00e9, ha felvenn\u00e9nk \u00d6nnel a kapcsolatot? <span class=\"wpforms-required-label\" aria-hidden=\"true\">*<\/span><\/label><input type=\"text\" id=\"wpforms-3553-field_12\" class=\"wpforms-field-large wpforms-field-required\" name=\"wpforms[fields][12]\" aria-errormessage=\"wpforms-3553-field_12-error\" required><\/div><div id=\"wpforms-3553-field_13-container\" class=\"wpforms-field wpforms-field-text\" data-field-id=\"13\"><label class=\"wpforms-field-label\" for=\"wpforms-3553-field_13\">T\u00e1rgy<\/label><input type=\"text\" id=\"wpforms-3553-field_13\" class=\"wpforms-field-large\" name=\"wpforms[fields][13]\" aria-errormessage=\"wpforms-3553-field_13-error\" ><\/div><div id=\"wpforms-3553-field_14-container\" class=\"wpforms-field wpforms-field-textarea\" data-field-id=\"14\"><label class=\"wpforms-field-label\" for=\"wpforms-3553-field_14\">\u00dczenet <span class=\"wpforms-required-label\" aria-hidden=\"true\">*<\/span><\/label><textarea id=\"wpforms-3553-field_14\" class=\"wpforms-field-large wpforms-field-required\" name=\"wpforms[fields][14]\" aria-errormessage=\"wpforms-3553-field_14-error\" required><\/textarea><\/div><\/div><!-- .wpforms-field-container --><div class=\"wpforms-submit-container\" ><input type=\"hidden\" name=\"wpforms[id]\" value=\"3553\"><input type=\"hidden\" name=\"page_title\" value=\"\"><input type=\"hidden\" name=\"page_url\" value=\"https:\/\/aliena.ch\/hu\/wp-json\/wp\/v2\/pages\/746\"><input type=\"hidden\" name=\"url_referer\" value=\"\"><button type=\"submit\" name=\"wpforms[submit]\" id=\"wpforms-submit-3553\" class=\"wpforms-submit\" data-alt-text=\"Elk\u00fcldj\u00fck ...\" data-submit-text=\"K\u00fcld\u00e9s\" aria-live=\"assertive\" value=\"wpforms-submit\">K\u00fcld\u00e9s<\/button><img loading=\"lazy\" decoding=\"async\" src=\"https:\/\/aliena.ch\/wp-content\/plugins\/wpforms-lite\/assets\/images\/submit-spin.svg\" class=\"wpforms-submit-spinner\" style=\"display: none;\" width=\"26\" height=\"26\" alt=\"Loading\"><\/div><\/form><\/div>  <!-- .wpforms-container --><\/div>\n\n\n\n<div class=\"wp-block-column is-layout-flow wp-block-column-is-layout-flow\" style=\"flex-basis:36%\">\n<figure class=\"wp-block-image size-full\"><img loading=\"lazy\" decoding=\"async\" width=\"1043\" height=\"1108\" src=\"https:\/\/aliena.ch\/wp-content\/uploads\/2024\/07\/shared_qr_code-002_Nr.3.png\" alt=\"\" class=\"wp-image-2458\" style=\"object-fit:cover\" srcset=\"https:\/\/aliena.ch\/wp-content\/uploads\/2024\/07\/shared_qr_code-002_Nr.3.png 1043w, https:\/\/aliena.ch\/wp-content\/uploads\/2024\/07\/shared_qr_code-002_Nr.3-282x300.png 282w, https:\/\/aliena.ch\/wp-content\/uploads\/2024\/07\/shared_qr_code-002_Nr.3-964x1024.png 964w, https:\/\/aliena.ch\/wp-content\/uploads\/2024\/07\/shared_qr_code-002_Nr.3-768x816.png 768w, https:\/\/aliena.ch\/wp-content\/uploads\/2024\/07\/shared_qr_code-002_Nr.3-300x319.png 300w\" sizes=\"auto, (max-width: 1043px) 100vw, 1043px\" \/><\/figure>\n<\/div>\n<\/div>\n","protected":false},"excerpt":{"rendered":"<p>Aliena &#8211; Szakk\u00f6zpont szexiparban dolgoz\u00f3 n\u0151k sz\u00e1m\u00e1ra Webergasse 15, 4058 Basel +41 (0) 61 681 24 14+41 (0) 77 522 38 06 fachstelle@aliena.ch Nyitvatart\u00e1si id\u0151 H\u00e9tf\u0151 09.00 \u2013 16.00 \u00f3ra Kedd 09.00 \u2013 16.00 \u00f3ra Szerda 09.00 \u2013 16.00 \u00f3ra Cs\u00fct\u00f6rt\u00f6k 09.00 \u2013 16.00 \u00f3ra P\u00e9ntek 09.00 \u2013 15.00 \u00f3ra Van k\u00e9rd\u00e9sed vagy egy visszajelz\u00e9sed? &hellip;<\/p>\n","protected":false},"author":1,"featured_media":382,"parent":0,"menu_order":0,"comment_status":"closed","ping_status":"closed","template":"","meta":{"_genesis_block_theme_hide_title":false,"footnotes":""},"class_list":["post-746","page","type-page","status-publish","has-post-thumbnail","hentry","post","with-featured-image"],"_links":{"self":[{"href":"https:\/\/aliena.ch\/hu\/wp-json\/wp\/v2\/pages\/746","targetHints":{"allow":["GET"]}}],"collection":[{"href":"https:\/\/aliena.ch\/hu\/wp-json\/wp\/v2\/pages"}],"about":[{"href":"https:\/\/aliena.ch\/hu\/wp-json\/wp\/v2\/types\/page"}],"author":[{"embeddable":true,"href":"https:\/\/aliena.ch\/hu\/wp-json\/wp\/v2\/users\/1"}],"replies":[{"embeddable":true,"href":"https:\/\/aliena.ch\/hu\/wp-json\/wp\/v2\/comments?post=746"}],"version-history":[{"count":14,"href":"https:\/\/aliena.ch\/hu\/wp-json\/wp\/v2\/pages\/746\/revisions"}],"predecessor-version":[{"id":3788,"href":"https:\/\/aliena.ch\/hu\/wp-json\/wp\/v2\/pages\/746\/revisions\/3788"}],"wp:featuredmedia":[{"embeddable":true,"href":"https:\/\/aliena.ch\/hu\/wp-json\/wp\/v2\/media\/382"}],"wp:attachment":[{"href":"https:\/\/aliena.ch\/hu\/wp-json\/wp\/v2\/media?parent=746"}],"curies":[{"name":"wp","href":"https:\/\/api.w.org\/{rel}","templated":true}]}}