{"id":736,"date":"2021-07-28T16:40:54","date_gmt":"2021-07-28T16:40:54","guid":{"rendered":"http:\/\/h189665.web1.servicehoster.ch\/?page_id=736"},"modified":"2026-03-17T08:16:43","modified_gmt":"2026-03-17T08:16:43","slug":"aktualis","status":"publish","type":"page","link":"https:\/\/aliena.ch\/hu\/aktualis\/","title":{"rendered":"Inform\u00e1ci\u00f3k"},"content":{"rendered":"\n<p><\/p>\n\n\n\n<p><h3 class=\"wp-block-heading\">2026.01.01. \u00f3ta a zaklat\u00e1s b\u0171ncselekm\u00e9ny Sv\u00e1jcban.<\/h3><\/p>\n\n\n\n<p>A zaklat\u00e1s azt jelenti, hogy egy szem\u00e9ly ism\u00e9telten zaklat, k\u00f6vet vagy fenyeget t\u00e9ged, annak ellen\u00e9re, hogy nem szeretn\u00e9l kapcsolatot tartani vele.<\/p>\n\n\n\n<ul class=\"wp-block-list\">\n<li>Folyamatosan kapsz \u00fczeneteket vagy h\u00edv\u00e1sokat ugyanatt\u00f3l a szem\u00e9lyt\u0151l \u2013 ak\u00e1r \u00e9jszaka vagy szokatlan id\u0151pontokban is?<\/li>\n\n\n\n<li>A szem\u00e9ly k\u00e9retlen\u00fcl megjelenik n\u00e1lad?<\/li>\n\n\n\n<li>\u00dagy \u00e9rzed, hogy megfigyelnek vagy k\u00f6vetnek t\u00e8ged?<\/li>\n\n\n\n<li>Valaki azzal fenyeget, hogy r\u00f3lad k\u00e9sz\u00fclt fot\u00f3kat vagy vide\u00f3kat tesz k\u00f6zz\u00e9 vagy tov\u00e1bb\u00edt ja?<\/li>\n\n\n\n<li>Kapsz nem k\u00edv\u00e1nt aj\u00e1nd\u00e9kokat?<\/li>\n\n\n\n<li>Vil\u00e1gosan jelezted, hogy nem szeretn\u00e9l t\u00f6bb\u00e9 kapcsolatot \u2013 m\u00e9gis folytat\u00f3dik?<\/li>\n<\/ul>\n\n\n\n<p>Ha t\u00f6bb k\u00e9rd\u00e9sre is \u201e<strong>igen<\/strong>\u201d-nel v\u00e1laszolsz, zaklat\u00e1sr\u00f3l lehet sz\u00f3.<\/p>\n\n\n\n<p><strong>JOGOD VAN A V\u00c9DELEMHEZ \u00c9S A T\u00c1MOGAT\u00c1SHOZ!<\/strong><\/p>\n\n\n\n<p>Vannak k\u00e9rd\u00e9seid ezzel kapcsolatban? Sz\u00edvesen seg\u00edt\u00fcnk!<\/p>\n\n\n\n<p>Azonnali vesz\u00e9ly eset\u00e9n:<br>H\u00edvd a rend\u0151rs\u00e9get! (<strong>117<\/strong>)<\/p>\n\n\n\n<div style=\"height:30px\" aria-hidden=\"true\" class=\"wp-block-spacer\"><\/div>\n\n\n\n<h3 class=\"wp-block-heading\">Szexmunk\u00e1sk\u00e9nt dolgozol Sv\u00e1jcban?<\/h3>\n\n\n\n<p>A <strong>Lexi App <\/strong>alkalmaz\u00e1sban minden fontos inform\u00e1ci\u00f3t megtal\u00e1lsz. A Lexi App a <strong>biztons\u00e1ggal, eg\u00e9szs\u00e9ggel, munk\u00e1val, ad\u00f3kkal \u00e9s t\u00e1rsadalombiztos\u00edt\u00e1ssal kapcsolatos k\u00e9rd\u00e9sekben<\/strong> ny\u00fajt t\u00e1j\u00e9koztat\u00e1st.\u00a0<\/p>\n\n\n\n<p>A Lexi App a k\u00f6vetkez\u0151 nyelveken \u00e9rhet\u0151 el: n\u00e9met, angol, francia, olasz, spanyol, portug\u00e1l, rom\u00e1n, magyar, bolg\u00e1r, lengyel, thai, szlov\u00e1k.<\/p>\n\n\n\n<div class=\"wp-block-buttons is-layout-flex wp-block-buttons-is-layout-flex\">\n<div class=\"wp-block-button is-style-fill\"><a class=\"wp-block-button__link wp-element-button\" href=\"https:\/\/play.google.com\/store\/apps\/details?id=ch.renuo.procore&amp;hl=de_CH&amp;pli=1\">Alkalmaz\u00e1s let\u00f6lt\u00e9se Android-ra<\/a><\/div>\n\n\n\n<div class=\"wp-block-button is-style-fill\"><a class=\"wp-block-button__link wp-element-button\" href=\"https:\/\/apps.apple.com\/ch\/app\/lexi-app\/id1347841110\">Alkalmaz\u00e1s let\u00f6lt\u00e9se iPhone-ra<\/a><\/div>\n<\/div>\n\n\n\n<div class=\"wp-block-group has-global-padding is-layout-constrained wp-container-core-group-is-layout-dd4b47f6 wp-block-group-is-layout-constrained\" style=\"margin-top:var(--wp--preset--spacing--20);padding-top:var(--wp--preset--spacing--30);padding-right:0;padding-bottom:var(--wp--preset--spacing--20);padding-left:0\">\n<div class=\"wp-block-columns is-layout-flex wp-container-core-columns-is-layout-658170e2 wp-block-columns-is-layout-flex\">\n<div class=\"wp-block-column is-vertically-aligned-center is-layout-flow wp-block-column-is-layout-flow\">\n<h3 class=\"wp-block-heading\">Szeretn\u00e9d tudni, mit kell tenned ahhoz, hogy leg\u00e1lisan dolgozhass itt? <\/h3>\n\n\n\n<p>A <a href=\"https:\/\/procore-info.ch\/\" target=\"_blank\" rel=\"noreferrer noopener\"><strong>ProCoRe<\/strong><\/a>, a Szexmunk\u00e1sok Jogait V\u00e9d\u0151 Sv\u00e1jci H\u00e1l\u00f3zat &#8211; k\u00edn\u00e1lta eszk\u00f6zben v\u00e1laszt tal\u00e1lsz ezekre a k\u00e9rd\u00e9sekre tov\u00e1bbi inform\u00e1ci\u00f3k k\u00eds\u00e9ret\u00e9ben.<\/p>\n\n\n\n<p><\/p>\n<\/div>\n\n\n\n<div class=\"wp-block-column is-layout-flow wp-block-column-is-layout-flow\">\n<figure class=\"wp-block-image size-large has-custom-border\"><a href=\"https:\/\/procore-info.ch\/\"><img loading=\"lazy\" decoding=\"async\" width=\"1024\" height=\"508\" src=\"https:\/\/aliena.ch\/wp-content\/uploads\/2024\/11\/ProCore_banner_2267x1125px_RGB_EN-1024x508.jpg\" alt=\"\" class=\"has-border-color has-base-2-border-color wp-image-3000\" style=\"border-width:5px;box-shadow:var(--wp--preset--shadow--natural);object-fit:cover\" srcset=\"https:\/\/aliena.ch\/wp-content\/uploads\/2024\/11\/ProCore_banner_2267x1125px_RGB_EN-1024x508.jpg 1024w, https:\/\/aliena.ch\/wp-content\/uploads\/2024\/11\/ProCore_banner_2267x1125px_RGB_EN-300x149.jpg 300w, https:\/\/aliena.ch\/wp-content\/uploads\/2024\/11\/ProCore_banner_2267x1125px_RGB_EN-768x381.jpg 768w, https:\/\/aliena.ch\/wp-content\/uploads\/2024\/11\/ProCore_banner_2267x1125px_RGB_EN-1536x762.jpg 1536w, https:\/\/aliena.ch\/wp-content\/uploads\/2024\/11\/ProCore_banner_2267x1125px_RGB_EN-2048x1016.jpg 2048w, https:\/\/aliena.ch\/wp-content\/uploads\/2024\/11\/ProCore_banner_2267x1125px_RGB_EN-1200x596.jpg 1200w, https:\/\/aliena.ch\/wp-content\/uploads\/2024\/11\/ProCore_banner_2267x1125px_RGB_EN-1400x695.jpg 1400w\" sizes=\"auto, (max-width: 1024px) 100vw, 1024px\" \/><\/a><\/figure>\n<\/div>\n<\/div>\n<\/div>\n\n\n\n<div class=\"wp-block-group has-global-padding is-layout-constrained wp-container-core-group-is-layout-d88597d8 wp-block-group-is-layout-constrained\" style=\"padding-top:var(--wp--preset--spacing--10);padding-right:0;padding-bottom:var(--wp--preset--spacing--30);padding-left:0\">\n<h3 class=\"wp-block-heading\">B\u00e1zelben dolgozol?<\/h3>\n\n\n\n<p>A legfontosabb telefonsz\u00e1mokat \u00e9s inform\u00e1ci\u00f3kat a Basel-Stadt Igazs\u00e1g\u00fcgyi \u00e9s Biztons\u00e1gi F\u0151oszt\u00e1ly\u00e1nak Prostit\u00faci\u00f3s Kerekasztal-sz\u00f3r\u00f3lapj\u00e1n tal\u00e1lod:<\/p>\n\n\n\n<div class=\"wp-block-group is-nowrap is-layout-flex wp-container-core-group-is-layout-6c531013 wp-block-group-is-layout-flex\">\n<p><a href=\"https:\/\/www.jsd.bs.ch\/themen\/prostitution\/informationen--hilfe-und-beratung-f-r-sexarbeiter_innen.html\"><strong>https:\/\/www.jsd.bs.ch<\/strong><\/a><\/p>\n\n\n\n<p>|<\/p>\n\n\n\n<div class=\"wp-block-file\"><a id=\"wp-block-file--media-40d6d30a-beea-4773-b9d3-3e3d91593839\" href=\"https:\/\/aliena.ch\/wp-content\/uploads\/2024\/11\/Kapo_Sexarbeiterinnen_Leporello__Kapo_Sexarbeiterinnen_Leporello_U_new.pdf\"><strong>Flyer<\/strong><\/a><a href=\"https:\/\/aliena.ch\/wp-content\/uploads\/2024\/11\/Kapo_Sexarbeiterinnen_Leporello__Kapo_Sexarbeiterinnen_Leporello_U_new.pdf\" class=\"wp-block-file__button wp-element-button\" download aria-describedby=\"wp-block-file--media-40d6d30a-beea-4773-b9d3-3e3d91593839\">Download<\/a><\/div>\n<\/div>\n<\/div>\n\n\n\n<div class=\"wp-block-group has-global-padding is-layout-constrained wp-container-core-group-is-layout-3c46939c wp-block-group-is-layout-constrained\" style=\"padding-top:var(--wp--preset--spacing--30);padding-right:0;padding-bottom:var(--wp--preset--spacing--30);padding-left:0\">\n<h3 class=\"wp-block-heading\">Most k\u00f6lt\u00f6zt\u00e9l B\u00e1zelbe?<\/h3>\n\n\n\n<p>A \u201c<a href=\"https:\/\/www.hallo-baselstadt.ch\/\" target=\"_blank\" rel=\"noreferrer noopener\"><strong>Hello Basel-Stadt<\/strong><\/a>\u201d weboldal 20 nyelven k\u00edn\u00e1l inform\u00e1ci\u00f3kat a j\u00f3 kezd\u00e9shez B\u00e1zelben.<\/p>\n<\/div>\n","protected":false},"excerpt":{"rendered":"<p>2026.01.01. \u00f3ta a zaklat\u00e1s b\u0171ncselekm\u00e9ny Sv\u00e1jcban. A zaklat\u00e1s azt jelenti, hogy egy szem\u00e9ly ism\u00e9telten zaklat, k\u00f6vet vagy fenyeget t\u00e9ged, annak ellen\u00e9re, hogy nem szeretn\u00e9l kapcsolatot tartani vele. Ha t\u00f6bb k\u00e9rd\u00e9sre is \u201eigen\u201d-nel v\u00e1laszolsz, zaklat\u00e1sr\u00f3l lehet sz\u00f3. JOGOD VAN A V\u00c9DELEMHEZ \u00c9S A T\u00c1MOGAT\u00c1SHOZ! Vannak k\u00e9rd\u00e9seid ezzel kapcsolatban? Sz\u00edvesen seg\u00edt\u00fcnk! Azonnali vesz\u00e9ly eset\u00e9n:H\u00edvd a rend\u0151rs\u00e9get! (117) &hellip;<\/p>\n","protected":false},"author":1,"featured_media":372,"parent":0,"menu_order":0,"comment_status":"closed","ping_status":"closed","template":"","meta":{"_genesis_block_theme_hide_title":false,"footnotes":""},"class_list":["post-736","page","type-page","status-publish","has-post-thumbnail","hentry","post","with-featured-image"],"_links":{"self":[{"href":"https:\/\/aliena.ch\/hu\/wp-json\/wp\/v2\/pages\/736","targetHints":{"allow":["GET"]}}],"collection":[{"href":"https:\/\/aliena.ch\/hu\/wp-json\/wp\/v2\/pages"}],"about":[{"href":"https:\/\/aliena.ch\/hu\/wp-json\/wp\/v2\/types\/page"}],"author":[{"embeddable":true,"href":"https:\/\/aliena.ch\/hu\/wp-json\/wp\/v2\/users\/1"}],"replies":[{"embeddable":true,"href":"https:\/\/aliena.ch\/hu\/wp-json\/wp\/v2\/comments?post=736"}],"version-history":[{"count":6,"href":"https:\/\/aliena.ch\/hu\/wp-json\/wp\/v2\/pages\/736\/revisions"}],"predecessor-version":[{"id":4095,"href":"https:\/\/aliena.ch\/hu\/wp-json\/wp\/v2\/pages\/736\/revisions\/4095"}],"wp:featuredmedia":[{"embeddable":true,"href":"https:\/\/aliena.ch\/hu\/wp-json\/wp\/v2\/media\/372"}],"wp:attachment":[{"href":"https:\/\/aliena.ch\/hu\/wp-json\/wp\/v2\/media?parent=736"}],"curies":[{"name":"wp","href":"https:\/\/api.w.org\/{rel}","templated":true}]}}