{"id":3177,"date":"2024-11-13T10:55:14","date_gmt":"2024-11-13T10:55:14","guid":{"rendered":"https:\/\/aliena.ch\/?page_id=3177"},"modified":"2025-09-09T13:34:52","modified_gmt":"2025-09-09T13:34:52","slug":"kinalat","status":"publish","type":"page","link":"https:\/\/aliena.ch\/hu\/kinalat\/","title":{"rendered":"K\u00edn\u00e1lat"},"content":{"rendered":"\n<div class=\"custom-css-block\"><style>.aagb_accordion_09a86674-85ad-4298-9e98-91f4e3c6d619 {   }<\/style><\/div><style>\n        .aagb_accordion_09a86674-85ad-4298-9e98-91f4e3c6d619 .aagb__accordion_active .aagb__accordion_body {\n            \n        }\n        .aagb_accordion_09a86674-85ad-4298-9e98-91f4e3c6d619 .aagb__accordion_container.wp-block-aab-accordion-item .aagb__accordion_head {\n          background-color: #bcb6b638;\n          \n          border-top: none; border-right: none; border-bottom: none; border-left: none;\n          \n        }\n        .aagb_accordion_09a86674-85ad-4298-9e98-91f4e3c6d619 .aagb__accordion_container.wp-block-aab-accordion-item .aagb__accordion_body {\n          \n          \n          \n          border-top: 1px solid #bcb6b638; border-right: none; border-bottom: none; border-left: none;\n          \n        }\n        \n        .aagb_accordion_09a86674-85ad-4298-9e98-91f4e3c6d619 .wp-block-aab-accordion-item .aagb__accordion_subheading {\n          margin: 5px 0 0 0;\n          \n        }\n        .aagb_accordion_09a86674-85ad-4298-9e98-91f4e3c6d619 .wp-block-aab-accordion-item .aagb__accordion_icon {\n          \n          \n        }\n        .aagb_accordion_09a86674-85ad-4298-9e98-91f4e3c6d619 .wp-block-aab-accordion-item .aagb__icon {\n          font-size: 23px;\n        }\n        .aagb_accordion_09a86674-85ad-4298-9e98-91f4e3c6d619 .aagb__accordion_title {\n          margin: 0;\n          \n        }\n        .aagb_accordion_09a86674-85ad-4298-9e98-91f4e3c6d619 .aagb__accordion_container {\n          border: 1px solid #bcb6b638;\n          margin-top: 0px;\n          margin-bottom: 15px;\n          \n        }\n          .aagb_accordion_09a86674-85ad-4298-9e98-91f4e3c6d619 .aagb__accordion_number{\n            \n        }\n        .aagb_accordion_09a86674-85ad-4298-9e98-91f4e3c6d619 .wp-block-aab-accordion-item .aagb__accordion_subheading{\n           false\n        }\n\n        .aagb_accordion_09a86674-85ad-4298-9e98-91f4e3c6d619 .aab-step-progress{\n          background-color: #dfd2d2;\n        }\n            \n        .aagb_accordion_09a86674-85ad-4298-9e98-91f4e3c6d619 .aab-step-progress-bar {\n          background-color: #1570ec;\n        }\n\n        .aagb_accordion_09a86674-85ad-4298-9e98-91f4e3c6d619 .aagb__accordion_number{\n          \n        }\n        .aagb_accordion_09a86674-85ad-4298-9e98-91f4e3c6d619 .aab-progress-bar-container{\n          background-color: #f0f0f0;\n        }\n        .aagb_accordion_09a86674-85ad-4298-9e98-91f4e3c6d619 .aab-progress-bar {\n            background-color: #0866ff;\n        }\n        \n       .aagb__group_accordion_container.has_img {\n            \n            flex-direction: row;\n        }\n      \n          .aagb_accordion_09a86674-85ad-4298-9e98-91f4e3c6d619 .aagb__accordion_container {\n            transition-duration: 0ms !important;\n            outline: 2px solid #00000000;\n          }\n          .aagb_accordion_09a86674-85ad-4298-9e98-91f4e3c6d619 .aagb__accordion_container:focus-visible {\n            outline: 2px solid #C2DBFE;\n          }\n        <\/style><div class=\"wp-block-aab-group-accordion searchable aagb_accordion_09a86674-85ad-4298-9e98-91f4e3c6d619 click false\" id=\"group-accordion-09a86674-85ad-4298-9e98-91f4e3c6d619\">\n<div class=\"wp-block-aab-accordion-item aagb__accordion_container panel\" data-autoplay=\"false\" data-duration=\"3000\" data-progress-bar-direction=\"horizontal\" data-feature-image-url=\"\" data-auto-numbering=\"false\" data-progress-bar-on=\"false\" tabindex=\"0\"><div class=\"aagb__accordion_head aagb_right_icon  \" data-active=\"false\"><div class=\"aagb__accordion_heading aagb_right_icon aagb_right_link\"><div class=\"head_content_wrapper\"><div class=\"title_wrapper\"><h5 class=\"aagb__accordion_title\">K\u00e9rd\u00e9sed van \u2013 mindegy milyen \u2013, inform\u00e1ci\u00f3kat vagy t\u00e1mogat\u00e1st keresel?<\/h5><\/div><\/div><\/div><div class=\"aagb__accordion_icon\"><div class=\"aagb__icon_dashicons_box\"><span class=\"aagb__icon dashicons dashicons-plus-alt2\"><\/span><\/div><\/div><\/div><div class=\"aagb__accordion_body   \" role=\"region\"><div class=\"aagb__accordion_component \">\n<p>Sz\u00edvesen adunk tan\u00e1csot szem\u00e9lyesen, telefonon vagy \u00edr\u00e1sban. Tan\u00e1csad\u00e1sunk ingyenes, n\u00e9vtelen \u00e9s bizalmas. Tan\u00e1csad\u00e1st n\u00e9met, angol, francia, olasz, spanyol \u00e9s lengyel nyelven ny\u00fajtunk, \u00e9s sz\u00fcks\u00e9g eset\u00e9n n\u0151i tolm\u00e1csokkal dolgozunk. Amennyiben sz\u00fcks\u00e9ges, m\u00e1s k\u00f6zpontokhoz \u00e9s szakemberekhez is \u00e1t tudunk ir\u00e1ny\u00edtani \u00e9s el tudunk k\u00eds\u00e9rni t\u00e9ged.<\/p>\n\n\n\n<p>B\u00e1rmilyen k\u00e9rd\u00e9sed van, sz\u00edvesen hozz\u00e1nk fordulhatsz.<\/p>\n<\/div><\/div><\/div>\n\n\n\n<div class=\"wp-block-aab-accordion-item aagb__accordion_container panel\" data-autoplay=\"false\" data-duration=\"3000\" data-progress-bar-direction=\"horizontal\" data-feature-image-url=\"\" data-auto-numbering=\"false\" data-progress-bar-on=\"false\" tabindex=\"0\"><div class=\"aagb__accordion_head aab_right_icon  \" data-active=\"false\"><div class=\"aagb__accordion_heading aab_right_icon aagb_right_link\"><div class=\"head_content_wrapper\"><div class=\"title_wrapper\"><h5 class=\"aagb__accordion_title\">Szeretn\u00e9l n\u00e9met\u00fcl tanulni?<\/h5><\/div><\/div><\/div><div class=\"aagb__accordion_icon\"><div class=\"aagb__icon_dashicons_box\"><span class=\"aagb__icon dashicons dashicons-plus-alt2\"><\/span><\/div><\/div><\/div><div class=\"aagb__accordion_body   \" role=\"region\"><div class=\"aagb__accordion_component \">\n<p>Ingyenes n\u00e9met nyelvtanfolyamokat k\u00edn\u00e1lunk. Itt hasznos szavakat \u00e9s kifejez\u00e9seket tanulhatsz, amelyek seg\u00edtenek a b\u00e1zeli mindennapi \u00e9letben, valamint az \u00fcgyfelekkel vagy \u00fczemeltet\u0151kkel val\u00f3 kapcsolattart\u00e1sban.<br>B\u00e1rmikor csatlakozhatsz.<\/p>\n<\/div><\/div><\/div>\n\n\n\n<div class=\"wp-block-aab-accordion-item aagb__accordion_container panel\" data-autoplay=\"false\" data-duration=\"3000\" data-progress-bar-direction=\"horizontal\" data-feature-image-url=\"\" data-auto-numbering=\"false\" data-progress-bar-on=\"false\" tabindex=\"0\"><div class=\"aagb__accordion_head aab_right_icon  \" data-active=\"false\"><div class=\"aagb__accordion_heading aab_right_icon aagb_right_link\"><div class=\"head_content_wrapper\"><div class=\"title_wrapper\"><h5 class=\"aagb__accordion_title\">Betegnek \u00e9rzed magad?<\/h5><\/div><\/div><\/div><div class=\"aagb__accordion_icon\"><div class=\"aagb__icon_dashicons_box\"><span class=\"aagb__icon dashicons dashicons-plus-alt2\"><\/span><\/div><\/div><\/div><div class=\"aagb__accordion_body   \" role=\"region\"><div class=\"aagb__accordion_component \">\n<p>F\u00e1jdalmaid vannak? Terhes vagy, esetleg bizonytalan a teherbees\u00e9s kapcs\u00e1n? Szeretn\u00e9d kivizsg\u00e1ltatni magad nemi betegs\u00e9gekre vagy HIV-re? V\u00e9nyk\u00f6teles gy\u00f3gyszerekre szorulsz, de nincs n\u00e1lad elegend\u0151 a b\u00e1zeli tart\u00f3zkod\u00e1sodhoz? Lehangoltnak \u00e9rzed magad, vagy idegess\u00e9gt\u0151l, szorong\u00e1st\u00f3l esetleg fesz\u00fclts\u00e9gt\u0151l szenvedsz?<br>Minden bonyodalom n\u00e9lk\u00fcl orvoshoz ir\u00e1ny\u00edthatunk vagy elk\u00eds\u00e9rhet\u00fcnk t\u00e9ged. Ott megvizsg\u00e1ltathatod magad, \u00e9s ha sz\u00fcks\u00e9ges, kapsz receptet gy\u00f3gyszerre.<br>Amennyiben nincs eg\u00e9szs\u00e9gbiztos\u00edt\u00e1sod Sv\u00e1jcban, mi tal\u00e1lunk megold\u00e1st.<\/p>\n<\/div><\/div><\/div>\n\n\n\n<div class=\"wp-block-aab-accordion-item aagb__accordion_container panel\" data-autoplay=\"false\" data-duration=\"3000\" data-progress-bar-direction=\"horizontal\" data-feature-image-url=\"\" data-auto-numbering=\"false\" data-progress-bar-on=\"false\" tabindex=\"0\"><div class=\"aagb__accordion_head aab_right_icon  \" data-active=\"false\"><div class=\"aagb__accordion_heading aab_right_icon aagb_right_link\"><div class=\"head_content_wrapper\"><div class=\"title_wrapper\"><h5 class=\"aagb__accordion_title\">Szeretn\u00e9l biztons\u00e1gi \u00e9s v\u00e9delmi strat\u00e9gi\u00e1kat tanuln?<\/h5><\/div><\/div><\/div><div class=\"aagb__accordion_icon\"><div class=\"aagb__icon_dashicons_box\"><span class=\"aagb__icon dashicons dashicons-plus-alt2\"><\/span><\/div><\/div><\/div><div class=\"aagb__accordion_body   \" role=\"region\"><div class=\"aagb__accordion_component \">\n<p>1.&nbsp;Szeretn\u00e9d megtanulni, hogyan szabhatsz magabiztosan hat\u00e1rokat&nbsp; \u00e9s fizikailag hogyan v\u00e9dheted meg magad er\u0151szakos helyzetekben?<\/p>\n\n\n\n<p>Akkor gyere el az \u00f6nv\u00e9delmi workshopra: 2025. okt\u00f3ber 29., 13:00 \u2013 14:00 \u00f3ra.<\/p>\n\n\n\n<p>2. \u00c9rdekelnek a k\u00fcl\u00f6nb\u00f6z\u0151 biztons\u00e1gi \u00e9s v\u00e9delmi strat\u00e9gi\u00e1k, melyek a munk\u00e1d sor\u00e1n bevethet\u0151ek? Szeretn\u00e9d, ha egy tapasztalt szexmunk\u00e1s megmutatn\u00e1, hogyan v\u00e9dheted meg magad kritikus helyzetekben?<\/p>\n\n\n\n<p>Akkor gyere el a workshopra: 2025, 13:00 \u2013 14:00 \u00f3ra.<\/p>\n\n\n\n<p>3. Szeretn\u00e9d megtudni, hogyan kell seg\u00e9lyh\u00edv\u00e1st kezdem\u00e9nyezni, \u00e9s hogyan kell feljelent\u00e9st tenni? Szeretn\u00e9l t\u00f6bbet megtudni egy er\u0151szakos b\u0171ncselekm\u00e9ny \u00e1ldozatak\u00e9nt t\u00e9ged megillet\u0151 jogokr\u00f3l?<\/p>\n\n\n\n<p>Akkor gyere el a Basel-Stadt Kanton\u00e1lis Rend\u0151rs\u00e9ggel tartand\u00f3 workshopra.: 2025. \u00e1prilis 9. , 13:00 \u2013 14:00 \u00f3ra.<\/p>\n\n\n\n<p>Sz\u00fcks\u00e9g eset\u00e9n sz\u00edvesen ford\u00edtunk vagy h\u00edvunk egy ford\u00edt\u00f3t.<\/p>\n<\/div><\/div><\/div>\n\n\n\n<div class=\"wp-block-aab-accordion-item aagb__accordion_container panel\" data-autoplay=\"false\" data-duration=\"3000\" data-progress-bar-direction=\"horizontal\" data-feature-image-url=\"\" data-auto-numbering=\"false\" data-progress-bar-on=\"false\" tabindex=\"0\"><div class=\"aagb__accordion_head aab_right_icon  \" data-active=\"false\"><div class=\"aagb__accordion_heading aab_right_icon aagb_right_link\"><div class=\"head_content_wrapper\"><div class=\"title_wrapper\"><h5 class=\"aagb__accordion_title\">Szeretn\u00e9l egy kis sz\u00fcnetet tartani \u00e9tkez\u00e9ssel \u00e9s besz\u00e9lget\u00e9ssel<\/h5><\/div><\/div><\/div><div class=\"aagb__accordion_icon\"><div class=\"aagb__icon_dashicons_box\"><span class=\"aagb__icon dashicons dashicons-plus-alt2\"><\/span><\/div><\/div><\/div><div class=\"aagb__accordion_body   \" role=\"region\"><div class=\"aagb__accordion_component \">\n<p><strong>Szeretn\u00e9l egy kis sz\u00fcnetet tartani \u00e9tkez\u00e9ssel \u00e9s besz\u00e9lget\u00e9ssel?<\/strong><\/p>\n\n\n\n<p>Tal\u00e1lkoz\u00f3hely d\u00e9lben<\/p>\n\n\n\n<p>Szeretn\u00e9l \u00faj embereket megismerni? Jobban megismern\u00e9d az Aliena-t? Vagy egy kis pihen\u0151t tartani? Minden szerd\u00e1n ingyenesen k\u00edn\u00e1lunk frissen f\u0151z\u00f6tt eb\u00e9det.<\/p>\n\n\n\n<p>Ez id\u0151 alatt k\u00e9thetente lehet\u0151s\u00e9g van profi testmassz\u00e1zs ig\u00e9nybev\u00e9tel\u00e9re.<\/p>\n\n\n\n<p>Havonta egyszer a R\u00e1h\u00e1b (\u00dcdvhadsereg) \u00e9s a SiTa Lelkigondoz\u00e1s tabut\u00e9m\u00e1kban (R\u00f3mai-katolikus egyh\u00e1z) munkat\u00e1rsai lelkigondoz\u00e1st ny\u00fajtanak. Besz\u00e9lgethetsz, im\u00e1dkozhatsz \u00e9s\/vagy valami kreat\u00edv tev\u00e9kenys\u00e9get v\u00e9gezhetsz vel\u00fck.<\/p>\n\n\n\n<p><strong>Open House<\/strong><\/p>\n\n\n\n<p>R\u00f6vid sz\u00fcnetre van sz\u00fcks\u00e9ged?<\/p>\n\n\n\n<p>Gyere el a nyitvatart\u00e1si id\u0151 alatt, \u00e9s pihend ki magad egy nyugodt l\u00e9gk\u00f6rben tea, k\u00e1v\u00e9 vagy hideg ital mellett. Ha k\u00e9rd\u00e9sed van, sz\u00edvesen megbesz\u00e9lj\u00fck veled vagy id\u0151pontot egyeztet\u00fcnk.<\/p>\n\n\n\n<p><\/p>\n<\/div><\/div><\/div>\n\n\n\n<div class=\"wp-block-aab-accordion-item aagb__accordion_container panel\" data-autoplay=\"false\" data-duration=\"3000\" data-progress-bar-direction=\"horizontal\" data-feature-image-url=\"\" data-auto-numbering=\"false\" data-progress-bar-on=\"false\" tabindex=\"0\"><div class=\"aagb__accordion_head aab_right_icon  \" data-active=\"false\"><div class=\"aagb__accordion_heading aab_right_icon aagb_right_link\"><div class=\"head_content_wrapper\"><div class=\"title_wrapper\"><h5 class=\"aagb__accordion_title\">Az Alien\u00e1n\u00e1l kell \u00e1tvenned a bejelentkez\u00e9si igazol\u00e1st.<\/h5><\/div><\/div><\/div><div class=\"aagb__accordion_icon\"><div class=\"aagb__icon_dashicons_box\"><span class=\"aagb__icon dashicons dashicons-plus-alt2\"><\/span><\/div><\/div><\/div><div class=\"aagb__accordion_body   \" role=\"region\"><div class=\"aagb__accordion_component \">\n<p>\u00d6r\u00f6mmel \u00e1llunk rendelkez\u00e9sedre ezen id\u0151kben. T\u00e1j\u00e9koztatunk t\u00e9ged jogaidr\u00f3l \u00e9s k\u00f6telezetts\u00e9geidr\u0151l, bemutatjuk az Aliena \u00e1ltal k\u00edn\u00e1lt szolg\u00e1ltat\u00e1sokat, \u00e9s megadjuk a b\u00e1zeli el\u00e9rhet\u0151s\u00e9geket, p\u00e9ld\u00e1ul a szoci\u00e1lis \u00e9s orvosi \u00fcgyf\u00e9lfogad\u00e1si pontok s\u00fcrg\u0151ss\u00e9gi telefonsz\u00e1mait. Ha b\u00e1rmilyen k\u00e9rd\u00e9sed van vagy t\u00e1mogat\u00e1sra van sz\u00fcks\u00e9ged, ezt k\u00f6zvetlen\u00fcl megbesz\u00e9lhetj\u00fck vagy id\u0151pontot egyeztet\u00fcnk.<\/p>\n<\/div><\/div><\/div>\n\n\n\n<div class=\"wp-block-aab-accordion-item aagb__accordion_container panel\" data-autoplay=\"false\" data-duration=\"3000\" data-progress-bar-direction=\"horizontal\" data-feature-image-url=\"\" data-auto-numbering=\"false\" data-progress-bar-on=\"false\" tabindex=\"0\"><div class=\"aagb__accordion_head aab_right_icon  \" data-active=\"false\"><div class=\"aagb__accordion_heading aab_right_icon aagb_right_link\"><div class=\"head_content_wrapper\"><div class=\"title_wrapper\"><h5 class=\"aagb__accordion_title\">Hi\u00e1nyzik neked valami az Aliena \u00e1ltal k\u00edn\u00e1lt szolg\u00e1ltat\u00e1sokb\u00f3l?<\/h5><\/div><\/div><\/div><div class=\"aagb__accordion_icon\"><div class=\"aagb__icon_dashicons_box\"><span class=\"aagb__icon dashicons dashicons-plus-alt2\"><\/span><\/div><\/div><\/div><div class=\"aagb__accordion_body   \" role=\"region\"><div class=\"aagb__accordion_component \">\n<p>Szakk\u00f6zpontunk nyitvatart\u00e1si ideje alatt visszavonulhatsz egy k\u00e9nyelmesen berendezett szob\u00e1ba \u00e9s pihenhetsz.<\/p>\n<\/div><\/div><\/div>\n\n\n\n<div class=\"wp-block-aab-accordion-item aagb__accordion_container panel\" data-autoplay=\"false\" data-duration=\"3000\" data-progress-bar-direction=\"horizontal\" data-feature-image-url=\"\" data-auto-numbering=\"false\" data-progress-bar-on=\"false\" tabindex=\"0\"><div class=\"aagb__accordion_head aab_right_icon  \" data-active=\"false\"><div class=\"aagb__accordion_heading aab_right_icon aagb_right_link\"><div class=\"head_content_wrapper\"><div class=\"title_wrapper\"><h5 class=\"aagb__accordion_title\">Hi\u00e1nyzik neked valami az Aliena \u00e1ltal k\u00edn\u00e1lt szolg\u00e1ltat\u00e1sokb\u00f3l?<\/h5><\/div><\/div><\/div><div class=\"aagb__accordion_icon\"><div class=\"aagb__icon_dashicons_box\"><span class=\"aagb__icon dashicons dashicons-plus-alt2\"><\/span><\/div><\/div><\/div><div class=\"aagb__accordion_body   \" role=\"region\"><div class=\"aagb__accordion_component \">\n<p>\u00d6r\u00f6mmel v\u00e1rjuk visszajelz\u00e9sed. Ezt megteheted E-mailben, telefonon vagy \u00edrhatsz a kapcsolatfelv\u00e9teli \u0171rlapot haszn\u00e1lva. Minden adatot megtal\u00e1lsz a ,,Kapcsolat\u2019\u2019 men\u00fcpontn\u00e1l.<\/p>\n<\/div><\/div><\/div>\n<\/div>\n","protected":false},"excerpt":{"rendered":"","protected":false},"author":1,"featured_media":232,"parent":0,"menu_order":0,"comment_status":"closed","ping_status":"closed","template":"","meta":{"_genesis_block_theme_hide_title":false,"footnotes":""},"class_list":["post-3177","page","type-page","status-publish","has-post-thumbnail","hentry","post","with-featured-image"],"_links":{"self":[{"href":"https:\/\/aliena.ch\/hu\/wp-json\/wp\/v2\/pages\/3177","targetHints":{"allow":["GET"]}}],"collection":[{"href":"https:\/\/aliena.ch\/hu\/wp-json\/wp\/v2\/pages"}],"about":[{"href":"https:\/\/aliena.ch\/hu\/wp-json\/wp\/v2\/types\/page"}],"author":[{"embeddable":true,"href":"https:\/\/aliena.ch\/hu\/wp-json\/wp\/v2\/users\/1"}],"replies":[{"embeddable":true,"href":"https:\/\/aliena.ch\/hu\/wp-json\/wp\/v2\/comments?post=3177"}],"version-history":[{"count":4,"href":"https:\/\/aliena.ch\/hu\/wp-json\/wp\/v2\/pages\/3177\/revisions"}],"predecessor-version":[{"id":4053,"href":"https:\/\/aliena.ch\/hu\/wp-json\/wp\/v2\/pages\/3177\/revisions\/4053"}],"wp:featuredmedia":[{"embeddable":true,"href":"https:\/\/aliena.ch\/hu\/wp-json\/wp\/v2\/media\/232"}],"wp:attachment":[{"href":"https:\/\/aliena.ch\/hu\/wp-json\/wp\/v2\/media?parent=3177"}],"curies":[{"name":"wp","href":"https:\/\/api.w.org\/{rel}","templated":true}]}}