{"id":510,"date":"2021-07-28T09:20:59","date_gmt":"2021-07-28T09:20:59","guid":{"rendered":"http:\/\/h189665.web1.servicehoster.ch\/?page_id=510"},"modified":"2023-07-04T09:03:38","modified_gmt":"2023-07-04T09:03:38","slug":"droits-et-devoirs","status":"publish","type":"page","link":"https:\/\/aliena.ch\/fr\/droits-et-devoirs\/","title":{"rendered":"Droits et devoirs"},"content":{"rendered":"\n<h3 class=\"wp-block-heading\">En Suisse, la prostitution est l\u00e9gale, si vous respectez les r\u00e8gles.<\/h3>\n\n\n\n<p><strong>Important: <\/strong>En tant que touriste, vous n\u2019avez pas le droit de travailler, m\u00eame dans la prostitution.<\/p>\n\n\n\n<h3 class=\"wp-block-heading\">Vos droits en tant que travailleuse du sexe sont<\/h3>\n\n\n\n<ul class=\"wp-block-list\">\n<li>d\u2019\u00eatre trait\u00e9e avec respect et dignit\u00e9<br><\/li>\n\n\n\n<li>de toujours exiger un pr\u00e9servatif lors de rapports sexuels: il en va de votre sant\u00e9, prot\u00e9gez-vous!<\/li>\n\n\n\n<li>de disposer de votre corps et de vos services<\/li>\n\n\n\n<li><strong>de pouvoir dire non!<\/strong> \u2013 Votre protecteur et votre client n\u2019ont pas le droit d\u2019exiger de vous des services contre votre volont\u00e9<\/li>\n\n\n\n<li>de vous adresser \u00e0 un service de consultation<\/li>\n<\/ul>\n\n\n\n<h3 class=\"wp-block-heading\">Vos obligations: vous devez<\/h3>\n\n\n\n<ul class=\"wp-block-list\">\n<li>vous tenir aux r\u00e8gles l\u00e9gales suisses<\/li>\n\n\n\n<li>pr\u00e9senter vos papiers d\u2019identit\u00e9 lors d\u2019un contr\u00f4le<\/li>\n<\/ul>\n\n\n\n<h3 class=\"wp-block-heading\">Si vous enfreignez une r\u00e8gle et que<\/h3>\n\n\n\n<ul class=\"wp-block-list\">\n<li>vous \u00eates ici sans permis, vous serez amend\u00e9e et vous devrez \u00e9ventuellement quitter la Suisse<\/li>\n\n\n\n<li>vous commettez des actes criminels, comme par exemple, trafic de drogues, vol, coups et blessures, des poursuites judiciaires seront engag\u00e9es contre vous. Les suites d\u2019une condamnation peuvent \u00eatre une amende, une peine d\u2019emprisonnement et une expulsion.<\/li>\n<\/ul>\n\n\n\n<h3 class=\"wp-block-heading\">Missions de la police<\/h3>\n\n\n\n<ul class=\"wp-block-list\">\n<li>prot\u00e9ger les victimes de crimes comme menaces, coups et blessures, trafic humain et mettre en contact avec les services de consultation<\/li>\n\n\n\n<li>d\u00e9noncer tous les actes criminels, par exemple le trafic humain et les crimes<\/li>\n\n\n\n<li>contr\u00f4ler les propri\u00e9taires de bar quant aux actes criminels comme par exemple l\u2019encouragement \u00e0 la prostitution<\/li>\n\n\n\n<li>contr\u00f4ler l\u2019identit\u00e9, les permis de s\u00e9jour et de travail<br><\/li>\n<\/ul>\n\n\n\n<h3 class=\"wp-block-heading\">Lors d\u2019un contr\u00f4le, la police peut<\/h3>\n\n\n\n<ul class=\"wp-block-list\">\n<li>ccontr\u00f4ler vos papiers (passeport, permis de s\u00e9jour et de travail)<\/li>\n\n\n\n<li>p\u00e9n\u00e9trer dans la chambre<\/li>\n\n\n\n<li>vous fouiller \u2013 s\u2019il existe un soup\u00e7on, que vous ayez commis un d\u00e9lit.<\/li>\n\n\n\n<li><strong>vous avez le droit d\u2019\u00eatre fouill\u00e9e par un policier de sexe f\u00e9minin!<\/strong><\/li>\n\n\n\n<li>vous arr\u00eater si vous n\u2019avez pas de permis de travail et pas de permis de s\u00e9jour<\/li>\n\n\n\n<li>vous emmener au poste de police si vous ne pouvez pas pr\u00e9senter de papiers d\u2019identit\u00e9<\/li>\n<\/ul>\n\n\n\n<h3 class=\"wp-block-heading\">Vous avez le droit<\/h3>\n\n\n\n<ul class=\"wp-block-list\">\n<li>de savoir le nom du\/de la fonctionnaire<\/li>\n\n\n\n<li>de refuser de signer si vous n\u2019\u00eates pas d\u2019accord avec un document ou si vous ne comprenez pas le document<\/li>\n\n\n\n<li>de refuser de faire une d\u00e9position si vous \u00eates accus\u00e9e<\/li>\n\n\n\n<li>\u00e0 un re\u00e7u mentionnant tous les objets que la police vous a confisqu\u00e9s<\/li>\n<\/ul>\n\n\n\n<h3 class=\"wp-block-heading\">Au cours d\u2019une proc\u00e9dure, vous avez droit \u00e0<\/h3>\n\n\n\n<ul class=\"wp-block-list\">\n<li>un\/une interpr\u00e8te<\/li>\n\n\n\n<li>un avocat ou une avocate<\/li>\n<\/ul>\n\n\n\n<h3 class=\"wp-block-heading\">Vos droits en tant que victime de menaces, blessures, brigandages, viols ou trafic humain<\/h3>\n\n\n\n<ul class=\"wp-block-list\">\n<li><strong>Soutien gratuit par l\u2019aide aux victimes <\/strong>(consultation psychosociale et juridique, aide financi\u00e8re imm\u00e9diate, indemnit\u00e9 et r\u00e9paration)<\/li>\n\n\n\n<li><strong>Soins m\u00e9dicaux et protection<\/strong><\/li>\n\n\n\n<li><strong>D\u00e9p\u00f4t d\u2019une plainte aupr\u00e8s de la police:<\/strong><br>nous d\u00e9pendons de votre collaboration afin de pouvoir arr\u00eater les coupables<\/li>\n<\/ul>\n\n\n\n<p><strong>Vous \u00eates victime du trafic humain<\/strong><br>Vous \u00eates victime du trafic humain Si vous avez \u00e9t\u00e9 attir\u00e9e en Suisse par des promesses erron\u00e9es, si vous \u00eates contrainte \u00e0 effectuer un travail sexuel ou d\u2019autres travaux, si vous devez rembourser des dettes ou des commissions, si vous \u00eates expos\u00e9e \u00e0 la violence et aux drogues ou si de l\u2019argent vous est soutir\u00e9. Le trafic humain est un crime grave contre les droits de l\u2019homme et est puni par la loi en Suisse.<\/p>\n","protected":false},"excerpt":{"rendered":"<p>En Suisse, la prostitution est l\u00e9gale, si vous respectez les r\u00e8gles. Important: En tant que touriste, vous n\u2019avez pas le droit de travailler, m\u00eame dans la prostitution. Vos droits en tant que travailleuse du sexe sont Vos obligations: vous devez Si vous enfreignez une r\u00e8gle et que Missions de la police Lors d\u2019un contr\u00f4le, la &hellip;<\/p>\n","protected":false},"author":1,"featured_media":391,"parent":0,"menu_order":0,"comment_status":"closed","ping_status":"closed","template":"","meta":{"_genesis_block_theme_hide_title":false,"footnotes":""},"class_list":["post-510","page","type-page","status-publish","has-post-thumbnail","hentry","post","with-featured-image"],"_links":{"self":[{"href":"https:\/\/aliena.ch\/fr\/wp-json\/wp\/v2\/pages\/510","targetHints":{"allow":["GET"]}}],"collection":[{"href":"https:\/\/aliena.ch\/fr\/wp-json\/wp\/v2\/pages"}],"about":[{"href":"https:\/\/aliena.ch\/fr\/wp-json\/wp\/v2\/types\/page"}],"author":[{"embeddable":true,"href":"https:\/\/aliena.ch\/fr\/wp-json\/wp\/v2\/users\/1"}],"replies":[{"embeddable":true,"href":"https:\/\/aliena.ch\/fr\/wp-json\/wp\/v2\/comments?post=510"}],"version-history":[{"count":1,"href":"https:\/\/aliena.ch\/fr\/wp-json\/wp\/v2\/pages\/510\/revisions"}],"predecessor-version":[{"id":1782,"href":"https:\/\/aliena.ch\/fr\/wp-json\/wp\/v2\/pages\/510\/revisions\/1782"}],"wp:featuredmedia":[{"embeddable":true,"href":"https:\/\/aliena.ch\/fr\/wp-json\/wp\/v2\/media\/391"}],"wp:attachment":[{"href":"https:\/\/aliena.ch\/fr\/wp-json\/wp\/v2\/media?parent=510"}],"curies":[{"name":"wp","href":"https:\/\/api.w.org\/{rel}","templated":true}]}}