{"id":485,"date":"2021-07-28T09:01:26","date_gmt":"2021-07-28T09:01:26","guid":{"rendered":"http:\/\/h189665.web1.servicehoster.ch\/?page_id=485"},"modified":"2021-07-29T08:09:45","modified_gmt":"2021-07-29T08:09:45","slug":"workshops","status":"publish","type":"page","link":"https:\/\/aliena.ch\/fr\/workshops\/","title":{"rendered":"Workshops"},"content":{"rendered":"\n<p>R\u00e9guli\u00e8rement dans nos locaux, il y a des Workshops sur des sujets sp\u00e9cifiques.<\/p>\n\n\n\n<h3 class=\"wp-block-heading\">Atelier sur l\u2019autod\u00e9fense (Wen-do)<\/h3>\n\n\n\n<p>C\u2019est une monitrice de Wen-Do qui t\u2019introduira dans les techniques du Wen-Do. Cette technique a \u00e9t\u00e9 sp\u00e9cialement d\u00e9velopp\u00e9e pour les femmes et les jeunes filles afin de pouvoir se d\u00e9fendre contre les hommes physiquement sup\u00e9rieurs. Buts&nbsp;: tu apprendras \u00e0 fixer des limites avec aplomb et \u00e0 te d\u00e9fendre physiquement en situation de violence.<\/p>\n","protected":false},"excerpt":{"rendered":"<p>R\u00e9guli\u00e8rement dans nos locaux, il y a des Workshops sur des sujets sp\u00e9cifiques. Atelier sur l\u2019autod\u00e9fense (Wen-do) C\u2019est une monitrice de Wen-Do qui t\u2019introduira dans les techniques du Wen-Do. Cette technique a \u00e9t\u00e9 sp\u00e9cialement d\u00e9velopp\u00e9e pour les femmes et les jeunes filles afin de pouvoir se d\u00e9fendre contre les hommes physiquement sup\u00e9rieurs. Buts&nbsp;: tu apprendras &hellip;<\/p>\n","protected":false},"author":1,"featured_media":431,"parent":0,"menu_order":0,"comment_status":"closed","ping_status":"closed","template":"","meta":{"_genesis_block_theme_hide_title":false,"footnotes":""},"class_list":["post-485","page","type-page","status-publish","has-post-thumbnail","hentry","post","with-featured-image"],"_links":{"self":[{"href":"https:\/\/aliena.ch\/fr\/wp-json\/wp\/v2\/pages\/485","targetHints":{"allow":["GET"]}}],"collection":[{"href":"https:\/\/aliena.ch\/fr\/wp-json\/wp\/v2\/pages"}],"about":[{"href":"https:\/\/aliena.ch\/fr\/wp-json\/wp\/v2\/types\/page"}],"author":[{"embeddable":true,"href":"https:\/\/aliena.ch\/fr\/wp-json\/wp\/v2\/users\/1"}],"replies":[{"embeddable":true,"href":"https:\/\/aliena.ch\/fr\/wp-json\/wp\/v2\/comments?post=485"}],"version-history":[{"count":0,"href":"https:\/\/aliena.ch\/fr\/wp-json\/wp\/v2\/pages\/485\/revisions"}],"wp:featuredmedia":[{"embeddable":true,"href":"https:\/\/aliena.ch\/fr\/wp-json\/wp\/v2\/media\/431"}],"wp:attachment":[{"href":"https:\/\/aliena.ch\/fr\/wp-json\/wp\/v2\/media?parent=485"}],"curies":[{"name":"wp","href":"https:\/\/api.w.org\/{rel}","templated":true}]}}