{"id":469,"date":"2021-07-28T08:50:46","date_gmt":"2021-07-28T08:50:46","guid":{"rendered":"http:\/\/h189665.web1.servicehoster.ch\/?page_id=469"},"modified":"2026-03-17T08:14:11","modified_gmt":"2026-03-17T08:14:11","slug":"informations","status":"publish","type":"page","link":"https:\/\/aliena.ch\/fr\/informations\/","title":{"rendered":"Informations et conseils"},"content":{"rendered":"\n<h3 class=\"wp-block-heading\">Depuis le 01.01.2026, le stalking est punissable en Suisse.<\/h3>\n\n\n\n<p>Le stalking signifie qu\u2019une personne te harc\u00e8le, te poursuit ou te menace de mani\u00e8re r\u00e9p\u00e9t\u00e9e, m\u00eame si tu ne souhaites aucun contact avec elle.<\/p>\n\n\n\n<ul class=\"wp-block-list\">\n<li>Re\u00e7ois-tu constamment des messages ou des appels de la m\u00eame personne \u2013 m\u00eame la nuit ou \u00e0 des heures inhabituelles ?<\/li>\n\n\n\n<li>Cette personne appara\u00eet-elle chez toi sans y \u00eatre invit\u00e9e ?<\/li>\n\n\n\n<li>As-tu l\u2019impression d\u2019\u00eatre observ\u00e9\u00b7e ou suivi\u00b7e ?<\/li>\n\n\n\n<li>Quelqu\u2019un te menace-t-il de publier ou de diffuser des photos ou des vid\u00e9os de toi ?<\/li>\n\n\n\n<li>Re\u00e7ois-tu des cadeaux non d\u00e9sir\u00e9s ?<\/li>\n\n\n\n<li>As-tu clairement dit que tu ne voulais plus de contact \u2013 et cela continue malgr\u00e9 tout ?<\/li>\n<\/ul>\n\n\n\n<p>Si tu r\u00e9ponds \u00ab <strong>oui<\/strong> \u00bb \u00e0 plusieurs questions, il peut s\u2019agir de stalking.<\/p>\n\n\n\n<p><strong>TU AS DROIT \u00c0 LA PROTECTION ET AU SOUTIEN !<\/strong><\/p>\n\n\n\n<p>As-tu des questions \u00e0 ce sujet ? Nous te conseillons volontiers !<\/p>\n\n\n\n<p>En cas de danger imm\u00e9diat :<br>Appelle la police ! (<strong>117<\/strong>)<\/p>\n\n\n\n<div style=\"height:30px\" aria-hidden=\"true\" class=\"wp-block-spacer\"><\/div>\n\n\n\n<h3 class=\"wp-block-heading\">Travailles-tu comme travailleuse du sexe en Suisse ?<\/h3>\n\n\n\n<p>Dans le Lexi App, tu trouveras toutes les informations importantes sur les questions de s\u00e9curit\u00e9, de sant\u00e9, de travail, de fiscalit\u00e9 et de s\u00e9curit\u00e9 sociale.<br>L\u2019application Lexi App est disponible dans les langues suivantes:<br> Deutsch, English, Fran\u00e7ais, Italiano, Espa\u00f1ol, Portugu\u00eas, Rom\u00e2n\u0103, Magyar, \u0431\u044a\u043b\u0433\u0430\u0440\u0441\u043a\u0438, Polski, \u0e44\u0e17\u0e22, slovensk\u00fd<\/p>\n\n\n\n<div class=\"wp-block-buttons is-layout-flex wp-block-buttons-is-layout-flex\">\n<div class=\"wp-block-button is-style-fill\"><a class=\"wp-block-button__link wp-element-button\" href=\"https:\/\/play.google.com\/store\/apps\/details?id=ch.renuo.procore&amp;hl=de_CH&amp;pli=1\">T\u00e9l\u00e9charger l\u2019application pour Android<\/a><\/div>\n\n\n\n<div class=\"wp-block-button is-style-fill\"><a class=\"wp-block-button__link wp-element-button\" href=\"https:\/\/apps.apple.com\/ch\/app\/lexi-app\/id1347841110\">T\u00e9l\u00e9charger l\u2019application pour iPhone<\/a><\/div>\n<\/div>\n\n\n\n<div class=\"wp-block-group has-global-padding is-layout-constrained wp-container-core-group-is-layout-dd4b47f6 wp-block-group-is-layout-constrained\" style=\"margin-top:var(--wp--preset--spacing--20);padding-top:var(--wp--preset--spacing--30);padding-right:0;padding-bottom:var(--wp--preset--spacing--20);padding-left:0\">\n<div class=\"wp-block-columns is-layout-flex wp-container-core-columns-is-layout-658170e2 wp-block-columns-is-layout-flex\">\n<div class=\"wp-block-column is-layout-flow wp-block-column-is-layout-flow\">\n<h3 class=\"wp-block-heading\">Souhaitez-vous savoir comment proc\u00e9der pour pouvoir travailler l\u00e9galement ici&nbsp;?<\/h3>\n\n\n\n<p>Dans cet outil de<strong> <a href=\"https:\/\/procore-info.ch\/\">ProCoRe<\/a><\/strong>, le r\u00e9seau suisse pour les droits des travailleurs du sexe, vous trouverez des r\u00e9ponses \u00e0 ces questions et beaucoup d\u2019autres informations.<\/p>\n<\/div>\n\n\n\n<div class=\"wp-block-column is-layout-flow wp-block-column-is-layout-flow\">\n<figure class=\"wp-block-image size-large has-custom-border\"><a href=\"https:\/\/procore-info.ch\/\" target=\"_blank\" rel=\" noreferrer noopener\"><img loading=\"lazy\" decoding=\"async\" width=\"1024\" height=\"508\" src=\"https:\/\/aliena.ch\/wp-content\/uploads\/2024\/11\/ProCore_banner_2267x1125px_RGB_FR-1024x508.jpg\" alt=\"\" class=\"has-border-color has-base-2-border-color wp-image-3506\" style=\"border-width:5px;box-shadow:var(--wp--preset--shadow--natural);object-fit:cover\" srcset=\"https:\/\/aliena.ch\/wp-content\/uploads\/2024\/11\/ProCore_banner_2267x1125px_RGB_FR-1024x508.jpg 1024w, https:\/\/aliena.ch\/wp-content\/uploads\/2024\/11\/ProCore_banner_2267x1125px_RGB_FR-300x149.jpg 300w, https:\/\/aliena.ch\/wp-content\/uploads\/2024\/11\/ProCore_banner_2267x1125px_RGB_FR-768x381.jpg 768w, https:\/\/aliena.ch\/wp-content\/uploads\/2024\/11\/ProCore_banner_2267x1125px_RGB_FR-1536x762.jpg 1536w, https:\/\/aliena.ch\/wp-content\/uploads\/2024\/11\/ProCore_banner_2267x1125px_RGB_FR-2048x1016.jpg 2048w, https:\/\/aliena.ch\/wp-content\/uploads\/2024\/11\/ProCore_banner_2267x1125px_RGB_FR-1200x596.jpg 1200w, https:\/\/aliena.ch\/wp-content\/uploads\/2024\/11\/ProCore_banner_2267x1125px_RGB_FR-1400x695.jpg 1400w\" sizes=\"auto, (max-width: 1024px) 100vw, 1024px\" \/><\/a><\/figure>\n<\/div>\n<\/div>\n<\/div>\n\n\n\n<div class=\"wp-block-group has-global-padding is-layout-constrained wp-container-core-group-is-layout-29801c77 wp-block-group-is-layout-constrained\" style=\"padding-top:var(--wp--preset--spacing--20);padding-right:0;padding-bottom:var(--wp--preset--spacing--30);padding-left:0\">\n<h3 class=\"wp-block-heading\">Tu travailles \u00e0 B\u00e2le?<\/h3>\n\n\n\n<p>Dans le d\u00e9pliant <a href=\"https:\/\/www.jsd.bs.ch\/themen\/prostitution\/informationen--hilfe-und-beratung-f-r-sexarbeiter_innen.html\" target=\"_blank\" rel=\"noreferrer noopener\"><strong>Table Ronde Prostitution du D\u00e9partement de Justice et S\u00e9curit\u00e9 de B\u00e2le-Ville<\/strong><\/a> tu trouveras les principaux num\u00e9ros de t\u00e9l\u00e9phone et informations.<\/p>\n\n\n\n<div class=\"wp-block-group is-nowrap is-layout-flex wp-container-core-group-is-layout-6c531013 wp-block-group-is-layout-flex\">\n<p><a href=\"https:\/\/www.jsd.bs.ch\/themen\/prostitution\/informationen--hilfe-und-beratung-f-r-sexarbeiter_innen.html\"><strong>https:\/\/www.jsd.bs.ch<\/strong><\/a><\/p>\n\n\n\n<p>|<\/p>\n\n\n\n<div class=\"wp-block-file\"><a id=\"wp-block-file--media-1960e14b-8e0a-4ab6-b922-218ac9acb982\" href=\"https:\/\/aliena.ch\/wp-content\/uploads\/2024\/11\/Kapo_Sexarbeiterinnen_Leporello__Kapo_Sexarbeiterinnen_Leporello_F_new.pdf\"><strong>Flyer<\/strong><\/a><a href=\"https:\/\/aliena.ch\/wp-content\/uploads\/2024\/11\/Kapo_Sexarbeiterinnen_Leporello__Kapo_Sexarbeiterinnen_Leporello_F_new.pdf\" class=\"wp-block-file__button wp-element-button\" download aria-describedby=\"wp-block-file--media-1960e14b-8e0a-4ab6-b922-218ac9acb982\">T\u00e9l\u00e9charger <\/a><\/div>\n<\/div>\n<\/div>\n\n\n\n<div class=\"wp-block-group has-global-padding is-layout-constrained wp-container-core-group-is-layout-3c46939c wp-block-group-is-layout-constrained\" style=\"padding-top:var(--wp--preset--spacing--30);padding-right:0;padding-bottom:var(--wp--preset--spacing--30);padding-left:0\">\n<h3 class=\"wp-block-heading\">Tu viens d\u2019emm\u00e9nager \u00e0?<\/h3>\n\n\n\n<p>Le site \u201c<a href=\"https:\/\/www.hallo-baselstadt.ch\/\" target=\"_blank\" rel=\"noreferrer noopener\">Hello Basel-Stadt<\/a>\u201d propose des informations en 20 langues pour un bon d\u00e9part \u00e0 B\u00e2le.<\/p>\n\n\n\n<p><\/p>\n\n\n\n<p><\/p>\n\n\n\n<p><\/p>\n<\/div>\n","protected":false},"excerpt":{"rendered":"<p>Depuis le 01.01.2026, le stalking est punissable en Suisse. Le stalking signifie qu\u2019une personne te harc\u00e8le, te poursuit ou te menace de mani\u00e8re r\u00e9p\u00e9t\u00e9e, m\u00eame si tu ne souhaites aucun contact avec elle. Si tu r\u00e9ponds \u00ab oui \u00bb \u00e0 plusieurs questions, il peut s\u2019agir de stalking. TU AS DROIT \u00c0 LA PROTECTION ET AU &hellip;<\/p>\n","protected":false},"author":1,"featured_media":371,"parent":0,"menu_order":0,"comment_status":"closed","ping_status":"closed","template":"","meta":{"_genesis_block_theme_hide_title":false,"footnotes":""},"class_list":["post-469","page","type-page","status-publish","has-post-thumbnail","hentry","post","with-featured-image"],"_links":{"self":[{"href":"https:\/\/aliena.ch\/fr\/wp-json\/wp\/v2\/pages\/469","targetHints":{"allow":["GET"]}}],"collection":[{"href":"https:\/\/aliena.ch\/fr\/wp-json\/wp\/v2\/pages"}],"about":[{"href":"https:\/\/aliena.ch\/fr\/wp-json\/wp\/v2\/types\/page"}],"author":[{"embeddable":true,"href":"https:\/\/aliena.ch\/fr\/wp-json\/wp\/v2\/users\/1"}],"replies":[{"embeddable":true,"href":"https:\/\/aliena.ch\/fr\/wp-json\/wp\/v2\/comments?post=469"}],"version-history":[{"count":10,"href":"https:\/\/aliena.ch\/fr\/wp-json\/wp\/v2\/pages\/469\/revisions"}],"predecessor-version":[{"id":4092,"href":"https:\/\/aliena.ch\/fr\/wp-json\/wp\/v2\/pages\/469\/revisions\/4092"}],"wp:featuredmedia":[{"embeddable":true,"href":"https:\/\/aliena.ch\/fr\/wp-json\/wp\/v2\/media\/371"}],"wp:attachment":[{"href":"https:\/\/aliena.ch\/fr\/wp-json\/wp\/v2\/media?parent=469"}],"curies":[{"name":"wp","href":"https:\/\/api.w.org\/{rel}","templated":true}]}}