{"id":3036,"date":"2024-11-12T17:44:06","date_gmt":"2024-11-12T17:44:06","guid":{"rendered":"https:\/\/aliena.ch\/?page_id=3036"},"modified":"2025-09-09T13:05:22","modified_gmt":"2025-09-09T13:05:22","slug":"offre","status":"publish","type":"page","link":"https:\/\/aliena.ch\/fr\/offre\/","title":{"rendered":"Offre"},"content":{"rendered":"\n<div class=\"custom-css-block\"><style>.aagb_accordion_0aebbb41-5ce9-4edb-a661-d8de75f9f3a7 {   }<\/style><\/div><style>\n        .aagb_accordion_0aebbb41-5ce9-4edb-a661-d8de75f9f3a7 .aagb__accordion_active .aagb__accordion_body {\n            \n        }\n        .aagb_accordion_0aebbb41-5ce9-4edb-a661-d8de75f9f3a7 .aagb__accordion_container.wp-block-aab-accordion-item .aagb__accordion_head {\n          background-color: #bcb6b638;\n          \n          border-top: none; border-right: none; border-bottom: none; border-left: none;\n          \n        }\n        .aagb_accordion_0aebbb41-5ce9-4edb-a661-d8de75f9f3a7 .aagb__accordion_container.wp-block-aab-accordion-item .aagb__accordion_body {\n          \n          \n          \n          border-top: 1px solid #bcb6b638; border-right: none; border-bottom: none; border-left: none;\n          \n        }\n        \n        .aagb_accordion_0aebbb41-5ce9-4edb-a661-d8de75f9f3a7 .wp-block-aab-accordion-item .aagb__accordion_subheading {\n          margin: 5px 0 0 0;\n          \n        }\n        .aagb_accordion_0aebbb41-5ce9-4edb-a661-d8de75f9f3a7 .wp-block-aab-accordion-item .aagb__accordion_icon {\n          \n          \n        }\n        .aagb_accordion_0aebbb41-5ce9-4edb-a661-d8de75f9f3a7 .wp-block-aab-accordion-item .aagb__icon {\n          font-size: 23px;\n        }\n        .aagb_accordion_0aebbb41-5ce9-4edb-a661-d8de75f9f3a7 .aagb__accordion_title {\n          margin: 0;\n          \n        }\n        .aagb_accordion_0aebbb41-5ce9-4edb-a661-d8de75f9f3a7 .aagb__accordion_container {\n          border: 1px solid #bcb6b638;\n          margin-top: 0px;\n          margin-bottom: 15px;\n          \n        }\n          .aagb_accordion_0aebbb41-5ce9-4edb-a661-d8de75f9f3a7 .aagb__accordion_number{\n            \n        }\n        .aagb_accordion_0aebbb41-5ce9-4edb-a661-d8de75f9f3a7 .wp-block-aab-accordion-item .aagb__accordion_subheading{\n           false\n        }\n\n        .aagb_accordion_0aebbb41-5ce9-4edb-a661-d8de75f9f3a7 .aab-step-progress{\n          background-color: #dfd2d2;\n        }\n            \n        .aagb_accordion_0aebbb41-5ce9-4edb-a661-d8de75f9f3a7 .aab-step-progress-bar {\n          background-color: #1570ec;\n        }\n\n        .aagb_accordion_0aebbb41-5ce9-4edb-a661-d8de75f9f3a7 .aagb__accordion_number{\n          \n        }\n        .aagb_accordion_0aebbb41-5ce9-4edb-a661-d8de75f9f3a7 .aab-progress-bar-container{\n          background-color: #f0f0f0;\n        }\n        .aagb_accordion_0aebbb41-5ce9-4edb-a661-d8de75f9f3a7 .aab-progress-bar {\n            background-color: #0866ff;\n        }\n        \n       .aagb__group_accordion_container.has_img {\n            \n            flex-direction: row;\n        }\n      \n          .aagb_accordion_0aebbb41-5ce9-4edb-a661-d8de75f9f3a7 .aagb__accordion_container {\n            transition-duration: 0ms !important;\n            outline: 2px solid #00000000;\n          }\n          .aagb_accordion_0aebbb41-5ce9-4edb-a661-d8de75f9f3a7 .aagb__accordion_container:focus-visible {\n            outline: 2px solid #C2DBFE;\n          }\n        <\/style><div class=\"wp-block-aab-group-accordion searchable aagb_accordion_0aebbb41-5ce9-4edb-a661-d8de75f9f3a7 click false\" id=\"group-accordion-0aebbb41-5ce9-4edb-a661-d8de75f9f3a7\">\n<div class=\"wp-block-aab-accordion-item aagb__accordion_container panel\" data-autoplay=\"false\" data-duration=\"3000\" data-progress-bar-direction=\"horizontal\" data-feature-image-url=\"\" data-auto-numbering=\"false\" data-progress-bar-on=\"false\" tabindex=\"0\"><div class=\"aagb__accordion_head aagb_right_icon  \" data-active=\"false\"><div class=\"aagb__accordion_heading aagb_right_icon aagb_right_link\"><div class=\"head_content_wrapper\"><div class=\"title_wrapper\"><h5 class=\"aagb__accordion_title\">Avez-vous des questions, un besoin d\u2019informations ou de conseils?<\/h5><\/div><\/div><\/div><div class=\"aagb__accordion_icon\"><div class=\"aagb__icon_dashicons_box\"><span class=\"aagb__icon dashicons dashicons-plus-alt2\"><\/span><\/div><\/div><\/div><div class=\"aagb__accordion_body   \" role=\"region\"><div class=\"aagb__accordion_component \">\n<p>Nous vous donnons des conseils personnellement avec grand plaisir, par t\u00e9l\u00e9phone ou par \u00e9crit.<br>Nos informations sont gratuites, anonymes et confidentielles.<br>Nous conseillons en allemand, anglais, fran\u00e7ais, italien, espagnol et polonais.<br>Si besoin, nous travaillons avec une interpr\u00e8te; et, si n\u00e9cessaire, nous vous orientons et vous accompagnons vers d\u2019autres structures ou vers des personnes sp\u00e9cialis\u00e9es.<\/p>\n\n\n\n<p>Quelles que soient vos questions, n\u2019h\u00e9sitez pas \u00e0 nous contacter.<\/p>\n<\/div><\/div><\/div>\n\n\n\n<div class=\"wp-block-aab-accordion-item aagb__accordion_container panel\" data-autoplay=\"false\" data-duration=\"3000\" data-progress-bar-direction=\"horizontal\" data-feature-image-url=\"\" data-auto-numbering=\"false\" data-progress-bar-on=\"false\" tabindex=\"0\"><div class=\"aagb__accordion_head aab_right_icon  \" data-active=\"false\"><div class=\"aagb__accordion_heading aab_right_icon aagb_right_link\"><div class=\"head_content_wrapper\"><div class=\"title_wrapper\"><h5 class=\"aagb__accordion_title\">Avez-vous envie d\u2019apprendre l\u2019allemand?<\/h5><\/div><\/div><\/div><div class=\"aagb__accordion_icon\"><div class=\"aagb__icon_dashicons_box\"><span class=\"aagb__icon dashicons dashicons-plus-alt2\"><\/span><\/div><\/div><\/div><div class=\"aagb__accordion_body   \" role=\"region\"><div class=\"aagb__accordion_component \">\n<p>Nous vous proposons des cours d\u2019allemand gratuits. Ici, vous pouvez apprendre des mots et des expressions qui vous seront utiles au quotidien \u00e0 B\u00e2le, avec vos clients et vos employeurs.<\/p>\n\n\n\n<p>Vous pouvez, \u00e0 tout moment, int\u00e9grer le cours.<\/p>\n<\/div><\/div><\/div>\n\n\n\n<div class=\"wp-block-aab-accordion-item aagb__accordion_container panel\" data-autoplay=\"false\" data-duration=\"3000\" data-progress-bar-direction=\"horizontal\" data-feature-image-url=\"\" data-auto-numbering=\"false\" data-progress-bar-on=\"false\" tabindex=\"0\"><div class=\"aagb__accordion_head aab_right_icon  \" data-active=\"false\"><div class=\"aagb__accordion_heading aab_right_icon aagb_right_link\"><div class=\"head_content_wrapper\"><div class=\"title_wrapper\"><h5 class=\"aagb__accordion_title\">Vous sentez-vous malade?<\/h5><\/div><\/div><\/div><div class=\"aagb__accordion_icon\"><div class=\"aagb__icon_dashicons_box\"><span class=\"aagb__icon dashicons dashicons-plus-alt2\"><\/span><\/div><\/div><\/div><div class=\"aagb__accordion_body   \" role=\"region\"><div class=\"aagb__accordion_component \">\n<p>Avez-vous des douleurs? Suivez-vous un traitement, et vous manque-t-il des m\u00e9dicaments sur ordonnance pendant votre s\u00e9jour \u00e0 B\u00e2le? Voulez-vous faire un d\u00e9pistage de sida (HIV) ou de maladies sexuellement transmissibles (STIs)?&nbsp; \u00cates-vous enceinte ou dans le doute d\u2019une grossesse? Vous sentez-vous d\u00e9prim\u00e9e ou souffrez-vous de nervosit\u00e9 ou d\u2019anxi\u00e9t\u00e9?&nbsp; \u00cates-vous tendue?<\/p>\n\n\n\n<p>&nbsp;Nous pouvons sans probl\u00e8me, vous conseiller un m\u00e9decin ou vous accompagner chez lui. Vous pourrez ainsi vous faire ausculter et vous faire prescrire des m\u00e9dicaments si n\u00e9cessaire. Au cas o\u00f9 vous n\u2019avez pas d\u2019assurance maladie en Suisse, nous trouverons une solution.<\/p>\n<\/div><\/div><\/div>\n\n\n\n<div class=\"wp-block-aab-accordion-item aagb__accordion_container panel\" data-autoplay=\"false\" data-duration=\"3000\" data-progress-bar-direction=\"horizontal\" data-feature-image-url=\"\" data-auto-numbering=\"false\" data-progress-bar-on=\"false\" tabindex=\"0\"><div class=\"aagb__accordion_head aab_right_icon  \" data-active=\"false\"><div class=\"aagb__accordion_heading aab_right_icon aagb_right_link\"><div class=\"head_content_wrapper\"><div class=\"title_wrapper\"><h5 class=\"aagb__accordion_title\">Voulez-vous apprendre des strat\u00e9gies de s\u00e9curit\u00e9 et de protection?<\/h5><\/div><\/div><\/div><div class=\"aagb__accordion_icon\"><div class=\"aagb__icon_dashicons_box\"><span class=\"aagb__icon dashicons dashicons-plus-alt2\"><\/span><\/div><\/div><\/div><div class=\"aagb__accordion_body   \" role=\"region\"><div class=\"aagb__accordion_component \">\n<ol class=\"wp-block-list\">\n<li>Aimeriez-vous apprendre \u00e0 fixer des limites avec confiance et \u00e0 vous d\u00e9fendre physiquement dans des situations de violence&nbsp;?<br>Alors n\u2019h\u00e9sitez pas \u00e0 participer \u00e0 notre cours d\u2019auto-d\u00e9fense le 29 octobre 2025 de 13h \u00e0 14h.<\/li>\n<\/ol>\n\n\n\n<p>2. \u00cates-vous int\u00e9ress\u00e9e par la d\u00e9couverte de strat\u00e9gies de s\u00e9curit\u00e9 dans le cadre de votre activit\u00e9&nbsp;? Souhaitez-vous qu\u2019une travailleuse du sexe exp\u00e9riment\u00e9e vous montre comment vous prot\u00e9ger dans des situations critiques&nbsp;?<br>Alors venez \u00e0 l\u2019atelier de Edina le \u2026juin 2025 de 13h \u00e0 14h.<\/p>\n\n\n\n<p>3. Voulez-vous d\u00e9couvrir comment passer un appel d\u2019urgence et quel est le d\u00e9roulement d\u2019un d\u00e9p\u00f4t de plainte&nbsp;? Voudriez-vous en savoir plus, sur vos droits en tant que victime d\u2019un d\u00e9lit de violence&nbsp;?<br>Alors participez \u00e0 la formation de la police cantonale de B\u00e2le le 9 avril 2025 de 13h \u00e0 14h.<br>Si n\u00e9cessaire, nous traduirons ou organiserons une traduction.<\/p>\n<\/div><\/div><\/div>\n\n\n\n<div class=\"wp-block-aab-accordion-item aagb__accordion_container panel\" data-autoplay=\"false\" data-duration=\"3000\" data-progress-bar-direction=\"horizontal\" data-feature-image-url=\"\" data-auto-numbering=\"false\" data-progress-bar-on=\"false\" tabindex=\"0\"><div class=\"aagb__accordion_head aab_right_icon  \" data-active=\"false\"><div class=\"aagb__accordion_heading aab_right_icon aagb_right_link\"><div class=\"head_content_wrapper\"><div class=\"title_wrapper\"><h5 class=\"aagb__accordion_title\">Envie de faire une pause avec un repas et d&#8217;\u00e9changer avec d&#8217;autres personnes ?<\/h5><\/div><\/div><\/div><div class=\"aagb__accordion_icon\"><div class=\"aagb__icon_dashicons_box\"><span class=\"aagb__icon dashicons dashicons-plus-alt2\"><\/span><\/div><\/div><\/div><div class=\"aagb__accordion_body   \" role=\"region\"><div class=\"aagb__accordion_component \">\n<p><strong>Les rendez-vous de midi<\/strong><\/p>\n\n\n\n<p>Souhaitez-vous faire de nouvelles rencontres&nbsp;? Mieux conna\u00eetre Aliena&nbsp;? Ou vous accorder une petite pause?<\/p>\n\n\n\n<p>Tous les mercredis, nous vous proposons un d\u00e9jeuner fraichement pr\u00e9par\u00e9. <br>Tous les 15 jours, durant&nbsp; cette rencontre, nous vous donnons l\u2019opportunit\u00e9 de profiter d\u2019un massage du corps,&nbsp; r\u00e9alis\u00e9 par une professionnelle.<\/p>\n\n\n\n<p>Une fois par mois, des employ\u00e9es de Rahab (arm\u00e9e du salut)&nbsp; et de SiTa (\u00e9glise catholique) vous proposent&nbsp; de lib\u00e9rer votre coeur. Vous pourrez vous confier,&nbsp; prier et\/ou faire une activit\u00e9 cr\u00e9ative.<\/p>\n\n\n\n<div style=\"height:var(--wp--preset--spacing--10)\" aria-hidden=\"true\" class=\"wp-block-spacer\"><\/div>\n\n\n\n<p><strong>Porte ouverte<\/strong><\/p>\n\n\n\n<p>Avez-vous besoin d\u2019une petite pause&nbsp;?<br>Vous \u00eates la bienvenue&nbsp;: durant les heures d\u2019ouverture de l\u2019association, vous pouvez vous reposer dans une ambiance d\u00e9contract\u00e9e devant un th\u00e9, un caf\u00e9 ou une boisson fra\u00eeche. Si vous avez une question, vous pouvez en discuter avec nous, ou fixer un rendez-vous.<\/p>\n<\/div><\/div><\/div>\n\n\n\n<div class=\"wp-block-aab-accordion-item aagb__accordion_container panel\" data-autoplay=\"false\" data-duration=\"3000\" data-progress-bar-direction=\"horizontal\" data-feature-image-url=\"\" data-auto-numbering=\"false\" data-progress-bar-on=\"false\" tabindex=\"0\"><div class=\"aagb__accordion_head aab_right_icon  \" data-active=\"false\"><div class=\"aagb__accordion_heading aab_right_icon aagb_right_link\"><div class=\"head_content_wrapper\"><div class=\"title_wrapper\"><h5 class=\"aagb__accordion_title\">Vous \u00eates oblig\u00e9e de chercher votre confirmation d\u2019inscription chez Aliena?<\/h5><\/div><\/div><\/div><div class=\"aagb__accordion_icon\"><div class=\"aagb__icon_dashicons_box\"><span class=\"aagb__icon dashicons dashicons-plus-alt2\"><\/span><\/div><\/div><\/div><div class=\"aagb__accordion_body   \" role=\"region\"><div class=\"aagb__accordion_component \">\n<ul class=\"wp-block-list\">\n<li>Permanences\u00a0 du Bureau de l\u2019Economie et du Travail (confirmation d\u2019inscription) chez Aliena\u00a0:  les lundis, mercredis et vendredis de 9h \u00e0 12h.<\/li>\n<\/ul>\n\n\n\n<p>Nous sommes disponibles pour vous, durant ces cr\u00e9neaux horaires. Nous vous informerons sur vos droits et vos devoirs, vous pr\u00e9senterons l\u2019offre d\u2019Aliena et vous communiquerons les adresses de contacts \u00e0 conna\u00eetre \u00e0 B\u00e2le, par exemple le num\u00e9ro d\u2019urgence du service social et m\u00e9dical.<br>Si vous avez la moindre question ou si vous avez besoin de soutien, nous pourrons en discuter de suite ou fixer un rendez-vous.<\/p>\n<\/div><\/div><\/div>\n\n\n\n<div class=\"wp-block-aab-accordion-item aagb__accordion_container panel\" data-autoplay=\"false\" data-duration=\"3000\" data-progress-bar-direction=\"horizontal\" data-feature-image-url=\"\" data-auto-numbering=\"false\" data-progress-bar-on=\"false\" tabindex=\"0\"><div class=\"aagb__accordion_head aab_right_icon  \" data-active=\"false\"><div class=\"aagb__accordion_heading aab_right_icon aagb_right_link\"><div class=\"head_content_wrapper\"><div class=\"title_wrapper\"><h5 class=\"aagb__accordion_title\">Avez-vous besoin d\u2019un lieu de retraite\u00a0?<\/h5><\/div><\/div><\/div><div class=\"aagb__accordion_icon\"><div class=\"aagb__icon_dashicons_box\"><span class=\"aagb__icon dashicons dashicons-plus-alt2\"><\/span><\/div><\/div><\/div><div class=\"aagb__accordion_body   \" role=\"region\"><div class=\"aagb__accordion_component \">\n<p>Pendant les heures d\u2019ouverture de notre bureau d\u2019information, vous pourrez vous isoler et vous reposer dans un salon cosy pr\u00e9vu \u00e0 cet effet.<\/p>\n<\/div><\/div><\/div>\n\n\n\n<div class=\"wp-block-aab-accordion-item aagb__accordion_container panel\" data-autoplay=\"false\" data-duration=\"3000\" data-progress-bar-direction=\"horizontal\" data-feature-image-url=\"\" data-auto-numbering=\"false\" data-progress-bar-on=\"false\" tabindex=\"0\"><div class=\"aagb__accordion_head aab_right_icon  \" data-active=\"false\"><div class=\"aagb__accordion_heading aab_right_icon aagb_right_link\"><div class=\"head_content_wrapper\"><div class=\"title_wrapper\"><h5 class=\"aagb__accordion_title\">Te manque-t\u2019il quelque chose dans l\u2019offre d\u2019Aliena\u00a0?<\/h5><\/div><\/div><\/div><div class=\"aagb__accordion_icon\"><div class=\"aagb__icon_dashicons_box\"><span class=\"aagb__icon dashicons dashicons-plus-alt2\"><\/span><\/div><\/div><\/div><div class=\"aagb__accordion_body   \" role=\"region\"><div class=\"aagb__accordion_component \">\n<p>Nous nous r\u00e9jouissons de ton feedback. Par e-mail, t\u00e9l\u00e9phone ou via le formulaire de contact. Tu trouveras toutes les informations n\u00e9cessaires sous \u00abContact \u00bb.<\/p>\n<\/div><\/div><\/div>\n<\/div>\n\n\n\n<p><\/p>\n","protected":false},"excerpt":{"rendered":"","protected":false},"author":1,"featured_media":2767,"parent":0,"menu_order":0,"comment_status":"closed","ping_status":"closed","template":"","meta":{"_genesis_block_theme_hide_title":false,"footnotes":""},"class_list":["post-3036","page","type-page","status-publish","has-post-thumbnail","hentry","post","with-featured-image"],"_links":{"self":[{"href":"https:\/\/aliena.ch\/fr\/wp-json\/wp\/v2\/pages\/3036","targetHints":{"allow":["GET"]}}],"collection":[{"href":"https:\/\/aliena.ch\/fr\/wp-json\/wp\/v2\/pages"}],"about":[{"href":"https:\/\/aliena.ch\/fr\/wp-json\/wp\/v2\/types\/page"}],"author":[{"embeddable":true,"href":"https:\/\/aliena.ch\/fr\/wp-json\/wp\/v2\/users\/1"}],"replies":[{"embeddable":true,"href":"https:\/\/aliena.ch\/fr\/wp-json\/wp\/v2\/comments?post=3036"}],"version-history":[{"count":8,"href":"https:\/\/aliena.ch\/fr\/wp-json\/wp\/v2\/pages\/3036\/revisions"}],"predecessor-version":[{"id":4039,"href":"https:\/\/aliena.ch\/fr\/wp-json\/wp\/v2\/pages\/3036\/revisions\/4039"}],"wp:featuredmedia":[{"embeddable":true,"href":"https:\/\/aliena.ch\/fr\/wp-json\/wp\/v2\/media\/2767"}],"wp:attachment":[{"href":"https:\/\/aliena.ch\/fr\/wp-json\/wp\/v2\/media?parent=3036"}],"curies":[{"name":"wp","href":"https:\/\/api.w.org\/{rel}","templated":true}]}}