{"id":627,"date":"2021-07-28T13:10:09","date_gmt":"2021-07-28T13:10:09","guid":{"rendered":"http:\/\/h189665.web1.servicehoster.ch\/?page_id=627"},"modified":"2026-03-17T08:23:37","modified_gmt":"2026-03-17T08:23:37","slug":"informaciones","status":"publish","type":"page","link":"https:\/\/aliena.ch\/es\/informaciones\/","title":{"rendered":"Informaciones"},"content":{"rendered":"\n<p><\/p>\n\n\n\n<h3 class=\"wp-block-heading\">Desde el 01.01.2026, el stalking es un delito en Suiza.<\/h3>\n\n\n\n<p>El stalking significa que una persona te acosa, te persigue o te amenaza de forma repetida, incluso cuando has dejado en claro que no quieres tener contacto con esa persona.<\/p>\n\n\n\n<ul class=\"wp-block-list\">\n<li>\u00bfRecibes constantemente mensajes o llamadas de la misma persona, incluso por la noche o a horas inusuales?<\/li>\n\n\n\n<li>\u00bfLa persona aparece en tu casa sin haber sido invitada?<\/li>\n\n\n\n<li>\u00bfTienes la sensaci\u00f3n de que te observan o te siguen?<\/li>\n\n\n\n<li>\u00bfAlguien te amenaza con publicar o compartir fotos o v\u00eddeos personales?<\/li>\n\n\n\n<li>\u00bfRecibes regalos que no deseas?<\/li>\n\n\n\n<li>\u00bfHas dicho claramente que no quieres m\u00e1s contacto y, aun as\u00ed, contin\u00faa?<\/li>\n<\/ul>\n\n\n\n<p>Si respondes \u201c<strong>s\u00ed<\/strong>\u201d a varias preguntas, puede tratarse de stalking.<\/p>\n\n\n\n<p><strong>\u00a1TIENES DERECHO A PROTECCI\u00d3N Y APOYO!<\/strong><\/p>\n\n\n\n<p>\u00bfTienes preguntas al respecto? \u00a1Con gusto te asesoramos! En caso de peligro inmediato:<br>\u00a1Llama a la polic\u00eda! (<strong>117<\/strong>)<\/p>\n\n\n\n<div style=\"height:30px\" aria-hidden=\"true\" class=\"wp-block-spacer\"><\/div>\n\n\n\n<h3 class=\"wp-block-heading\">Trabajas como trabajadora sexual en Suiza?<\/h3>\n\n\n\n<p>En la <strong>Lexi App<\/strong> puedes encontrar todas las informaciones importantes. La Lexi App informa sobre preguntas sobre <strong>seguridad, salud, trabajo, impuestos y seguros sociales<\/strong>. <br>La Lexi App est\u00e1 disponible en los siguientes idiomas: Deutsch, English, Fran\u00e7ais, Italiano, Espa\u00f1ol, Portugu\u00eas, Rom\u00e2n\u0103, Magyar, \u0431\u044a\u043b\u0433\u0430\u0440\u0441\u043a\u0438, Polski, \u0e44\u0e17\u0e22, slovensk\u00fd&nbsp;<\/p>\n\n\n\n<div class=\"wp-block-buttons is-layout-flex wp-block-buttons-is-layout-flex\">\n<div class=\"wp-block-button is-style-fill\"><a class=\"wp-block-button__link wp-element-button\" href=\"https:\/\/play.google.com\/store\/apps\/details?id=ch.renuo.procore&amp;hl=de_CH&amp;pli=1\">Bajar App para Android<\/a><\/div>\n\n\n\n<div class=\"wp-block-button is-style-fill\"><a class=\"wp-block-button__link wp-element-button\" href=\"https:\/\/apps.apple.com\/ch\/app\/lexi-app\/id1347841110\">Bajar App para Iphone<\/a><\/div>\n<\/div>\n\n\n\n<div class=\"wp-block-group has-global-padding is-layout-constrained wp-container-core-group-is-layout-dd4b47f6 wp-block-group-is-layout-constrained\" style=\"margin-top:var(--wp--preset--spacing--20);padding-top:var(--wp--preset--spacing--30);padding-right:0;padding-bottom:var(--wp--preset--spacing--20);padding-left:0\">\n<div class=\"wp-block-columns is-layout-flex wp-container-core-columns-is-layout-658170e2 wp-block-columns-is-layout-flex\">\n<div class=\"wp-block-column is-vertically-aligned-center is-layout-flow wp-block-column-is-layout-flow\">\n<h3 class=\"wp-block-heading\">Te gustar\u00eda saber lo que tienes que hacer para poder trabajar aqu\u00ed legalmente?<\/h3>\n\n\n\n<p>En esta herramienta de <strong><a href=\"https:\/\/procore-info.ch\/\" target=\"_blank\" rel=\"noreferrer noopener\">ProCoRe<\/a><\/strong>, la red suiza para los derechos de las trabajadora sexuales \u2013 encontraras respuestas a esas preguntas y mucha m\u00e1s informaci\u00f3n.<\/p>\n\n\n\n<p><\/p>\n<\/div>\n\n\n\n<div class=\"wp-block-column is-layout-flow wp-block-column-is-layout-flow\">\n<figure class=\"wp-block-image size-large has-custom-border\"><a href=\"https:\/\/procore-info.ch\/\"><img loading=\"lazy\" decoding=\"async\" width=\"1024\" height=\"508\" src=\"https:\/\/aliena.ch\/wp-content\/uploads\/2024\/11\/ProCore_banner_2267x1125px_RGB_EN-1024x508.jpg\" alt=\"\" class=\"has-border-color has-base-2-border-color wp-image-3000\" style=\"border-width:5px;box-shadow:var(--wp--preset--shadow--natural);object-fit:cover\" srcset=\"https:\/\/aliena.ch\/wp-content\/uploads\/2024\/11\/ProCore_banner_2267x1125px_RGB_EN-1024x508.jpg 1024w, https:\/\/aliena.ch\/wp-content\/uploads\/2024\/11\/ProCore_banner_2267x1125px_RGB_EN-300x149.jpg 300w, https:\/\/aliena.ch\/wp-content\/uploads\/2024\/11\/ProCore_banner_2267x1125px_RGB_EN-768x381.jpg 768w, https:\/\/aliena.ch\/wp-content\/uploads\/2024\/11\/ProCore_banner_2267x1125px_RGB_EN-1536x762.jpg 1536w, https:\/\/aliena.ch\/wp-content\/uploads\/2024\/11\/ProCore_banner_2267x1125px_RGB_EN-2048x1016.jpg 2048w, https:\/\/aliena.ch\/wp-content\/uploads\/2024\/11\/ProCore_banner_2267x1125px_RGB_EN-1200x596.jpg 1200w, https:\/\/aliena.ch\/wp-content\/uploads\/2024\/11\/ProCore_banner_2267x1125px_RGB_EN-1400x695.jpg 1400w\" sizes=\"auto, (max-width: 1024px) 100vw, 1024px\" \/><\/a><\/figure>\n<\/div>\n<\/div>\n<\/div>\n\n\n\n<div class=\"wp-block-group has-global-padding is-layout-constrained wp-container-core-group-is-layout-3400f5e3 wp-block-group-is-layout-constrained\" style=\"padding-top:var(--wp--preset--spacing--10);padding-right:0;padding-bottom:var(--wp--preset--spacing--10);padding-left:0\">\n<h3 class=\"wp-block-heading\">Trabajas en Basel?<\/h3>\n\n\n\n<p>En el folleto de la mesa redonda prostituci\u00f3n del Departamento de Justicia y Seguridad de Basel-Stadt encontrar\u00e1s los n\u00fameros de tel\u00e9fono m\u00e1s importantes e informaciones: Runder Tisch Prostitution.<\/p>\n\n\n\n<div class=\"wp-block-group is-nowrap is-layout-flex wp-container-core-group-is-layout-6c531013 wp-block-group-is-layout-flex\">\n<p><a href=\"https:\/\/www.jsd.bs.ch\/themen\/prostitution\/informationen--hilfe-und-beratung-f-r-sexarbeiter_innen.html\"><strong>https:\/\/www.jsd.bs.ch<\/strong><\/a><\/p>\n\n\n\n<p>|<\/p>\n\n\n\n<div class=\"wp-block-file\"><a id=\"wp-block-file--media-c1e82096-a5cc-4359-8995-dfa92f1c77c6\" href=\"https:\/\/aliena.ch\/wp-content\/uploads\/2024\/11\/Kapo_Sexarbeiterinnen_Leporello__Kapo_Sexarbeiterinnen_Leporello_S_new.pdf\"><strong>Flyer<\/strong><\/a><a href=\"https:\/\/aliena.ch\/wp-content\/uploads\/2024\/11\/Kapo_Sexarbeiterinnen_Leporello__Kapo_Sexarbeiterinnen_Leporello_S_new.pdf\" class=\"wp-block-file__button wp-element-button\" download aria-describedby=\"wp-block-file--media-c1e82096-a5cc-4359-8995-dfa92f1c77c6\">Download<\/a><\/div>\n<\/div>\n<\/div>\n\n\n\n<div class=\"wp-block-group has-global-padding is-layout-constrained wp-container-core-group-is-layout-3c46939c wp-block-group-is-layout-constrained\" style=\"padding-top:var(--wp--preset--spacing--30);padding-right:0;padding-bottom:var(--wp--preset--spacing--30);padding-left:0\">\n<h3 class=\"wp-block-heading\">Acabas de mudarte a Basel?<\/h3>\n\n\n\n<p>La p\u00e1gina web \u201c<a href=\"https:\/\/www.hallo-baselstadt.ch\/\" target=\"_blank\" rel=\"noreferrer noopener\"><strong>Hello Basel-Stadt<\/strong><\/a>\u201d ofrece informaciones en 20 idiomas para un buen comienzo en Basel.<\/p>\n<\/div>\n\n\n\n<p><\/p>\n","protected":false},"excerpt":{"rendered":"<p>Desde el 01.01.2026, el stalking es un delito en Suiza. El stalking significa que una persona te acosa, te persigue o te amenaza de forma repetida, incluso cuando has dejado en claro que no quieres tener contacto con esa persona. Si respondes \u201cs\u00ed\u201d a varias preguntas, puede tratarse de stalking. \u00a1TIENES DERECHO A PROTECCI\u00d3N Y &hellip;<\/p>\n","protected":false},"author":1,"featured_media":377,"parent":0,"menu_order":0,"comment_status":"closed","ping_status":"closed","template":"","meta":{"_genesis_block_theme_hide_title":false,"footnotes":""},"class_list":["post-627","page","type-page","status-publish","has-post-thumbnail","hentry","post","with-featured-image"],"_links":{"self":[{"href":"https:\/\/aliena.ch\/es\/wp-json\/wp\/v2\/pages\/627","targetHints":{"allow":["GET"]}}],"collection":[{"href":"https:\/\/aliena.ch\/es\/wp-json\/wp\/v2\/pages"}],"about":[{"href":"https:\/\/aliena.ch\/es\/wp-json\/wp\/v2\/types\/page"}],"author":[{"embeddable":true,"href":"https:\/\/aliena.ch\/es\/wp-json\/wp\/v2\/users\/1"}],"replies":[{"embeddable":true,"href":"https:\/\/aliena.ch\/es\/wp-json\/wp\/v2\/comments?post=627"}],"version-history":[{"count":12,"href":"https:\/\/aliena.ch\/es\/wp-json\/wp\/v2\/pages\/627\/revisions"}],"predecessor-version":[{"id":4101,"href":"https:\/\/aliena.ch\/es\/wp-json\/wp\/v2\/pages\/627\/revisions\/4101"}],"wp:featuredmedia":[{"embeddable":true,"href":"https:\/\/aliena.ch\/es\/wp-json\/wp\/v2\/media\/377"}],"wp:attachment":[{"href":"https:\/\/aliena.ch\/es\/wp-json\/wp\/v2\/media?parent=627"}],"curies":[{"name":"wp","href":"https:\/\/api.w.org\/{rel}","templated":true}]}}