{"id":3090,"date":"2024-11-13T08:46:02","date_gmt":"2024-11-13T08:46:02","guid":{"rendered":"https:\/\/aliena.ch\/?page_id=3090"},"modified":"2026-04-02T07:36:55","modified_gmt":"2026-04-02T07:36:55","slug":"lo-que-ofrecemos","status":"publish","type":"page","link":"https:\/\/aliena.ch\/es\/lo-que-ofrecemos\/","title":{"rendered":"Que ofrecemos"},"content":{"rendered":"\n<div class=\"wp-block-aab-group-accordion aagb_accordion_d32a7cad-67c1-4dbb-97e4-36036312e041 custom-css-block\" id=\"group-accordion-d32a7cad-67c1-4dbb-97e4-36036312e041\">\n<div class=\"wp-block-aab-accordion-item aagb__accordion_container panel\"><div class=\"aagb__accordion_head aagb_right_icon\"><div class=\"aagb__accordion_heading aagb_right_icon\"><div class=\"head_content_wrapper\"><div class=\"title_wrapper\"><h5 class=\"aagb__accordion_title\">\u00bfTienes alguna pregunta, buscas informaci\u00f3n o apoyo?<\/h5><\/div><\/div><\/div><div class=\"aagb__accordion_icon\"><div class=\"aagb__icon_dashicons_box\"><span class=\"aagb__icon dashicons dashicons-plus-alt2\"><\/span><\/div><\/div><\/div><div class=\"aagb__accordion_body  \" role=\"region\"><div class=\"aagb__accordion_component\" data-contentcount=\"300\">\n<p>Con mucho gusto te asesoraremos en persona, por tel\u00e9fono o por escrito. Nuestro asesoramiento es gratuito, an\u00f3nimo y confidencial. Ofrecemos asesoramiento en alem\u00e1n, ingl\u00e9s, franc\u00e9s, italiano, espa\u00f1ol y polaco, incluso trabajamos con int\u00e9rpretes si es necesario. Tambi\u00e9n podemos recomendarte y acompa\u00f1arte a otros centros y especialistas. Cualquier pregunta que tengas, toma contacto con nosotras.&nbsp;<\/p>\n<\/div><\/div><\/div>\n\n\n\n<div class=\"wp-block-aab-accordion-item aagb__accordion_container panel\"><div class=\"aagb__accordion_head\"><div class=\"aagb__accordion_heading\"><div class=\"head_content_wrapper\"><div class=\"title_wrapper\"><h5 class=\"aagb__accordion_title\">\u00bfQuieres aprender alem\u00e1n?<\/h5><\/div><\/div><\/div><div class=\"aagb__accordion_icon\"><div class=\"aagb__icon_dashicons_box\"><span class=\"aagb__icon dashicons dashicons-plus-alt2\"><\/span><\/div><\/div><\/div><div class=\"aagb__accordion_body  \" role=\"region\"><div class=\"aagb__accordion_component\" data-contentcount=\"300\">\n<p>Ofrecemos cursos de alem\u00e1n gratuitos. Aqu\u00ed podr\u00e1s aprender palabras y frases \u00fatiles para la vida cotidiana en Basilea, para el contacto con clientes o con el\/la encargado\/a del establecimiento.<\/p>\n\n\n\n<p>Puedes unirte en cualquier momento que desees.<\/p>\n<\/div><\/div><\/div>\n\n\n\n<div class=\"wp-block-aab-accordion-item aagb__accordion_container panel\"><div class=\"aagb__accordion_head\"><div class=\"aagb__accordion_heading\"><div class=\"head_content_wrapper\"><div class=\"title_wrapper\"><h5 class=\"aagb__accordion_title\">\u00bfTe sientes enferma?<\/h5><\/div><\/div><\/div><div class=\"aagb__accordion_icon\"><div class=\"aagb__icon_dashicons_box\"><span class=\"aagb__icon dashicons dashicons-plus-alt2\"><\/span><\/div><\/div><\/div><div class=\"aagb__accordion_body  \" role=\"region\"><div class=\"aagb__accordion_component\" data-contentcount=\"300\">\n<p>\u00bfTienes dolores? \u00bfEst\u00e1s tomando medicamentos recetados, pero no tienes suficiente para tu estancia en Basilea? \u00bfQuisieras hacerte una prueba de ITS (infecciones de transmisi\u00f3n sexual) o VIH? \u00bfEst\u00e1s embarazada o tienes dudas de estar embarazada? \u00bfTe sientes triste, nerviosa, ansiosa o angustiada?<\/p>\n\n\n\n<p>Podemos recomendarte o acompa\u00f1arte a un m\u00e9dico o una m\u00e9dica para que te examinen y, si es necesario, te recetar\u00e1n medicamentos. Si no tienes seguro m\u00e9dico en Suiza, encontraremos una soluci\u00f3n.<\/p>\n<\/div><\/div><\/div>\n\n\n\n<div class=\"wp-block-aab-accordion-item aagb__accordion_container panel\"><div class=\"aagb__accordion_head\"><div class=\"aagb__accordion_heading\"><div class=\"head_content_wrapper\"><div class=\"title_wrapper\"><h5 class=\"aagb__accordion_title\">\u00bfTe gustar\u00eda aprender estrategias de seguridad y protecci\u00f3n?<\/h5><\/div><\/div><\/div><div class=\"aagb__accordion_icon\"><div class=\"aagb__icon_dashicons_box\"><span class=\"aagb__icon dashicons dashicons-plus-alt2\"><\/span><\/div><\/div><\/div><div class=\"aagb__accordion_body  \" role=\"region\"><div class=\"aagb__accordion_component\" data-contentcount=\"300\">\n<p>1. \u00bfQuieres aprender a poner l\u00edmites con autoconfianza, y a defenderte f\u00edsicamente en situaciones violentas? Entonces ven al taller de defensa personal: 29 de octubre de 2025, 13:00 &#8211; 14:00<\/p>\n\n\n\n<p>2. \u00bfTe interesa conocer diferentes estrategias de seguridad y protecci\u00f3n en el trabajo? \u00bfTe interesar\u00eda que una trabajadora sexual con experiencia te ense\u00f1e c\u00f3mo protegerte en situaciones cr\u00edticas? Entonces ven al taller con Edina: junio 2025, 13:00 &#8211; 14:00<\/p>\n\n\n\n<p>3. \u00bfQuieres aprender c\u00f3mo hacer una llamada de emergencia y c\u00f3mo funciona el proceso de hacer una denuncia? \u00bfQuieres saber m\u00e1s sobre tus derechos como v\u00edctima de un delito violento?<\/p>\n\n\n\n<p>Entonces participa del taller con la polic\u00eda cantonal de la ciudad de Basel: 9 de abril de 2025, de 13:00 a 14:00 horas. Si es necesario, podemos traducir desde el equipo u organizar una traducci\u00f3n.<\/p>\n<\/div><\/div><\/div>\n\n\n\n<div class=\"wp-block-aab-accordion-item aagb__accordion_container panel\"><div class=\"aagb__accordion_head\"><div class=\"aagb__accordion_heading\"><div class=\"head_content_wrapper\"><div class=\"title_wrapper\"><h5 class=\"aagb__accordion_title\">\u00bfGanas de una pausa con un almuerzo e intercambio con otras personas?<\/h5><\/div><\/div><\/div><div class=\"aagb__accordion_icon\"><div class=\"aagb__icon_dashicons_box\"><span class=\"aagb__icon dashicons dashicons-plus-alt2\"><\/span><\/div><\/div><\/div><div class=\"aagb__accordion_body  \" role=\"region\"><div class=\"aagb__accordion_component\" data-contentcount=\"300\">\n<p><strong>Lugar de encuentro a la hora del almuerzo<\/strong><\/p>\n\n\n\n<p>\u00bfQuieres conocer a personas nuevas? \u00bfConocer mejor Aliena? \u00bfO darte un peque\u00f1o respiro? Todos los mi\u00e9rcoles ofrecemos un almuerzo fresco y casero gratuitamente.<\/p>\n\n\n\n<p>Durante el punto de encuentro, cada dos semanas, existe la posibilidad de disfrutar de un masaje corporal profesional.<\/p>\n\n\n\n<p>Una vez al mes, Rahab (Ej\u00e9rcito de Salvaci\u00f3n) y el personal de asesoramiento de SiTa (Iglesia Cat\u00f3lica Romana) ofrecen atenci\u00f3n pastoral. Puedes hablar con ellas, rezar y\/o hacer algo creativo.<\/p>\n\n\n\n<p><strong>Puertas Abiertas<\/strong><\/p>\n\n\n\n<p>\u00bfNecesitas un breve descanso?<\/p>\n\n\n\n<p>Ven a Aliena durante el horario de apertura y rel\u00e1jate en un ambiente tranquilo con un t\u00e9, un caf\u00e9 o una bebida fr\u00eda. Si tienes alguna pregunta, estaremos encantados de conversar contigo o fijar una cita de asesoramiento.<\/p>\n<\/div><\/div><\/div>\n\n\n\n<div class=\"wp-block-aab-accordion-item aagb__accordion_container panel\"><div class=\"aagb__accordion_head\"><div class=\"aagb__accordion_heading\"><div class=\"head_content_wrapper\"><div class=\"title_wrapper\"><h5 class=\"aagb__accordion_title\">\u00bfDebes buscar tu confirmaci\u00f3n de inscripci\u00f3n en Aliena?<\/h5><\/div><\/div><\/div><div class=\"aagb__accordion_icon\"><div class=\"aagb__icon_dashicons_box\"><span class=\"aagb__icon dashicons dashicons-plus-alt2\"><\/span><\/div><\/div><\/div><div class=\"aagb__accordion_body  \" role=\"region\"><div class=\"aagb__accordion_component\" data-contentcount=\"300\">\n<p>Presencia de la Oficina de Econom\u00eda y Trabajo (confirmaci\u00f3n de registro) en Aliena:<br>lunes, mi\u00e9rcoles y viernes de 9.00 a 12.00 horas.<\/p>\n\n\n\n<p>Estamos a tu disposici\u00f3n durante estas horas. Te informaremos sobre tus derechos y obligaciones, los servicios que ofrece Aliena, direcciones de contacto en Basilea, por ejemplo, n\u00fameros de tel\u00e9fono de emergencia y de puntos de contacto sociales y m\u00e9dicos. Si tienes alguna pregunta o necesitas apoyo, podemos hablarlo directamente o fijar una cita de asesoramiento.<\/p>\n<\/div><\/div><\/div>\n\n\n\n<div class=\"wp-block-aab-accordion-item aagb__accordion_container panel\"><div class=\"aagb__accordion_head\"><div class=\"aagb__accordion_heading\"><div class=\"head_content_wrapper\"><div class=\"title_wrapper\"><h5 class=\"aagb__accordion_title\">\u00bfNecesitas un lugar donde retirarte?<\/h5><\/div><\/div><\/div><div class=\"aagb__accordion_icon\"><div class=\"aagb__icon_dashicons_box\"><span class=\"aagb__icon dashicons dashicons-plus-alt2\"><\/span><\/div><\/div><\/div><div class=\"aagb__accordion_body  \" role=\"region\"><div class=\"aagb__accordion_component\" data-contentcount=\"300\">\n<p>Durante las horas de apertura de nuestro centro de asesoramiento, puedes retirarte a nuestra sala c\u00f3modamente amueblada y relajarte all\u00ed.<\/p>\n<\/div><\/div><\/div>\n\n\n\n<div class=\"wp-block-aab-accordion-item aagb__accordion_container panel\"><div class=\"aagb__accordion_head\"><div class=\"aagb__accordion_heading\"><div class=\"head_content_wrapper\"><div class=\"title_wrapper\"><h5 class=\"aagb__accordion_title\">\u00bfFalta algo en la oferta de Aliena?<\/h5><\/div><\/div><\/div><div class=\"aagb__accordion_icon\"><div class=\"aagb__icon_dashicons_box\"><span class=\"aagb__icon dashicons dashicons-plus-alt2\"><\/span><\/div><\/div><\/div><div class=\"aagb__accordion_body  \" role=\"region\"><div class=\"aagb__accordion_component\" data-contentcount=\"300\">\n<p>Esperamos tus comentarios. Puedes hacerlo por correo electr\u00f3nico, tel\u00e9fono o formulario de contacto. Encontraras toda la informaci\u00f3n en \u201cContacto\u201d.<\/p>\n<\/div><\/div><\/div>\n<\/div>\n","protected":false},"excerpt":{"rendered":"","protected":false},"author":1,"featured_media":2774,"parent":0,"menu_order":0,"comment_status":"closed","ping_status":"closed","template":"","meta":{"_genesis_block_theme_hide_title":false,"footnotes":""},"class_list":["post-3090","page","type-page","status-publish","has-post-thumbnail","hentry","post","with-featured-image"],"_links":{"self":[{"href":"https:\/\/aliena.ch\/es\/wp-json\/wp\/v2\/pages\/3090","targetHints":{"allow":["GET"]}}],"collection":[{"href":"https:\/\/aliena.ch\/es\/wp-json\/wp\/v2\/pages"}],"about":[{"href":"https:\/\/aliena.ch\/es\/wp-json\/wp\/v2\/types\/page"}],"author":[{"embeddable":true,"href":"https:\/\/aliena.ch\/es\/wp-json\/wp\/v2\/users\/1"}],"replies":[{"embeddable":true,"href":"https:\/\/aliena.ch\/es\/wp-json\/wp\/v2\/comments?post=3090"}],"version-history":[{"count":7,"href":"https:\/\/aliena.ch\/es\/wp-json\/wp\/v2\/pages\/3090\/revisions"}],"predecessor-version":[{"id":4104,"href":"https:\/\/aliena.ch\/es\/wp-json\/wp\/v2\/pages\/3090\/revisions\/4104"}],"wp:featuredmedia":[{"embeddable":true,"href":"https:\/\/aliena.ch\/es\/wp-json\/wp\/v2\/media\/2774"}],"wp:attachment":[{"href":"https:\/\/aliena.ch\/es\/wp-json\/wp\/v2\/media?parent=3090"}],"curies":[{"name":"wp","href":"https:\/\/api.w.org\/{rel}","templated":true}]}}