{"id":544,"date":"2021-07-28T09:47:16","date_gmt":"2021-07-28T09:47:16","guid":{"rendered":"http:\/\/h189665.web1.servicehoster.ch\/?page_id=544"},"modified":"2026-03-17T08:10:41","modified_gmt":"2026-03-17T08:10:41","slug":"information","status":"publish","type":"page","link":"https:\/\/aliena.ch\/en\/information\/","title":{"rendered":"Information"},"content":{"rendered":"\n<h3 class=\"wp-block-heading\">Since 1 January, 2026, stalking has been a criminal offence in Switzerland.<\/h3>\n\n\n\n<p>Stalking means that a person repeatedly harasses, follows or threatens you, even though you do not want any contact.<\/p>\n\n\n\n<ul class=\"wp-block-list\">\n<li>Do you constantly receive messages or calls from the same person \u2013 even at night or at unusual times?<\/li>\n\n\n\n<li>Does the person show up unexpectedly and unwanted at your place?<\/li>\n\n\n\n<li>Do you feel like you are being watched or followed?<\/li>\n\n\n\n<li>Is someone threatening to publish or share photos or videos of you?<\/li>\n\n\n\n<li>Do you receive unwanted gifts?<\/li>\n\n\n\n<li>Have you clearly said that you do not want any contact \u2013 and it continues anyway?<\/li>\n<\/ul>\n\n\n\n<p>If you answer \u201c<strong>yes<\/strong>\u201d to several of these questions, it may be stalking.<\/p>\n\n\n\n<p><strong>YOU HAVE THE RIGHT TO PROTECTION AND SUPPORT!<\/strong><\/p>\n\n\n\n<div style=\"height:30px\" aria-hidden=\"true\" class=\"wp-block-spacer\"><\/div>\n\n\n\n<h3 class=\"wp-block-heading\">Do you work as a sex worker in Switzerland?<\/h3>\n\n\n\n<p>In the <strong>Lexi App<\/strong> you will find all the important information that Lexi App provides on &nbsp;questions about safety, health, work, taxes and social security.<br>The Lexi App is available in the following languages: Deutsch, English, Fran\u00e7ais, Italiano, Espa\u00f1ol, Portugu\u00eas, Rom\u00e2n\u0103, Magyar, \u0431\u044a\u043b\u0433\u0430\u0440\u0441\u043a\u0438, Polski, \u0e44\u0e17\u0e22, slovensk\u00fd<\/p>\n\n\n\n<div class=\"wp-block-buttons is-layout-flex wp-block-buttons-is-layout-flex\">\n<div class=\"wp-block-button is-style-fill\"><a class=\"wp-block-button__link wp-element-button\" href=\"https:\/\/play.google.com\/store\/apps\/details?id=ch.renuo.procore&amp;hl=de_CH&amp;pli=1\">Download the App for Android<\/a><\/div>\n\n\n\n<div class=\"wp-block-button is-style-fill\"><a class=\"wp-block-button__link wp-element-button\" href=\"https:\/\/apps.apple.com\/ch\/app\/lexi-app\/id1347841110\">Download the App for iPhone<\/a><\/div>\n<\/div>\n\n\n\n<div class=\"wp-block-group has-global-padding is-layout-constrained wp-container-core-group-is-layout-dd4b47f6 wp-block-group-is-layout-constrained\" style=\"margin-top:var(--wp--preset--spacing--20);padding-top:var(--wp--preset--spacing--30);padding-right:0;padding-bottom:var(--wp--preset--spacing--20);padding-left:0\">\n<div class=\"wp-block-columns is-layout-flex wp-container-core-columns-is-layout-658170e2 wp-block-columns-is-layout-flex\">\n<div class=\"wp-block-column is-vertically-aligned-center is-layout-flow wp-block-column-is-layout-flow\">\n<h3 class=\"wp-block-heading\">Would you like to know how to proceed in order to be able to work here legally? <\/h3>\n\n\n\n<p>In this tool by <a href=\"https:\/\/procore-info.ch\/\" target=\"_blank\" rel=\"noreferrer noopener\"><strong>ProCoRe<\/strong><\/a>, the Swiss Network for the rights of sex workers, you will find answers to these questions and much more information.<\/p>\n\n\n\n<p><\/p>\n<\/div>\n\n\n\n<div class=\"wp-block-column is-layout-flow wp-block-column-is-layout-flow\">\n<figure class=\"wp-block-image size-large has-custom-border\"><a href=\"https:\/\/procore-info.ch\/\"><img loading=\"lazy\" decoding=\"async\" width=\"1024\" height=\"508\" src=\"https:\/\/aliena.ch\/wp-content\/uploads\/2024\/11\/ProCore_banner_2267x1125px_RGB_EN-1024x508.jpg\" alt=\"\" class=\"has-border-color has-base-2-border-color wp-image-3000\" style=\"border-width:5px;box-shadow:var(--wp--preset--shadow--natural);object-fit:cover\" srcset=\"https:\/\/aliena.ch\/wp-content\/uploads\/2024\/11\/ProCore_banner_2267x1125px_RGB_EN-1024x508.jpg 1024w, https:\/\/aliena.ch\/wp-content\/uploads\/2024\/11\/ProCore_banner_2267x1125px_RGB_EN-300x149.jpg 300w, https:\/\/aliena.ch\/wp-content\/uploads\/2024\/11\/ProCore_banner_2267x1125px_RGB_EN-768x381.jpg 768w, https:\/\/aliena.ch\/wp-content\/uploads\/2024\/11\/ProCore_banner_2267x1125px_RGB_EN-1536x762.jpg 1536w, https:\/\/aliena.ch\/wp-content\/uploads\/2024\/11\/ProCore_banner_2267x1125px_RGB_EN-2048x1016.jpg 2048w, https:\/\/aliena.ch\/wp-content\/uploads\/2024\/11\/ProCore_banner_2267x1125px_RGB_EN-1200x596.jpg 1200w, https:\/\/aliena.ch\/wp-content\/uploads\/2024\/11\/ProCore_banner_2267x1125px_RGB_EN-1400x695.jpg 1400w\" sizes=\"auto, (max-width: 1024px) 100vw, 1024px\" \/><\/a><\/figure>\n<\/div>\n<\/div>\n<\/div>\n\n\n\n<div class=\"wp-block-group has-global-padding is-layout-constrained wp-container-core-group-is-layout-d88597d8 wp-block-group-is-layout-constrained\" style=\"padding-top:var(--wp--preset--spacing--10);padding-right:0;padding-bottom:var(--wp--preset--spacing--30);padding-left:0\">\n<h3 class=\"wp-block-heading\">Do you work in Basel? <\/h3>\n\n\n\n<p>In the flyer Round Table Prostitution of the Justice and Security Department of Basel city you will find the most important telephone numbers and information.<\/p>\n\n\n\n<div class=\"wp-block-group is-nowrap is-layout-flex wp-container-core-group-is-layout-6c531013 wp-block-group-is-layout-flex\">\n<p><a href=\"https:\/\/www.jsd.bs.ch\/themen\/prostitution\/informationen--hilfe-und-beratung-f-r-sexarbeiter_innen.html\"><strong>https:\/\/www.jsd.bs.ch<\/strong><\/a><\/p>\n\n\n\n<p>|<\/p>\n\n\n\n<div class=\"wp-block-file\"><a id=\"wp-block-file--media-b7ed9151-9e94-4773-adb5-60dbf1cbbb64\" href=\"https:\/\/aliena.ch\/wp-content\/uploads\/2024\/11\/Kapo_Sexarbeiterinnen_Leporello__Kapo_Sexarbeiterinnen_Leporello_E_new.pdf\"><strong>Flyer<\/strong><\/a><a href=\"https:\/\/aliena.ch\/wp-content\/uploads\/2024\/11\/Kapo_Sexarbeiterinnen_Leporello__Kapo_Sexarbeiterinnen_Leporello_E_new.pdf\" class=\"wp-block-file__button wp-element-button\" download aria-describedby=\"wp-block-file--media-b7ed9151-9e94-4773-adb5-60dbf1cbbb64\">Download<\/a><\/div>\n<\/div>\n<\/div>\n\n\n\n<div class=\"wp-block-group has-global-padding is-layout-constrained wp-container-core-group-is-layout-3c46939c wp-block-group-is-layout-constrained\" style=\"padding-top:var(--wp--preset--spacing--30);padding-right:0;padding-bottom:var(--wp--preset--spacing--30);padding-left:0\">\n<h3 class=\"wp-block-heading\">Have you just moved to Basel? <\/h3>\n\n\n\n<p>The \u201c<a href=\"https:\/\/www.hallo-baselstadt.ch\/\" target=\"_blank\" rel=\"noreferrer noopener\"><strong>Hello Basel-Stadt<\/strong><\/a>\u201d website offers information in 20 languages for a good start in Basel.<\/p>\n<\/div>\n\n\n\n<p><\/p>\n","protected":false},"excerpt":{"rendered":"<p>Since 1 January, 2026, stalking has been a criminal offence in Switzerland. Stalking means that a person repeatedly harasses, follows or threatens you, even though you do not want any contact. If you answer \u201cyes\u201d to several of these questions, it may be stalking. YOU HAVE THE RIGHT TO PROTECTION AND SUPPORT! Do you work &hellip;<\/p>\n","protected":false},"author":1,"featured_media":370,"parent":0,"menu_order":0,"comment_status":"closed","ping_status":"closed","template":"","meta":{"_genesis_block_theme_hide_title":false,"footnotes":""},"class_list":["post-544","page","type-page","status-publish","has-post-thumbnail","hentry","post","with-featured-image"],"_links":{"self":[{"href":"https:\/\/aliena.ch\/en\/wp-json\/wp\/v2\/pages\/544","targetHints":{"allow":["GET"]}}],"collection":[{"href":"https:\/\/aliena.ch\/en\/wp-json\/wp\/v2\/pages"}],"about":[{"href":"https:\/\/aliena.ch\/en\/wp-json\/wp\/v2\/types\/page"}],"author":[{"embeddable":true,"href":"https:\/\/aliena.ch\/en\/wp-json\/wp\/v2\/users\/1"}],"replies":[{"embeddable":true,"href":"https:\/\/aliena.ch\/en\/wp-json\/wp\/v2\/comments?post=544"}],"version-history":[{"count":43,"href":"https:\/\/aliena.ch\/en\/wp-json\/wp\/v2\/pages\/544\/revisions"}],"predecessor-version":[{"id":4089,"href":"https:\/\/aliena.ch\/en\/wp-json\/wp\/v2\/pages\/544\/revisions\/4089"}],"wp:featuredmedia":[{"embeddable":true,"href":"https:\/\/aliena.ch\/en\/wp-json\/wp\/v2\/media\/370"}],"wp:attachment":[{"href":"https:\/\/aliena.ch\/en\/wp-json\/wp\/v2\/media?parent=544"}],"curies":[{"name":"wp","href":"https:\/\/api.w.org\/{rel}","templated":true}]}}